{"id":33573,"date":"2025-03-11T14:37:37","date_gmt":"2025-03-11T14:37:37","guid":{"rendered":"https:\/\/loerakkerledline.nl\/formulaire-de-campagne-active-contact\/"},"modified":"2025-12-13T16:13:20","modified_gmt":"2025-12-13T16:13:20","slug":"formulaire-de-campagne-active-contact","status":"publish","type":"page","link":"https:\/\/loerakkerledline.nl\/fr\/formulaire-de-campagne-active-contact\/","title":{"rendered":"Formulaire de campagne active -contact"},"content":{"rendered":"\n<div style=\"height:35px\" aria-hidden=\"true\" class=\"wp-block-spacer\"><\/div>\n\n<h2 class=\"wp-block-heading has-text-align-center\">Le chemin le plus rapide vers une nouvelle exp\u00e9rience lumineuse<\/h2>\n\n<div class=\"wp-block-columns has-3-columns\">\n<div class=\"wp-block-column\" style=\"flex-basis:25%\"><\/div>\n\n\n\n<div class=\"wp-block-column\" style=\"flex-basis:50%\">\n<p>Un contact direct avec les cr\u00e9ateurs du meilleur \u00e9clairage indirect du march\u00e9 ? Remplissez vos coordonn\u00e9es et nous vous contacterons dans la journ\u00e9e ! <\/p>\n<\/div>\n\n\n\n<div class=\"wp-block-column\" style=\"flex-basis:25%\"><\/div>\n<\/div>\n\n<div class=\"_form_51\"><\/div>\n\n<div style=\"height:24px\" aria-hidden=\"true\" class=\"wp-block-spacer\"><\/div>\n","protected":false},"excerpt":{"rendered":"<p>Le chemin le plus rapide vers une nouvelle exp\u00e9rience lumineuse Un contact direct avec les cr\u00e9ateurs du meilleur \u00e9clairage indirect du march\u00e9 ? Remplissez vos coordonn\u00e9es et nous vous contacterons dans la journ\u00e9e !<\/p>\n","protected":false},"author":12,"featured_media":0,"parent":0,"menu_order":0,"comment_status":"closed","ping_status":"closed","template":"","meta":{"_acf_changed":false,"footnotes":""},"class_list":["post-33573","page","type-page","status-publish","hentry"],"acf":[],"yoast_head":"<!-- This site is optimized with the Yoast SEO plugin v27.1 - https:\/\/yoast.com\/product\/yoast-seo-wordpress\/ -->\n<title>Formulaire de campagne active -contact - Loerakker Ledline<\/title>\n<meta name=\"robots\" content=\"index, follow, max-snippet:-1, max-image-preview:large, max-video-preview:-1\" \/>\n<link rel=\"canonical\" href=\"https:\/\/loerakkerledline.nl\/fr\/formulaire-de-campagne-active-contact\/\" \/>\n<meta property=\"og:locale\" content=\"fr_FR\" \/>\n<meta property=\"og:type\" content=\"article\" \/>\n<meta property=\"og:title\" content=\"Formulaire de campagne active -contact - Loerakker Ledline\" \/>\n<meta property=\"og:description\" content=\"Le chemin le plus rapide vers une nouvelle exp\u00e9rience lumineuse Un contact direct avec les cr\u00e9ateurs du meilleur \u00e9clairage indirect du march\u00e9 ? Remplissez vos coordonn\u00e9es et nous vous contacterons dans la journ\u00e9e !\" \/>\n<meta property=\"og:url\" content=\"https:\/\/loerakkerledline.nl\/fr\/formulaire-de-campagne-active-contact\/\" \/>\n<meta property=\"og:site_name\" content=\"Loerakker Ledline\" \/>\n<meta property=\"article:modified_time\" content=\"2025-12-13T16:13:20+00:00\" \/>\n<meta name=\"twitter:card\" content=\"summary_large_image\" \/>\n<script type=\"application\/ld+json\" class=\"yoast-schema-graph\">{\"@context\":\"https:\/\/schema.org\",\"@graph\":[{\"@type\":\"WebPage\",\"@id\":\"https:\/\/loerakkerledline.nl\/fr\/formulaire-de-campagne-active-contact\/\",\"url\":\"https:\/\/loerakkerledline.nl\/fr\/formulaire-de-campagne-active-contact\/\",\"name\":\"Formulaire de campagne active -contact - Loerakker Ledline\",\"isPartOf\":{\"@id\":\"https:\/\/loerakkerledline.nl\/#website\"},\"datePublished\":\"2025-03-11T14:37:37+00:00\",\"dateModified\":\"2025-12-13T16:13:20+00:00\",\"breadcrumb\":{\"@id\":\"https:\/\/loerakkerledline.nl\/fr\/formulaire-de-campagne-active-contact\/#breadcrumb\"},\"inLanguage\":\"fr-FR\",\"potentialAction\":[{\"@type\":\"ReadAction\",\"target\":[\"https:\/\/loerakkerledline.nl\/fr\/formulaire-de-campagne-active-contact\/\"]}]},{\"@type\":\"BreadcrumbList\",\"@id\":\"https:\/\/loerakkerledline.nl\/fr\/formulaire-de-campagne-active-contact\/#breadcrumb\",\"itemListElement\":[{\"@type\":\"ListItem\",\"position\":1,\"name\":\"Home\",\"item\":\"https:\/\/loerakkerledline.nl\/fr\/\"},{\"@type\":\"ListItem\",\"position\":2,\"name\":\"Formulaire de campagne active -contact\"}]},{\"@type\":\"WebSite\",\"@id\":\"https:\/\/loerakkerledline.nl\/#website\",\"url\":\"https:\/\/loerakkerledline.nl\/\",\"name\":\"Loerakker Ledline\",\"description\":\"\",\"potentialAction\":[{\"@type\":\"SearchAction\",\"target\":{\"@type\":\"EntryPoint\",\"urlTemplate\":\"https:\/\/loerakkerledline.nl\/?s={search_term_string}\"},\"query-input\":{\"@type\":\"PropertyValueSpecification\",\"valueRequired\":true,\"valueName\":\"search_term_string\"}}],\"inLanguage\":\"fr-FR\"}]}<\/script>\n<!-- \/ Yoast SEO plugin. -->","yoast_head_json":{"title":"Formulaire de campagne active -contact - Loerakker Ledline","robots":{"index":"index","follow":"follow","max-snippet":"max-snippet:-1","max-image-preview":"max-image-preview:large","max-video-preview":"max-video-preview:-1"},"canonical":"https:\/\/loerakkerledline.nl\/fr\/formulaire-de-campagne-active-contact\/","og_locale":"fr_FR","og_type":"article","og_title":"Formulaire de campagne active -contact - Loerakker Ledline","og_description":"Le chemin le plus rapide vers une nouvelle exp\u00e9rience lumineuse Un contact direct avec les cr\u00e9ateurs du meilleur \u00e9clairage indirect du march\u00e9 ? Remplissez vos coordonn\u00e9es et nous vous contacterons dans la journ\u00e9e !","og_url":"https:\/\/loerakkerledline.nl\/fr\/formulaire-de-campagne-active-contact\/","og_site_name":"Loerakker Ledline","article_modified_time":"2025-12-13T16:13:20+00:00","twitter_card":"summary_large_image","schema":{"@context":"https:\/\/schema.org","@graph":[{"@type":"WebPage","@id":"https:\/\/loerakkerledline.nl\/fr\/formulaire-de-campagne-active-contact\/","url":"https:\/\/loerakkerledline.nl\/fr\/formulaire-de-campagne-active-contact\/","name":"Formulaire de campagne active -contact - Loerakker Ledline","isPartOf":{"@id":"https:\/\/loerakkerledline.nl\/#website"},"datePublished":"2025-03-11T14:37:37+00:00","dateModified":"2025-12-13T16:13:20+00:00","breadcrumb":{"@id":"https:\/\/loerakkerledline.nl\/fr\/formulaire-de-campagne-active-contact\/#breadcrumb"},"inLanguage":"fr-FR","potentialAction":[{"@type":"ReadAction","target":["https:\/\/loerakkerledline.nl\/fr\/formulaire-de-campagne-active-contact\/"]}]},{"@type":"BreadcrumbList","@id":"https:\/\/loerakkerledline.nl\/fr\/formulaire-de-campagne-active-contact\/#breadcrumb","itemListElement":[{"@type":"ListItem","position":1,"name":"Home","item":"https:\/\/loerakkerledline.nl\/fr\/"},{"@type":"ListItem","position":2,"name":"Formulaire de campagne active -contact"}]},{"@type":"WebSite","@id":"https:\/\/loerakkerledline.nl\/#website","url":"https:\/\/loerakkerledline.nl\/","name":"Loerakker Ledline","description":"","potentialAction":[{"@type":"SearchAction","target":{"@type":"EntryPoint","urlTemplate":"https:\/\/loerakkerledline.nl\/?s={search_term_string}"},"query-input":{"@type":"PropertyValueSpecification","valueRequired":true,"valueName":"search_term_string"}}],"inLanguage":"fr-FR"}]}},"_links":{"self":[{"href":"https:\/\/loerakkerledline.nl\/fr\/wp-json\/wp\/v2\/pages\/33573","targetHints":{"allow":["GET"]}}],"collection":[{"href":"https:\/\/loerakkerledline.nl\/fr\/wp-json\/wp\/v2\/pages"}],"about":[{"href":"https:\/\/loerakkerledline.nl\/fr\/wp-json\/wp\/v2\/types\/page"}],"author":[{"embeddable":true,"href":"https:\/\/loerakkerledline.nl\/fr\/wp-json\/wp\/v2\/users\/12"}],"replies":[{"embeddable":true,"href":"https:\/\/loerakkerledline.nl\/fr\/wp-json\/wp\/v2\/comments?post=33573"}],"version-history":[{"count":2,"href":"https:\/\/loerakkerledline.nl\/fr\/wp-json\/wp\/v2\/pages\/33573\/revisions"}],"predecessor-version":[{"id":33575,"href":"https:\/\/loerakkerledline.nl\/fr\/wp-json\/wp\/v2\/pages\/33573\/revisions\/33575"}],"wp:attachment":[{"href":"https:\/\/loerakkerledline.nl\/fr\/wp-json\/wp\/v2\/media?parent=33573"}],"curies":[{"name":"wp","href":"https:\/\/api.w.org\/{rel}","templated":true}]}}