{"id":33571,"date":"2023-05-29T10:47:37","date_gmt":"2023-05-29T10:47:37","guid":{"rendered":"https:\/\/loerakkerledline.nl\/merci-de-vous-abonner-aux-blogs\/"},"modified":"2025-12-13T16:12:51","modified_gmt":"2025-12-13T16:12:51","slug":"merci-de-vous-abonner-aux-blogs","status":"publish","type":"page","link":"https:\/\/loerakkerledline.nl\/fr\/merci-de-vous-abonner-aux-blogs\/","title":{"rendered":"Merci de vous abonner aux blogs"},"content":{"rendered":"\n<p><\/p>\n\n<p><\/p>\n\n<h3 class=\"wp-block-heading\">Merci d&rsquo;avance !<\/h3>\n\n<p><\/p>\n\n<div class=\"wp-block-columns has-2-columns\">\n<div class=\"wp-block-column\">\n<p>D\u00e9sormais, vous recevrez r\u00e9guli\u00e8rement dans votre bo\u00eete aux lettres \u00e9lectronique notre dernier blog avec lequel nous souhaitons vous inspirer. Si vous ne voulez manquer aucune nouvelle entre-temps, suivez-nous sur <g id=\"gid_0\">Linkedin<\/g>. Merci encore de vous \u00eatre abonn\u00e9 !  <\/p>\n\n\n\n<p>Bon \u00e0 savoir : vous pouvez vous d\u00e9sabonner de ces courriels \u00e0 tout moment via le lien de d\u00e9sabonnement que vous recevez avec chaque blog.  <\/p>\n\n\n\n<p><\/p>\n\n\n\n<p>La ligne de t\u00eate de l&rsquo;\u00e9quipe Loerakker<\/p>\n\n\n\n<p><\/p>\n<\/div>\n\n\n\n<div class=\"wp-block-column\">\n<figure class=\"wp-block-image size-full\"><img data-opt-id=952718951  fetchpriority=\"high\" decoding=\"async\" width=\"1024\" height=\"576\" src=\"https:\/\/mlfq4kqdz63e.i.optimole.com\/w:auto\/h:auto\/q:mauto\/g:sm\/f:best\/https:\/\/loerakkerledline.nl\/wp-content\/uploads\/2023\/04\/Loerakker-LedLine-armatuur-1024x576-1.jpg\" alt=\"\" class=\"wp-image-26523\" srcset=\"https:\/\/mlfq4kqdz63e.i.optimole.com\/w:1024\/h:576\/q:mauto\/g:sm\/f:best\/https:\/\/loerakkerledline.nl\/wp-content\/uploads\/2023\/04\/Loerakker-LedLine-armatuur-1024x576-1.jpg 1024w, https:\/\/mlfq4kqdz63e.i.optimole.com\/w:535\/h:301\/q:mauto\/g:sm\/f:best\/https:\/\/loerakkerledline.nl\/wp-content\/uploads\/2023\/04\/Loerakker-LedLine-armatuur-1024x576-1.jpg 535w, https:\/\/mlfq4kqdz63e.i.optimole.com\/w:550\/h:309\/q:mauto\/g:sm\/f:best\/https:\/\/loerakkerledline.nl\/wp-content\/uploads\/2023\/04\/Loerakker-LedLine-armatuur-1024x576-1.jpg 550w, https:\/\/mlfq4kqdz63e.i.optimole.com\/w:90\/h:51\/q:mauto\/g:sm\/f:best\/dpr:2\/https:\/\/loerakkerledline.nl\/wp-content\/uploads\/2023\/04\/Loerakker-LedLine-armatuur-1024x576-1.jpg 90w, https:\/\/mlfq4kqdz63e.i.optimole.com\/w:713\/h:401\/q:mauto\/g:sm\/f:best\/https:\/\/loerakkerledline.nl\/wp-content\/uploads\/2023\/04\/Loerakker-LedLine-armatuur-1024x576-1.jpg 713w\" sizes=\"(max-width: 1000px) 100vw, 1000px\" \/><\/figure>\n<\/div>\n<\/div>\n\n<div style=\"height:100px\" aria-hidden=\"true\" class=\"wp-block-spacer\"><\/div>\n","protected":false},"excerpt":{"rendered":"<p>Merci d&rsquo;avance ! D\u00e9sormais, vous recevrez r\u00e9guli\u00e8rement dans votre bo\u00eete aux lettres \u00e9lectronique notre dernier blog avec lequel nous souhaitons vous inspirer. Si vous ne voulez manquer aucune nouvelle entre-temps, suivez-nous sur Linkedin. Merci encore de vous \u00eatre abonn\u00e9 ! Bon \u00e0 savoir : vous pouvez vous d\u00e9sabonner de ces courriels \u00e0 tout moment via [&hellip;]<\/p>\n","protected":false},"author":9,"featured_media":33491,"parent":0,"menu_order":0,"comment_status":"closed","ping_status":"closed","template":"","meta":{"_acf_changed":false,"footnotes":""},"class_list":["post-33571","page","type-page","status-publish","has-post-thumbnail","hentry"],"acf":[],"yoast_head":"<!-- This site is optimized with the Yoast SEO plugin v27.1 - https:\/\/yoast.com\/product\/yoast-seo-wordpress\/ -->\n<title>Merci de vous abonner aux blogs - Loerakker Ledline<\/title>\n<meta name=\"robots\" content=\"index, follow, max-snippet:-1, max-image-preview:large, max-video-preview:-1\" \/>\n<link rel=\"canonical\" href=\"https:\/\/loerakkerledline.nl\/fr\/merci-de-vous-abonner-aux-blogs\/\" \/>\n<meta property=\"og:locale\" content=\"fr_FR\" \/>\n<meta property=\"og:type\" content=\"article\" \/>\n<meta property=\"og:title\" content=\"Merci de vous abonner aux blogs - Loerakker Ledline\" \/>\n<meta property=\"og:description\" content=\"Merci d&rsquo;avance ! D\u00e9sormais, vous recevrez r\u00e9guli\u00e8rement dans votre bo\u00eete aux lettres \u00e9lectronique notre dernier blog avec lequel nous souhaitons vous inspirer. Si vous ne voulez manquer aucune nouvelle entre-temps, suivez-nous sur Linkedin. Merci encore de vous \u00eatre abonn\u00e9 ! Bon \u00e0 savoir : vous pouvez vous d\u00e9sabonner de ces courriels \u00e0 tout moment via [&hellip;]\" \/>\n<meta property=\"og:url\" content=\"https:\/\/loerakkerledline.nl\/fr\/merci-de-vous-abonner-aux-blogs\/\" \/>\n<meta property=\"og:site_name\" content=\"Loerakker Ledline\" \/>\n<meta property=\"article:modified_time\" content=\"2025-12-13T16:12:51+00:00\" \/>\n<meta property=\"og:image\" content=\"https:\/\/mlfq4kqdz63e.i.optimole.com\/w:auto\/h:auto\/q:mauto\/g:sm\/f:best\/https:\/\/loerakkerledline.nl\/wp-content\/uploads\/2020\/10\/sky.jpg\" \/>\n\t<meta property=\"og:image:width\" content=\"2100\" \/>\n\t<meta property=\"og:image:height\" content=\"1225\" \/>\n\t<meta property=\"og:image:type\" content=\"image\/jpeg\" \/>\n<meta name=\"twitter:card\" content=\"summary_large_image\" \/>\n<script type=\"application\/ld+json\" class=\"yoast-schema-graph\">{\"@context\":\"https:\/\/schema.org\",\"@graph\":[{\"@type\":\"WebPage\",\"@id\":\"https:\/\/loerakkerledline.nl\/fr\/merci-de-vous-abonner-aux-blogs\/\",\"url\":\"https:\/\/loerakkerledline.nl\/fr\/merci-de-vous-abonner-aux-blogs\/\",\"name\":\"Merci de vous abonner aux blogs - Loerakker Ledline\",\"isPartOf\":{\"@id\":\"https:\/\/loerakkerledline.nl\/#website\"},\"primaryImageOfPage\":{\"@id\":\"https:\/\/loerakkerledline.nl\/fr\/merci-de-vous-abonner-aux-blogs\/#primaryimage\"},\"image\":{\"@id\":\"https:\/\/loerakkerledline.nl\/fr\/merci-de-vous-abonner-aux-blogs\/#primaryimage\"},\"thumbnailUrl\":\"https:\/\/mlfq4kqdz63e.i.optimole.com\/w:auto\/h:auto\/q:mauto\/g:sm\/f:best\/https:\/\/loerakkerledline.nl\/wp-content\/uploads\/2020\/10\/sky.jpg\",\"datePublished\":\"2023-05-29T10:47:37+00:00\",\"dateModified\":\"2025-12-13T16:12:51+00:00\",\"breadcrumb\":{\"@id\":\"https:\/\/loerakkerledline.nl\/fr\/merci-de-vous-abonner-aux-blogs\/#breadcrumb\"},\"inLanguage\":\"fr-FR\",\"potentialAction\":[{\"@type\":\"ReadAction\",\"target\":[\"https:\/\/loerakkerledline.nl\/fr\/merci-de-vous-abonner-aux-blogs\/\"]}]},{\"@type\":\"ImageObject\",\"inLanguage\":\"fr-FR\",\"@id\":\"https:\/\/loerakkerledline.nl\/fr\/merci-de-vous-abonner-aux-blogs\/#primaryimage\",\"url\":\"https:\/\/mlfq4kqdz63e.i.optimole.com\/w:auto\/h:auto\/q:mauto\/g:sm\/f:best\/https:\/\/loerakkerledline.nl\/wp-content\/uploads\/2020\/10\/sky.jpg\",\"contentUrl\":\"https:\/\/mlfq4kqdz63e.i.optimole.com\/w:auto\/h:auto\/q:mauto\/g:sm\/f:best\/https:\/\/loerakkerledline.nl\/wp-content\/uploads\/2020\/10\/sky.jpg\",\"width\":2100,\"height\":1225},{\"@type\":\"BreadcrumbList\",\"@id\":\"https:\/\/loerakkerledline.nl\/fr\/merci-de-vous-abonner-aux-blogs\/#breadcrumb\",\"itemListElement\":[{\"@type\":\"ListItem\",\"position\":1,\"name\":\"Home\",\"item\":\"https:\/\/loerakkerledline.nl\/fr\/\"},{\"@type\":\"ListItem\",\"position\":2,\"name\":\"Merci de vous abonner aux blogs\"}]},{\"@type\":\"WebSite\",\"@id\":\"https:\/\/loerakkerledline.nl\/#website\",\"url\":\"https:\/\/loerakkerledline.nl\/\",\"name\":\"Loerakker Ledline\",\"description\":\"\",\"potentialAction\":[{\"@type\":\"SearchAction\",\"target\":{\"@type\":\"EntryPoint\",\"urlTemplate\":\"https:\/\/loerakkerledline.nl\/?s={search_term_string}\"},\"query-input\":{\"@type\":\"PropertyValueSpecification\",\"valueRequired\":true,\"valueName\":\"search_term_string\"}}],\"inLanguage\":\"fr-FR\"}]}<\/script>\n<!-- \/ Yoast SEO plugin. -->","yoast_head_json":{"title":"Merci de vous abonner aux blogs - Loerakker Ledline","robots":{"index":"index","follow":"follow","max-snippet":"max-snippet:-1","max-image-preview":"max-image-preview:large","max-video-preview":"max-video-preview:-1"},"canonical":"https:\/\/loerakkerledline.nl\/fr\/merci-de-vous-abonner-aux-blogs\/","og_locale":"fr_FR","og_type":"article","og_title":"Merci de vous abonner aux blogs - Loerakker Ledline","og_description":"Merci d&rsquo;avance ! D\u00e9sormais, vous recevrez r\u00e9guli\u00e8rement dans votre bo\u00eete aux lettres \u00e9lectronique notre dernier blog avec lequel nous souhaitons vous inspirer. Si vous ne voulez manquer aucune nouvelle entre-temps, suivez-nous sur Linkedin. Merci encore de vous \u00eatre abonn\u00e9 ! Bon \u00e0 savoir : vous pouvez vous d\u00e9sabonner de ces courriels \u00e0 tout moment via [&hellip;]","og_url":"https:\/\/loerakkerledline.nl\/fr\/merci-de-vous-abonner-aux-blogs\/","og_site_name":"Loerakker Ledline","article_modified_time":"2025-12-13T16:12:51+00:00","og_image":[{"width":2100,"height":1225,"url":"https:\/\/mlfq4kqdz63e.i.optimole.com\/w:auto\/h:auto\/q:mauto\/g:sm\/f:best\/https:\/\/loerakkerledline.nl\/wp-content\/uploads\/2020\/10\/sky.jpg","type":"image\/jpeg"}],"twitter_card":"summary_large_image","schema":{"@context":"https:\/\/schema.org","@graph":[{"@type":"WebPage","@id":"https:\/\/loerakkerledline.nl\/fr\/merci-de-vous-abonner-aux-blogs\/","url":"https:\/\/loerakkerledline.nl\/fr\/merci-de-vous-abonner-aux-blogs\/","name":"Merci de vous abonner aux blogs - Loerakker Ledline","isPartOf":{"@id":"https:\/\/loerakkerledline.nl\/#website"},"primaryImageOfPage":{"@id":"https:\/\/loerakkerledline.nl\/fr\/merci-de-vous-abonner-aux-blogs\/#primaryimage"},"image":{"@id":"https:\/\/loerakkerledline.nl\/fr\/merci-de-vous-abonner-aux-blogs\/#primaryimage"},"thumbnailUrl":"https:\/\/mlfq4kqdz63e.i.optimole.com\/w:auto\/h:auto\/q:mauto\/g:sm\/f:best\/https:\/\/loerakkerledline.nl\/wp-content\/uploads\/2020\/10\/sky.jpg","datePublished":"2023-05-29T10:47:37+00:00","dateModified":"2025-12-13T16:12:51+00:00","breadcrumb":{"@id":"https:\/\/loerakkerledline.nl\/fr\/merci-de-vous-abonner-aux-blogs\/#breadcrumb"},"inLanguage":"fr-FR","potentialAction":[{"@type":"ReadAction","target":["https:\/\/loerakkerledline.nl\/fr\/merci-de-vous-abonner-aux-blogs\/"]}]},{"@type":"ImageObject","inLanguage":"fr-FR","@id":"https:\/\/loerakkerledline.nl\/fr\/merci-de-vous-abonner-aux-blogs\/#primaryimage","url":"https:\/\/mlfq4kqdz63e.i.optimole.com\/w:auto\/h:auto\/q:mauto\/g:sm\/f:best\/https:\/\/loerakkerledline.nl\/wp-content\/uploads\/2020\/10\/sky.jpg","contentUrl":"https:\/\/mlfq4kqdz63e.i.optimole.com\/w:auto\/h:auto\/q:mauto\/g:sm\/f:best\/https:\/\/loerakkerledline.nl\/wp-content\/uploads\/2020\/10\/sky.jpg","width":2100,"height":1225},{"@type":"BreadcrumbList","@id":"https:\/\/loerakkerledline.nl\/fr\/merci-de-vous-abonner-aux-blogs\/#breadcrumb","itemListElement":[{"@type":"ListItem","position":1,"name":"Home","item":"https:\/\/loerakkerledline.nl\/fr\/"},{"@type":"ListItem","position":2,"name":"Merci de vous abonner aux blogs"}]},{"@type":"WebSite","@id":"https:\/\/loerakkerledline.nl\/#website","url":"https:\/\/loerakkerledline.nl\/","name":"Loerakker Ledline","description":"","potentialAction":[{"@type":"SearchAction","target":{"@type":"EntryPoint","urlTemplate":"https:\/\/loerakkerledline.nl\/?s={search_term_string}"},"query-input":{"@type":"PropertyValueSpecification","valueRequired":true,"valueName":"search_term_string"}}],"inLanguage":"fr-FR"}]}},"_links":{"self":[{"href":"https:\/\/loerakkerledline.nl\/fr\/wp-json\/wp\/v2\/pages\/33571","targetHints":{"allow":["GET"]}}],"collection":[{"href":"https:\/\/loerakkerledline.nl\/fr\/wp-json\/wp\/v2\/pages"}],"about":[{"href":"https:\/\/loerakkerledline.nl\/fr\/wp-json\/wp\/v2\/types\/page"}],"author":[{"embeddable":true,"href":"https:\/\/loerakkerledline.nl\/fr\/wp-json\/wp\/v2\/users\/9"}],"replies":[{"embeddable":true,"href":"https:\/\/loerakkerledline.nl\/fr\/wp-json\/wp\/v2\/comments?post=33571"}],"version-history":[{"count":1,"href":"https:\/\/loerakkerledline.nl\/fr\/wp-json\/wp\/v2\/pages\/33571\/revisions"}],"predecessor-version":[{"id":33572,"href":"https:\/\/loerakkerledline.nl\/fr\/wp-json\/wp\/v2\/pages\/33571\/revisions\/33572"}],"wp:featuredmedia":[{"embeddable":true,"href":"https:\/\/loerakkerledline.nl\/fr\/wp-json\/wp\/v2\/media\/33491"}],"wp:attachment":[{"href":"https:\/\/loerakkerledline.nl\/fr\/wp-json\/wp\/v2\/media?parent=33571"}],"curies":[{"name":"wp","href":"https:\/\/api.w.org\/{rel}","templated":true}]}}