{"id":33560,"date":"2023-01-04T15:59:50","date_gmt":"2023-01-04T15:59:50","guid":{"rendered":"https:\/\/loerakkerledline.nl\/textes-de-specification\/"},"modified":"2025-12-13T16:10:56","modified_gmt":"2025-12-13T16:10:56","slug":"textes-de-specification","status":"publish","type":"page","link":"https:\/\/loerakkerledline.nl\/fr\/textes-de-specification\/","title":{"rendered":"Textes de sp\u00e9cification"},"content":{"rendered":"\n<div class=\"wp-block-group is-style-section-margin\"><div class=\"wp-block-group__inner-container\">\n<div class=\"wp-block-group is-style-full-width-ground has-c-alabaster-background-color has-background\"><div class=\"wp-block-group__inner-container\">\n<blockquote class=\"wp-block-quote\">\n<p>Des textes de sp\u00e9cifications sont disponibles pour chaque luminaire afin de les inclure dans votre plan d&rsquo;\u00e9clairage. Veuillez indiquer ci-dessous les luminaires qui vous int\u00e9ressent. Vous pouvez \u00e9galement demander plusieurs luminaires \u00e0 la fois.  <\/p>\n<\/blockquote>\n<\/div><\/div>\n<\/div><\/div>\n\n<div class=\"wp-block-group is-style-section-margin\"><div class=\"wp-block-group__inner-container\">\n<div class=\"wp-block-group is-style-narrow-content\"><div class=\"wp-block-group__inner-container\"><script type=\"text\/javascript\">\n\/* <![CDATA[ *\/\nvar gform;gform||(document.addEventListener(\"gform_main_scripts_loaded\",function(){gform.scriptsLoaded=!0}),document.addEventListener(\"gform\/theme\/scripts_loaded\",function(){gform.themeScriptsLoaded=!0}),window.addEventListener(\"DOMContentLoaded\",function(){gform.domLoaded=!0}),gform={domLoaded:!1,scriptsLoaded:!1,themeScriptsLoaded:!1,isFormEditor:()=>\"function\"==typeof InitializeEditor,callIfLoaded:function(o){return!(!gform.domLoaded||!gform.scriptsLoaded||!gform.themeScriptsLoaded&&!gform.isFormEditor()||(gform.isFormEditor()&&console.warn(\"The use of gform.initializeOnLoaded() is deprecated in the form editor context and will be removed in Gravity Forms 3.1.\"),o(),0))},initializeOnLoaded:function(o){gform.callIfLoaded(o)||(document.addEventListener(\"gform_main_scripts_loaded\",()=>{gform.scriptsLoaded=!0,gform.callIfLoaded(o)}),document.addEventListener(\"gform\/theme\/scripts_loaded\",()=>{gform.themeScriptsLoaded=!0,gform.callIfLoaded(o)}),window.addEventListener(\"DOMContentLoaded\",()=>{gform.domLoaded=!0,gform.callIfLoaded(o)}))},hooks:{action:{},filter:{}},addAction:function(o,r,e,t){gform.addHook(\"action\",o,r,e,t)},addFilter:function(o,r,e,t){gform.addHook(\"filter\",o,r,e,t)},doAction:function(o){gform.doHook(\"action\",o,arguments)},applyFilters:function(o){return gform.doHook(\"filter\",o,arguments)},removeAction:function(o,r){gform.removeHook(\"action\",o,r)},removeFilter:function(o,r,e){gform.removeHook(\"filter\",o,r,e)},addHook:function(o,r,e,t,n){null==gform.hooks[o][r]&&(gform.hooks[o][r]=[]);var d=gform.hooks[o][r];null==n&&(n=r+\"_\"+d.length),gform.hooks[o][r].push({tag:n,callable:e,priority:t=null==t?10:t})},doHook:function(r,o,e){var t;if(e=Array.prototype.slice.call(e,1),null!=gform.hooks[r][o]&&((o=gform.hooks[r][o]).sort(function(o,r){return o.priority-r.priority}),o.forEach(function(o){\"function\"!=typeof(t=o.callable)&&(t=window[t]),\"action\"==r?t.apply(null,e):e[0]=t.apply(null,e)})),\"filter\"==r)return e[0]},removeHook:function(o,r,t,n){var e;null!=gform.hooks[o][r]&&(e=(e=gform.hooks[o][r]).filter(function(o,r,e){return!!(null!=n&&n!=o.tag||null!=t&&t!=o.priority)}),gform.hooks[o][r]=e)}});\n\/* ]]> *\/\n<\/script>\n\n                <div class='gf_browser_gecko gform_wrapper gravity-theme gform-theme--no-framework' data-form-theme='gravity-theme' data-form-index='0' id='gform_wrapper_5' ><form method='post' enctype='multipart\/form-data'  id='gform_5'  action='\/fr\/wp-json\/wp\/v2\/pages\/33560' data-formid='5' novalidate>\n                        <div class='gform-body gform_body'><div id='gform_fields_5' class='gform_fields top_label form_sublabel_below description_below validation_below'><fieldset id=\"field_5_4\" class=\"gfield gfield--type-checkbox gfield--type-choice gfield--input-type-checkbox gfield--width-full field_sublabel_below gfield--no-description field_description_below field_validation_below gfield_visibility_visible\"  ><legend class='gfield_label gform-field-label gfield_label_before_complex' >Maak je keus, ook een combinatie is mogelijk<\/legend><div class='ginput_container ginput_container_checkbox'><div class='gfield_checkbox ' id='input_5_4'><div class='gchoice gchoice_5_4_1'>\n\t\t\t\t\t\t\t\t<input class='gfield-choice-input' name='input_4.1' type='checkbox'  value='L1 Pendelarmatuur met Surround Light'  id='choice_5_4_1'   \/>\n\t\t\t\t\t\t\t\t<label for='choice_5_4_1' id='label_5_4_1' class='gform-field-label gform-field-label--type-inline'>L1 Pendelarmatuur met Surround Light<\/label>\n\t\t\t\t\t\t\t<\/div><div class='gchoice gchoice_5_4_2'>\n\t\t\t\t\t\t\t\t<input class='gfield-choice-input' name='input_4.2' type='checkbox'  value='L1 Vloerlamp met Surround Light'  id='choice_5_4_2'   \/>\n\t\t\t\t\t\t\t\t<label for='choice_5_4_2' id='label_5_4_2' class='gform-field-label gform-field-label--type-inline'>L1 Vloerlamp met Surround Light<\/label>\n\t\t\t\t\t\t\t<\/div><div class='gchoice gchoice_5_4_3'>\n\t\t\t\t\t\t\t\t<input class='gfield-choice-input' name='input_4.3' type='checkbox'  value='L2 Buisarmatuur combi met Surround Light'  id='choice_5_4_3'   \/>\n\t\t\t\t\t\t\t\t<label for='choice_5_4_3' id='label_5_4_3' class='gform-field-label gform-field-label--type-inline'>L2 Buisarmatuur combi met Surround Light<\/label>\n\t\t\t\t\t\t\t<\/div><div class='gchoice gchoice_5_4_4'>\n\t\t\t\t\t\t\t\t<input class='gfield-choice-input' name='input_4.4' type='checkbox'  value='L3 220 Krachtige downlighter'  id='choice_5_4_4'   \/>\n\t\t\t\t\t\t\t\t<label for='choice_5_4_4' id='label_5_4_4' class='gform-field-label gform-field-label--type-inline'>L3 220 Krachtige downlighter<\/label>\n\t\t\t\t\t\t\t<\/div><div class='gchoice gchoice_5_4_5'>\n\t\t\t\t\t\t\t\t<input class='gfield-choice-input' name='input_4.5' type='checkbox'  value='L3 095 Krachtige richtspot'  id='choice_5_4_5'   \/>\n\t\t\t\t\t\t\t\t<label for='choice_5_4_5' id='label_5_4_5' class='gform-field-label gform-field-label--type-inline'>L3 095 Krachtige richtspot<\/label>\n\t\t\t\t\t\t\t<\/div><div class='gchoice gchoice_5_4_6'>\n\t\t\t\t\t\t\t\t<input class='gfield-choice-input' name='input_4.6' type='checkbox'  value='L4 Wandarmatuur met Surround Light'  id='choice_5_4_6'   \/>\n\t\t\t\t\t\t\t\t<label for='choice_5_4_6' id='label_5_4_6' class='gform-field-label gform-field-label--type-inline'>L4 Wandarmatuur met Surround Light<\/label>\n\t\t\t\t\t\t\t<\/div><div class='gchoice gchoice_5_4_7'>\n\t\t\t\t\t\t\t\t<input class='gfield-choice-input' name='input_4.7' type='checkbox'  value='L7 Pendelarmatuur combi met Surround Light'  id='choice_5_4_7'   \/>\n\t\t\t\t\t\t\t\t<label for='choice_5_4_7' id='label_5_4_7' class='gform-field-label gform-field-label--type-inline'>L7 Pendelarmatuur combi met Surround Light<\/label>\n\t\t\t\t\t\t\t<\/div><div class='gchoice gchoice_5_4_8'>\n\t\t\t\t\t\t\t\t<input class='gfield-choice-input' name='input_4.8' type='checkbox'  value='L8 Waterdicht opbouwarmatuur'  id='choice_5_4_8'   \/>\n\t\t\t\t\t\t\t\t<label for='choice_5_4_8' id='label_5_4_8' class='gform-field-label gform-field-label--type-inline'>L8 Waterdicht opbouwarmatuur<\/label>\n\t\t\t\t\t\t\t<\/div><div class='gchoice gchoice_5_4_9'>\n\t\t\t\t\t\t\t\t<input class='gfield-choice-input' name='input_4.9' type='checkbox'  value='L9-K Koofarmatuur combi met Surround Light'  id='choice_5_4_9'   \/>\n\t\t\t\t\t\t\t\t<label for='choice_5_4_9' id='label_5_4_9' class='gform-field-label gform-field-label--type-inline'>L9-K Koofarmatuur combi met Surround Light<\/label>\n\t\t\t\t\t\t\t<\/div><div class='gchoice gchoice_5_4_11'>\n\t\t\t\t\t\t\t\t<input class='gfield-choice-input' name='input_4.11' type='checkbox'  value='L9-P Pendelarmatuur combi met Surround Light'  id='choice_5_4_11'   \/>\n\t\t\t\t\t\t\t\t<label for='choice_5_4_11' id='label_5_4_11' class='gform-field-label gform-field-label--type-inline'>L9-P Pendelarmatuur combi met Surround Light<\/label>\n\t\t\t\t\t\t\t<\/div><div class='gchoice gchoice_5_4_12'>\n\t\t\t\t\t\t\t\t<input class='gfield-choice-input' name='input_4.12' type='checkbox'  value='L9-TR Trackrailarmatuur combi met Surround Light'  id='choice_5_4_12'   \/>\n\t\t\t\t\t\t\t\t<label for='choice_5_4_12' id='label_5_4_12' class='gform-field-label gform-field-label--type-inline'>L9-TR Trackrailarmatuur combi met Surround Light<\/label>\n\t\t\t\t\t\t\t<\/div><div class='gchoice gchoice_5_4_13'>\n\t\t\t\t\t\t\t\t<input class='gfield-choice-input' name='input_4.13' type='checkbox'  value='L10 Armatuur voor laag plafond met Surround Light'  id='choice_5_4_13'   \/>\n\t\t\t\t\t\t\t\t<label for='choice_5_4_13' id='label_5_4_13' class='gform-field-label gform-field-label--type-inline'>L10 Armatuur voor laag plafond met Surround Light<\/label>\n\t\t\t\t\t\t\t<\/div><div class='gchoice gchoice_5_4_14'>\n\t\t\t\t\t\t\t\t<input class='gfield-choice-input' name='input_4.14' type='checkbox'  value='L11 Pendelarmatuur met combi Surround Light'  id='choice_5_4_14'   \/>\n\t\t\t\t\t\t\t\t<label for='choice_5_4_14' id='label_5_4_14' class='gform-field-label gform-field-label--type-inline'>L11 Pendelarmatuur met combi Surround Light<\/label>\n\t\t\t\t\t\t\t<\/div><div class='gchoice gchoice_5_4_15'>\n\t\t\t\t\t\t\t\t<input class='gfield-choice-input' name='input_4.15' type='checkbox'  value='L12 Inlegarmatuur voor systeemplafond'  id='choice_5_4_15'   \/>\n\t\t\t\t\t\t\t\t<label for='choice_5_4_15' id='label_5_4_15' class='gform-field-label gform-field-label--type-inline'>L12 Inlegarmatuur voor systeemplafond<\/label>\n\t\t\t\t\t\t\t<\/div><div class='gchoice gchoice_5_4_16'>\n\t\t\t\t\t\t\t\t<input class='gfield-choice-input' name='input_4.16' type='checkbox'  value='L13 Inlegarmatuur voor systeemplafond \u2013 flatpanel'  id='choice_5_4_16'   \/>\n\t\t\t\t\t\t\t\t<label for='choice_5_4_16' id='label_5_4_16' class='gform-field-label gform-field-label--type-inline'>L13 Inlegarmatuur voor systeemplafond \u2013 flatpanel<\/label>\n\t\t\t\t\t\t\t<\/div><div class='gchoice gchoice_5_4_17'>\n\t\t\t\t\t\t\t\t<input class='gfield-choice-input' name='input_4.17' type='checkbox'  value='L14 Armaturen voor HunterDouglas Heartfelt plafond'  id='choice_5_4_17'   \/>\n\t\t\t\t\t\t\t\t<label for='choice_5_4_17' id='label_5_4_17' class='gform-field-label gform-field-label--type-inline'>L14 Armaturen voor HunterDouglas Heartfelt plafond<\/label>\n\t\t\t\t\t\t\t<\/div><div class='gchoice gchoice_5_4_18'>\n\t\t\t\t\t\t\t\t<input class='gfield-choice-input' name='input_4.18' type='checkbox'  value='L15 Pendelarmatuur met Surround Light'  id='choice_5_4_18'   \/>\n\t\t\t\t\t\t\t\t<label for='choice_5_4_18' id='label_5_4_18' class='gform-field-label gform-field-label--type-inline'>L15 Pendelarmatuur met Surround Light<\/label>\n\t\t\t\t\t\t\t<\/div><div class='gchoice gchoice_5_4_19'>\n\t\t\t\t\t\t\t\t<input class='gfield-choice-input' name='input_4.19' type='checkbox'  value='L16 Lampenkap met Surround Light'  id='choice_5_4_19'   \/>\n\t\t\t\t\t\t\t\t<label for='choice_5_4_19' id='label_5_4_19' class='gform-field-label gform-field-label--type-inline'>L16 Lampenkap met Surround Light<\/label>\n\t\t\t\t\t\t\t<\/div><div class='gchoice gchoice_5_4_21'>\n\t\t\t\t\t\t\t\t<input class='gfield-choice-input' name='input_4.21' type='checkbox'  value='L17 Pendelarmatuur met combi Surround Light'  id='choice_5_4_21'   \/>\n\t\t\t\t\t\t\t\t<label for='choice_5_4_21' id='label_5_4_21' class='gform-field-label gform-field-label--type-inline'>L17 Pendelarmatuur met combi Surround Light<\/label>\n\t\t\t\t\t\t\t<\/div><div class='gchoice gchoice_5_4_22'>\n\t\t\t\t\t\t\t\t<input class='gfield-choice-input' name='input_4.22' type='checkbox'  value='L18 Pendel\/opbouw lijnverlichting direct licht'  id='choice_5_4_22'   \/>\n\t\t\t\t\t\t\t\t<label for='choice_5_4_22' id='label_5_4_22' class='gform-field-label gform-field-label--type-inline'>L18 Pendel\/opbouw lijnverlichting direct licht<\/label>\n\t\t\t\t\t\t\t<\/div><\/div><\/div><\/fieldset><div id=\"field_5_15\" class=\"gfield gfield--type-text gfield--input-type-text gfield--width-full field_sublabel_below gfield--no-description field_description_below field_validation_below gfield_visibility_visible\"  ><label class='gfield_label gform-field-label' for='input_5_15'>Naam<\/label><div class='ginput_container ginput_container_text'><input name='input_15' id='input_5_15' type='text' value='' class='large'      aria-invalid=\"false\"   \/><\/div><\/div><div id=\"field_5_17\" class=\"gfield gfield--type-text gfield--input-type-text gfield--width-full field_sublabel_below gfield--no-description field_description_below field_validation_below gfield_visibility_visible\"  ><label class='gfield_label gform-field-label' for='input_5_17'>E-mail<\/label><div class='ginput_container ginput_container_text'><input name='input_17' id='input_5_17' type='text' value='' class='large'      aria-invalid=\"false\"   \/><\/div><\/div><div id=\"field_5_16\" class=\"gfield gfield--type-text gfield--input-type-text gfield--width-full field_sublabel_below gfield--no-description field_description_below field_validation_below gfield_visibility_visible\"  ><label class='gfield_label gform-field-label' for='input_5_16'>Telefoon<\/label><div class='ginput_container ginput_container_text'><input name='input_16' id='input_5_16' type='text' value='' class='large'      aria-invalid=\"false\"   \/><\/div><\/div><\/div><\/div>\n        <div class='gform-footer gform_footer top_label'> <button type=\"submit\" id=\"gform_submit_button_5\" class=\"gform_button button\" onclick=\"gform.submission.handleButtonClick(this);\" data-submission-type=\"submit\">VERSTUREN<\/button> \n            <input type='hidden' class='gform_hidden' name='gform_submission_method' data-js='gform_submission_method_5' value='postback' \/>\n            <input type='hidden' class='gform_hidden' name='gform_theme' data-js='gform_theme_5' id='gform_theme_5' value='gravity-theme' \/>\n            <input type='hidden' class='gform_hidden' name='gform_style_settings' data-js='gform_style_settings_5' id='gform_style_settings_5' value='{&quot;inputPrimaryColor&quot;:&quot;#204ce5&quot;}' \/>\n            <input type='hidden' class='gform_hidden' name='is_submit_5' value='1' \/>\n            <input type='hidden' class='gform_hidden' name='gform_submit' value='5' \/>\n            \n            <input type='hidden' class='gform_hidden' name='gform_currency' data-currency='USD' value='LcIvQpQwGiF3Isk5v0l9q0JL3pR9b664yKCv+IufsntPfYQdTr7jiKT1VRIz9nQ2CZ5qCgnO0mIgV2924xywXo1axSEr3pP5eg6MuKX7tZTy9sk=' \/>\n            <input type='hidden' class='gform_hidden' name='gform_unique_id' value='' \/>\n            <input type='hidden' class='gform_hidden' name='state_5' value='WyJbXSIsImZjYmQzZDIxYWI3MzA5NDlkNDUyODcxODZmZWMyM2U2Il0=' \/>\n            <input type='hidden' autocomplete='off' class='gform_hidden' name='gform_target_page_number_5' id='gform_target_page_number_5' value='0' \/>\n            <input type='hidden' autocomplete='off' class='gform_hidden' name='gform_source_page_number_5' id='gform_source_page_number_5' value='1' \/>\n            <input type='hidden' name='gform_field_values' value='' \/>\n            \n        <\/div>\n                        <\/form>\n                        <\/div><script type=\"text\/javascript\">\n\/* <![CDATA[ *\/\n gform.initializeOnLoaded( function() {gformInitSpinner( 5, 'https:\/\/mlfq4kqdz63e.i.optimole.com\/w:auto\/h:auto\/q:mauto\/g:sm\/f:best\/ig:avif\/https:\/\/loerakkerledline.nl\/wp-content\/plugins\/gravityforms\/images\/spinner.svg', true );jQuery('#gform_ajax_frame_5').on('load',function(){var contents = jQuery(this).contents().find('*').html();var is_postback = contents.indexOf('GF_AJAX_POSTBACK') >= 0;if(!is_postback){return;}var form_content = jQuery(this).contents().find('#gform_wrapper_5');var is_confirmation = jQuery(this).contents().find('#gform_confirmation_wrapper_5').length > 0;var is_redirect = contents.indexOf('gformRedirect(){') >= 0;var is_form = form_content.length > 0 && ! is_redirect && ! is_confirmation;var mt = parseInt(jQuery('html').css('margin-top'), 10) + parseInt(jQuery('body').css('margin-top'), 10) + 100;if(is_form){jQuery('#gform_wrapper_5').html(form_content.html());if(form_content.hasClass('gform_validation_error')){jQuery('#gform_wrapper_5').addClass('gform_validation_error');} else {jQuery('#gform_wrapper_5').removeClass('gform_validation_error');}setTimeout( function() { \/* delay the scroll by 50 milliseconds to fix a bug in chrome *\/  }, 50 );if(window['gformInitDatepicker']) {gformInitDatepicker();}if(window['gformInitPriceFields']) {gformInitPriceFields();}var current_page = jQuery('#gform_source_page_number_5').val();gformInitSpinner( 5, 'https:\/\/mlfq4kqdz63e.i.optimole.com\/w:auto\/h:auto\/q:mauto\/g:sm\/f:best\/ig:avif\/https:\/\/loerakkerledline.nl\/wp-content\/plugins\/gravityforms\/images\/spinner.svg', true );jQuery(document).trigger('gform_page_loaded', [5, current_page]);window['gf_submitting_5'] = false;}else if(!is_redirect){var confirmation_content = jQuery(this).contents().find('.GF_AJAX_POSTBACK').html();if(!confirmation_content){confirmation_content = contents;}jQuery('#gform_wrapper_5').replaceWith(confirmation_content);jQuery(document).trigger('gform_confirmation_loaded', [5]);window['gf_submitting_5'] = false;wp.a11y.speak(jQuery('#gform_confirmation_message_5').text());}else{jQuery('#gform_5').append(contents);if(window['gformRedirect']) {gformRedirect();}}jQuery(document).trigger(\"gform_pre_post_render\", [{ formId: \"5\", currentPage: \"current_page\", abort: function() { this.preventDefault(); } }]);        if (event && event.defaultPrevented) {                return;        }        const gformWrapperDiv = document.getElementById( \"gform_wrapper_5\" );        if ( gformWrapperDiv ) {            const visibilitySpan = document.createElement( \"span\" );            visibilitySpan.id = \"gform_visibility_test_5\";            gformWrapperDiv.insertAdjacentElement( \"afterend\", visibilitySpan );        }        const visibilityTestDiv = document.getElementById( \"gform_visibility_test_5\" );        let postRenderFired = false;        function triggerPostRender() {            if ( postRenderFired ) {                return;            }            postRenderFired = true;            gform.core.triggerPostRenderEvents( 5, current_page );            if ( visibilityTestDiv ) {                visibilityTestDiv.parentNode.removeChild( visibilityTestDiv );            }        }        function debounce( func, wait, immediate ) {            var timeout;            return function() {                var context = this, args = arguments;                var later = function() {                    timeout = null;                    if ( !immediate ) func.apply( context, args );                };                var callNow = immediate && !timeout;                clearTimeout( timeout );                timeout = setTimeout( later, wait );                if ( callNow ) func.apply( context, args );            };        }        const debouncedTriggerPostRender = debounce( function() {            triggerPostRender();        }, 200 );        if ( visibilityTestDiv && visibilityTestDiv.offsetParent === null ) {            const observer = new MutationObserver( ( mutations ) => {                mutations.forEach( ( mutation ) => {                    if ( mutation.type === 'attributes' && visibilityTestDiv.offsetParent !== null ) {                        debouncedTriggerPostRender();                        observer.disconnect();                    }                });            });            observer.observe( document.body, {                attributes: true,                childList: false,                subtree: true,                attributeFilter: [ 'style', 'class' ],            });        } else {            triggerPostRender();        }    } );} ); \n\/* ]]> *\/\n<\/script>\n<\/div><\/div>\n<\/div><\/div>\n","protected":false},"excerpt":{"rendered":"<p>Des textes de sp\u00e9cifications sont disponibles pour chaque luminaire afin de les inclure dans votre plan d&rsquo;\u00e9clairage. Veuillez indiquer ci-dessous les luminaires qui vous int\u00e9ressent. Vous pouvez \u00e9galement demander plusieurs luminaires \u00e0 la fois.<\/p>\n","protected":false},"author":4,"featured_media":0,"parent":0,"menu_order":0,"comment_status":"closed","ping_status":"closed","template":"","meta":{"_acf_changed":false,"footnotes":""},"class_list":["post-33560","page","type-page","status-publish","hentry"],"acf":[],"yoast_head":"<!-- This site is optimized with the Yoast SEO plugin v27.1 - https:\/\/yoast.com\/product\/yoast-seo-wordpress\/ -->\n<title>Textes de sp\u00e9cification - Loerakker Ledline<\/title>\n<meta name=\"robots\" content=\"index, follow, max-snippet:-1, max-image-preview:large, max-video-preview:-1\" \/>\n<link rel=\"canonical\" href=\"https:\/\/loerakkerledline.nl\/fr\/textes-de-specification\/\" \/>\n<meta property=\"og:locale\" content=\"fr_FR\" \/>\n<meta property=\"og:type\" content=\"article\" \/>\n<meta property=\"og:title\" content=\"Textes de sp\u00e9cification - Loerakker Ledline\" \/>\n<meta property=\"og:description\" content=\"Des textes de sp\u00e9cifications sont disponibles pour chaque luminaire afin de les inclure dans votre plan d&rsquo;\u00e9clairage. Veuillez indiquer ci-dessous les luminaires qui vous int\u00e9ressent. Vous pouvez \u00e9galement demander plusieurs luminaires \u00e0 la fois.\" \/>\n<meta property=\"og:url\" content=\"https:\/\/loerakkerledline.nl\/fr\/textes-de-specification\/\" \/>\n<meta property=\"og:site_name\" content=\"Loerakker Ledline\" \/>\n<meta property=\"article:modified_time\" content=\"2025-12-13T16:10:56+00:00\" \/>\n<meta name=\"twitter:card\" content=\"summary_large_image\" \/>\n<script type=\"application\/ld+json\" class=\"yoast-schema-graph\">{\"@context\":\"https:\/\/schema.org\",\"@graph\":[{\"@type\":\"WebPage\",\"@id\":\"https:\/\/loerakkerledline.nl\/fr\/textes-de-specification\/\",\"url\":\"https:\/\/loerakkerledline.nl\/fr\/textes-de-specification\/\",\"name\":\"Textes de sp\u00e9cification - Loerakker Ledline\",\"isPartOf\":{\"@id\":\"https:\/\/loerakkerledline.nl\/#website\"},\"datePublished\":\"2023-01-04T15:59:50+00:00\",\"dateModified\":\"2025-12-13T16:10:56+00:00\",\"breadcrumb\":{\"@id\":\"https:\/\/loerakkerledline.nl\/fr\/textes-de-specification\/#breadcrumb\"},\"inLanguage\":\"fr-FR\",\"potentialAction\":[{\"@type\":\"ReadAction\",\"target\":[\"https:\/\/loerakkerledline.nl\/fr\/textes-de-specification\/\"]}]},{\"@type\":\"BreadcrumbList\",\"@id\":\"https:\/\/loerakkerledline.nl\/fr\/textes-de-specification\/#breadcrumb\",\"itemListElement\":[{\"@type\":\"ListItem\",\"position\":1,\"name\":\"Home\",\"item\":\"https:\/\/loerakkerledline.nl\/fr\/\"},{\"@type\":\"ListItem\",\"position\":2,\"name\":\"Textes de sp\u00e9cification\"}]},{\"@type\":\"WebSite\",\"@id\":\"https:\/\/loerakkerledline.nl\/#website\",\"url\":\"https:\/\/loerakkerledline.nl\/\",\"name\":\"Loerakker Ledline\",\"description\":\"\",\"potentialAction\":[{\"@type\":\"SearchAction\",\"target\":{\"@type\":\"EntryPoint\",\"urlTemplate\":\"https:\/\/loerakkerledline.nl\/?s={search_term_string}\"},\"query-input\":{\"@type\":\"PropertyValueSpecification\",\"valueRequired\":true,\"valueName\":\"search_term_string\"}}],\"inLanguage\":\"fr-FR\"}]}<\/script>\n<!-- \/ Yoast SEO plugin. -->","yoast_head_json":{"title":"Textes de sp\u00e9cification - Loerakker Ledline","robots":{"index":"index","follow":"follow","max-snippet":"max-snippet:-1","max-image-preview":"max-image-preview:large","max-video-preview":"max-video-preview:-1"},"canonical":"https:\/\/loerakkerledline.nl\/fr\/textes-de-specification\/","og_locale":"fr_FR","og_type":"article","og_title":"Textes de sp\u00e9cification - Loerakker Ledline","og_description":"Des textes de sp\u00e9cifications sont disponibles pour chaque luminaire afin de les inclure dans votre plan d&rsquo;\u00e9clairage. Veuillez indiquer ci-dessous les luminaires qui vous int\u00e9ressent. Vous pouvez \u00e9galement demander plusieurs luminaires \u00e0 la fois.","og_url":"https:\/\/loerakkerledline.nl\/fr\/textes-de-specification\/","og_site_name":"Loerakker Ledline","article_modified_time":"2025-12-13T16:10:56+00:00","twitter_card":"summary_large_image","schema":{"@context":"https:\/\/schema.org","@graph":[{"@type":"WebPage","@id":"https:\/\/loerakkerledline.nl\/fr\/textes-de-specification\/","url":"https:\/\/loerakkerledline.nl\/fr\/textes-de-specification\/","name":"Textes de sp\u00e9cification - Loerakker Ledline","isPartOf":{"@id":"https:\/\/loerakkerledline.nl\/#website"},"datePublished":"2023-01-04T15:59:50+00:00","dateModified":"2025-12-13T16:10:56+00:00","breadcrumb":{"@id":"https:\/\/loerakkerledline.nl\/fr\/textes-de-specification\/#breadcrumb"},"inLanguage":"fr-FR","potentialAction":[{"@type":"ReadAction","target":["https:\/\/loerakkerledline.nl\/fr\/textes-de-specification\/"]}]},{"@type":"BreadcrumbList","@id":"https:\/\/loerakkerledline.nl\/fr\/textes-de-specification\/#breadcrumb","itemListElement":[{"@type":"ListItem","position":1,"name":"Home","item":"https:\/\/loerakkerledline.nl\/fr\/"},{"@type":"ListItem","position":2,"name":"Textes de sp\u00e9cification"}]},{"@type":"WebSite","@id":"https:\/\/loerakkerledline.nl\/#website","url":"https:\/\/loerakkerledline.nl\/","name":"Loerakker Ledline","description":"","potentialAction":[{"@type":"SearchAction","target":{"@type":"EntryPoint","urlTemplate":"https:\/\/loerakkerledline.nl\/?s={search_term_string}"},"query-input":{"@type":"PropertyValueSpecification","valueRequired":true,"valueName":"search_term_string"}}],"inLanguage":"fr-FR"}]}},"_links":{"self":[{"href":"https:\/\/loerakkerledline.nl\/fr\/wp-json\/wp\/v2\/pages\/33560","targetHints":{"allow":["GET"]}}],"collection":[{"href":"https:\/\/loerakkerledline.nl\/fr\/wp-json\/wp\/v2\/pages"}],"about":[{"href":"https:\/\/loerakkerledline.nl\/fr\/wp-json\/wp\/v2\/types\/page"}],"author":[{"embeddable":true,"href":"https:\/\/loerakkerledline.nl\/fr\/wp-json\/wp\/v2\/users\/4"}],"replies":[{"embeddable":true,"href":"https:\/\/loerakkerledline.nl\/fr\/wp-json\/wp\/v2\/comments?post=33560"}],"version-history":[{"count":1,"href":"https:\/\/loerakkerledline.nl\/fr\/wp-json\/wp\/v2\/pages\/33560\/revisions"}],"predecessor-version":[{"id":33561,"href":"https:\/\/loerakkerledline.nl\/fr\/wp-json\/wp\/v2\/pages\/33560\/revisions\/33561"}],"wp:attachment":[{"href":"https:\/\/loerakkerledline.nl\/fr\/wp-json\/wp\/v2\/media?parent=33560"}],"curies":[{"name":"wp","href":"https:\/\/api.w.org\/{rel}","templated":true}]}}