{"id":33558,"date":"2024-12-18T13:55:08","date_gmt":"2024-12-18T13:55:08","guid":{"rendered":"https:\/\/loerakkerledline.nl\/telecharger-le-catalogue\/"},"modified":"2025-12-13T16:10:32","modified_gmt":"2025-12-13T16:10:32","slug":"telecharger-le-catalogue","status":"publish","type":"page","link":"https:\/\/loerakkerledline.nl\/fr\/telecharger-le-catalogue\/","title":{"rendered":"T\u00e9l\u00e9charger le catalogue"},"content":{"rendered":"\n<div class=\"wp-block-group is-style-full-width-bar has-c-azure-color has-c-alabaster-background-color has-text-color has-background has-link-color wp-elements-e394be2b575d031d990df83c953d6926\"><div class=\"wp-block-group__inner-container\">\n<div class=\"wp-block-group is-style-full-width-ground ergonomie-banner has-c-azure-color has-c-alabaster-background-color has-text-color has-background has-link-color wp-elements-ec2ad67a142d644b3784b7e19bb3bda7\"><div class=\"wp-block-group__inner-container\">\n<h2 class=\"wp-block-heading\">T\u00e9l\u00e9chargez le livre d&rsquo;inspiration <br\/>&lsquo;Better light for work, care and education&rsquo; ici<\/h2>\n<\/div><\/div>\n<\/div><\/div>\n\n<div class=\"wp-block-columns has-3-columns is-style-section-margin\">\n<div class=\"wp-block-column\">\n<p class=\"has-c-azure-color has-text-color\" style=\"font-size:18.6667px\">Notre vision de l&rsquo;\u00e9clairage, des solutions pratiques <br\/>et tous les luminaires mis en valeur !<\/p>\n<\/div>\n\n\n\n<div class=\"wp-block-column\">\n<div class=\"_form_47\"><\/div><script src=\"https:\/\/loerakker.activehosted.com\/f\/embed.php?id=47\" charset=\"utf-8\"><\/script>\n<\/div>\n\n\n\n<div class=\"wp-block-column\">\n<figure class=\"wp-block-image size-full\"><img data-opt-id=660899638  fetchpriority=\"high\" decoding=\"async\" width=\"1000\" height=\"1000\" src=\"https:\/\/mlfq4kqdz63e.i.optimole.com\/w:auto\/h:auto\/q:mauto\/g:sm\/f:best\/https:\/\/loerakkerledline.nl\/wp-content\/uploads\/2024\/10\/Loerakker-catalogus-beeld_online_2.png\" alt=\"\" class=\"wp-image-29233\" srcset=\"https:\/\/mlfq4kqdz63e.i.optimole.com\/w:1000\/h:1000\/q:mauto\/g:sm\/f:best\/https:\/\/loerakkerledline.nl\/wp-content\/uploads\/2024\/10\/Loerakker-catalogus-beeld_online_2.png 1000w, https:\/\/mlfq4kqdz63e.i.optimole.com\/w:535\/h:535\/q:mauto\/g:sm\/f:best\/https:\/\/loerakkerledline.nl\/wp-content\/uploads\/2024\/10\/Loerakker-catalogus-beeld_online_2.png 535w, https:\/\/mlfq4kqdz63e.i.optimole.com\/w:550\/h:550\/q:mauto\/g:sm\/f:best\/https:\/\/loerakkerledline.nl\/wp-content\/uploads\/2024\/10\/Loerakker-catalogus-beeld_online_2.png 550w, https:\/\/mlfq4kqdz63e.i.optimole.com\/w:67\/h:67\/q:mauto\/g:sm\/f:best\/dpr:2\/https:\/\/loerakkerledline.nl\/wp-content\/uploads\/2024\/10\/Loerakker-catalogus-beeld_online_2.png 67w, https:\/\/mlfq4kqdz63e.i.optimole.com\/w:255\/h:255\/q:mauto\/g:sm\/f:best\/https:\/\/loerakkerledline.nl\/wp-content\/uploads\/2024\/10\/Loerakker-catalogus-beeld_online_2.png 255w, https:\/\/mlfq4kqdz63e.i.optimole.com\/w:100\/h:100\/q:mauto\/g:sm\/f:best\/dpr:2\/https:\/\/loerakkerledline.nl\/wp-content\/uploads\/2024\/10\/Loerakker-catalogus-beeld_online_2.png 100w, https:\/\/mlfq4kqdz63e.i.optimole.com\/w:160\/h:160\/q:mauto\/g:sm\/f:best\/https:\/\/loerakkerledline.nl\/wp-content\/uploads\/2024\/10\/Loerakker-catalogus-beeld_online_2.png 160w, https:\/\/mlfq4kqdz63e.i.optimole.com\/w:713\/h:713\/q:mauto\/g:sm\/f:best\/https:\/\/loerakkerledline.nl\/wp-content\/uploads\/2024\/10\/Loerakker-catalogus-beeld_online_2.png 713w, https:\/\/mlfq4kqdz63e.i.optimole.com\/w:196\/h:196\/q:mauto\/g:sm\/f:best\/https:\/\/loerakkerledline.nl\/wp-content\/uploads\/2024\/10\/Loerakker-catalogus-beeld_online_2.png 196w, https:\/\/mlfq4kqdz63e.i.optimole.com\/w:95\/h:95\/q:mauto\/g:sm\/f:best\/dpr:2\/https:\/\/loerakkerledline.nl\/wp-content\/uploads\/2024\/10\/Loerakker-catalogus-beeld_online_2.png 95w, https:\/\/mlfq4kqdz63e.i.optimole.com\/w:351\/h:351\/q:mauto\/g:sm\/f:best\/https:\/\/loerakkerledline.nl\/wp-content\/uploads\/2024\/10\/Loerakker-catalogus-beeld_online_2.png 351w\" sizes=\"(max-width: 1000px) 100vw, 1000px\" \/><\/figure>\n<\/div>\n<\/div>\n\n<div style=\"height:60px\" aria-hidden=\"true\" class=\"wp-block-spacer\"><\/div>\n","protected":false},"excerpt":{"rendered":"<p>T\u00e9l\u00e9chargez le livre d&rsquo;inspiration &lsquo;Better light for work, care and education&rsquo; ici Notre vision de l&rsquo;\u00e9clairage, des solutions pratiques et tous les luminaires mis en valeur !<\/p>\n","protected":false},"author":9,"featured_media":0,"parent":0,"menu_order":0,"comment_status":"closed","ping_status":"closed","template":"","meta":{"_acf_changed":false,"footnotes":""},"class_list":["post-33558","page","type-page","status-publish","hentry"],"acf":[],"yoast_head":"<!-- This site is optimized with the Yoast SEO plugin v27.5 - https:\/\/yoast.com\/product\/yoast-seo-wordpress\/ -->\n<title>T\u00e9l\u00e9charger le catalogue - Loerakker Ledline<\/title>\n<meta name=\"robots\" content=\"index, follow, max-snippet:-1, max-image-preview:large, max-video-preview:-1\" \/>\n<link rel=\"canonical\" href=\"https:\/\/loerakkerledline.nl\/fr\/telecharger-le-catalogue\/\" \/>\n<meta property=\"og:locale\" content=\"fr_FR\" \/>\n<meta property=\"og:type\" content=\"article\" \/>\n<meta property=\"og:title\" content=\"T\u00e9l\u00e9charger le catalogue - Loerakker Ledline\" \/>\n<meta property=\"og:description\" content=\"T\u00e9l\u00e9chargez le livre d&rsquo;inspiration &lsquo;Better light for work, care and education&rsquo; ici Notre vision de l&rsquo;\u00e9clairage, des solutions pratiques et tous les luminaires mis en valeur !\" \/>\n<meta property=\"og:url\" content=\"https:\/\/loerakkerledline.nl\/fr\/telecharger-le-catalogue\/\" \/>\n<meta property=\"og:site_name\" content=\"Loerakker Ledline\" \/>\n<meta property=\"article:modified_time\" content=\"2025-12-13T16:10:32+00:00\" \/>\n<meta property=\"og:image\" content=\"https:\/\/mlfq4kqdz63e.i.optimole.com\/w:auto\/h:auto\/q:mauto\/g:sm\/f:best\/https:\/\/loerakkerledline.nl\/wp-content\/uploads\/2024\/10\/Loerakker-catalogus-beeld_online_2.png\" \/>\n\t<meta property=\"og:image:width\" content=\"1000\" \/>\n\t<meta property=\"og:image:height\" content=\"1000\" \/>\n\t<meta property=\"og:image:type\" content=\"image\/png\" \/>\n<meta name=\"twitter:card\" content=\"summary_large_image\" \/>\n<script type=\"application\/ld+json\" class=\"yoast-schema-graph\">{\"@context\":\"https:\\\/\\\/schema.org\",\"@graph\":[{\"@type\":\"WebPage\",\"@id\":\"https:\\\/\\\/loerakkerledline.nl\\\/fr\\\/telecharger-le-catalogue\\\/\",\"url\":\"https:\\\/\\\/loerakkerledline.nl\\\/fr\\\/telecharger-le-catalogue\\\/\",\"name\":\"T\u00e9l\u00e9charger le catalogue - Loerakker Ledline\",\"isPartOf\":{\"@id\":\"https:\\\/\\\/loerakkerledline.nl\\\/#website\"},\"primaryImageOfPage\":{\"@id\":\"https:\\\/\\\/loerakkerledline.nl\\\/fr\\\/telecharger-le-catalogue\\\/#primaryimage\"},\"image\":{\"@id\":\"https:\\\/\\\/loerakkerledline.nl\\\/fr\\\/telecharger-le-catalogue\\\/#primaryimage\"},\"thumbnailUrl\":\"https:\\/\\/loerakkerledline.nl\\/wp-content\\/uploads\\/2024\\/10\\/Loerakker-catalogus-beeld_online_2.png\",\"datePublished\":\"2024-12-18T13:55:08+00:00\",\"dateModified\":\"2025-12-13T16:10:32+00:00\",\"breadcrumb\":{\"@id\":\"https:\\\/\\\/loerakkerledline.nl\\\/fr\\\/telecharger-le-catalogue\\\/#breadcrumb\"},\"inLanguage\":\"fr-FR\",\"potentialAction\":[{\"@type\":\"ReadAction\",\"target\":[\"https:\\\/\\\/loerakkerledline.nl\\\/fr\\\/telecharger-le-catalogue\\\/\"]}]},{\"@type\":\"ImageObject\",\"inLanguage\":\"fr-FR\",\"@id\":\"https:\\\/\\\/loerakkerledline.nl\\\/fr\\\/telecharger-le-catalogue\\\/#primaryimage\",\"url\":\"https:\\/\\/loerakkerledline.nl\\/wp-content\\/uploads\\/2024\\/10\\/Loerakker-catalogus-beeld_online_2.png\",\"contentUrl\":\"https:\\/\\/loerakkerledline.nl\\/wp-content\\/uploads\\/2024\\/10\\/Loerakker-catalogus-beeld_online_2.png\"},{\"@type\":\"BreadcrumbList\",\"@id\":\"https:\\\/\\\/loerakkerledline.nl\\\/fr\\\/telecharger-le-catalogue\\\/#breadcrumb\",\"itemListElement\":[{\"@type\":\"ListItem\",\"position\":1,\"name\":\"Home\",\"item\":\"https:\\\/\\\/loerakkerledline.nl\\\/fr\\\/\"},{\"@type\":\"ListItem\",\"position\":2,\"name\":\"T\u00e9l\u00e9charger le catalogue\"}]},{\"@type\":\"WebSite\",\"@id\":\"https:\\\/\\\/loerakkerledline.nl\\\/#website\",\"url\":\"https:\\\/\\\/loerakkerledline.nl\\\/\",\"name\":\"Loerakker Ledline\",\"description\":\"\",\"potentialAction\":[{\"@type\":\"SearchAction\",\"target\":{\"@type\":\"EntryPoint\",\"urlTemplate\":\"https:\\\/\\\/loerakkerledline.nl\\\/?s={search_term_string}\"},\"query-input\":{\"@type\":\"PropertyValueSpecification\",\"valueRequired\":true,\"valueName\":\"search_term_string\"}}],\"inLanguage\":\"fr-FR\"}]}<\/script>\n<!-- \/ Yoast SEO plugin. -->","yoast_head_json":{"title":"T\u00e9l\u00e9charger le catalogue - Loerakker Ledline","robots":{"index":"index","follow":"follow","max-snippet":"max-snippet:-1","max-image-preview":"max-image-preview:large","max-video-preview":"max-video-preview:-1"},"canonical":"https:\/\/loerakkerledline.nl\/fr\/telecharger-le-catalogue\/","og_locale":"fr_FR","og_type":"article","og_title":"T\u00e9l\u00e9charger le catalogue - Loerakker Ledline","og_description":"T\u00e9l\u00e9chargez le livre d&rsquo;inspiration &lsquo;Better light for work, care and education&rsquo; ici Notre vision de l&rsquo;\u00e9clairage, des solutions pratiques et tous les luminaires mis en valeur !","og_url":"https:\/\/loerakkerledline.nl\/fr\/telecharger-le-catalogue\/","og_site_name":"Loerakker Ledline","article_modified_time":"2025-12-13T16:10:32+00:00","og_image":[{"width":1000,"height":1000,"url":"https:\/\/mlfq4kqdz63e.i.optimole.com\/w:auto\/h:auto\/q:mauto\/g:sm\/f:best\/https:\/\/loerakkerledline.nl\/wp-content\/uploads\/2024\/10\/Loerakker-catalogus-beeld_online_2.png","type":"image\/png"}],"twitter_card":"summary_large_image","schema":{"@context":"https:\/\/schema.org","@graph":[{"@type":"WebPage","@id":"https:\/\/loerakkerledline.nl\/fr\/telecharger-le-catalogue\/","url":"https:\/\/loerakkerledline.nl\/fr\/telecharger-le-catalogue\/","name":"T\u00e9l\u00e9charger le catalogue - Loerakker Ledline","isPartOf":{"@id":"https:\/\/loerakkerledline.nl\/#website"},"primaryImageOfPage":{"@id":"https:\/\/loerakkerledline.nl\/fr\/telecharger-le-catalogue\/#primaryimage"},"image":{"@id":"https:\/\/loerakkerledline.nl\/fr\/telecharger-le-catalogue\/#primaryimage"},"thumbnailUrl":"https:\/\/mlfq4kqdz63e.i.optimole.com\/w:auto\/h:auto\/q:mauto\/g:sm\/f:best\/https:\/\/loerakkerledline.nl\/wp-content\/uploads\/2024\/10\/Loerakker-catalogus-beeld_online_2.png","datePublished":"2024-12-18T13:55:08+00:00","dateModified":"2025-12-13T16:10:32+00:00","breadcrumb":{"@id":"https:\/\/loerakkerledline.nl\/fr\/telecharger-le-catalogue\/#breadcrumb"},"inLanguage":"fr-FR","potentialAction":[{"@type":"ReadAction","target":["https:\/\/loerakkerledline.nl\/fr\/telecharger-le-catalogue\/"]}]},{"@type":"ImageObject","inLanguage":"fr-FR","@id":"https:\/\/loerakkerledline.nl\/fr\/telecharger-le-catalogue\/#primaryimage","url":"https:\/\/mlfq4kqdz63e.i.optimole.com\/w:auto\/h:auto\/q:mauto\/g:sm\/f:best\/https:\/\/loerakkerledline.nl\/wp-content\/uploads\/2024\/10\/Loerakker-catalogus-beeld_online_2.png","contentUrl":"https:\/\/mlfq4kqdz63e.i.optimole.com\/w:auto\/h:auto\/q:mauto\/g:sm\/f:best\/https:\/\/loerakkerledline.nl\/wp-content\/uploads\/2024\/10\/Loerakker-catalogus-beeld_online_2.png"},{"@type":"BreadcrumbList","@id":"https:\/\/loerakkerledline.nl\/fr\/telecharger-le-catalogue\/#breadcrumb","itemListElement":[{"@type":"ListItem","position":1,"name":"Home","item":"https:\/\/loerakkerledline.nl\/fr\/"},{"@type":"ListItem","position":2,"name":"T\u00e9l\u00e9charger le catalogue"}]},{"@type":"WebSite","@id":"https:\/\/loerakkerledline.nl\/#website","url":"https:\/\/loerakkerledline.nl\/","name":"Loerakker Ledline","description":"","potentialAction":[{"@type":"SearchAction","target":{"@type":"EntryPoint","urlTemplate":"https:\/\/loerakkerledline.nl\/?s={search_term_string}"},"query-input":{"@type":"PropertyValueSpecification","valueRequired":true,"valueName":"search_term_string"}}],"inLanguage":"fr-FR"}]}},"_links":{"self":[{"href":"https:\/\/loerakkerledline.nl\/fr\/wp-json\/wp\/v2\/pages\/33558","targetHints":{"allow":["GET"]}}],"collection":[{"href":"https:\/\/loerakkerledline.nl\/fr\/wp-json\/wp\/v2\/pages"}],"about":[{"href":"https:\/\/loerakkerledline.nl\/fr\/wp-json\/wp\/v2\/types\/page"}],"author":[{"embeddable":true,"href":"https:\/\/loerakkerledline.nl\/fr\/wp-json\/wp\/v2\/users\/9"}],"replies":[{"embeddable":true,"href":"https:\/\/loerakkerledline.nl\/fr\/wp-json\/wp\/v2\/comments?post=33558"}],"version-history":[{"count":1,"href":"https:\/\/loerakkerledline.nl\/fr\/wp-json\/wp\/v2\/pages\/33558\/revisions"}],"predecessor-version":[{"id":33559,"href":"https:\/\/loerakkerledline.nl\/fr\/wp-json\/wp\/v2\/pages\/33558\/revisions\/33559"}],"wp:attachment":[{"href":"https:\/\/loerakkerledline.nl\/fr\/wp-json\/wp\/v2\/media?parent=33558"}],"curies":[{"name":"wp","href":"https:\/\/api.w.org\/{rel}","templated":true}]}}