{"id":33546,"date":"2025-12-04T13:48:34","date_gmt":"2025-12-04T13:48:34","guid":{"rendered":"https:\/\/loerakkerledline.nl\/brochure-hunter-douglas\/"},"modified":"2025-12-13T16:07:37","modified_gmt":"2025-12-13T16:07:37","slug":"brochure-hunter-douglas","status":"publish","type":"page","link":"https:\/\/loerakkerledline.nl\/fr\/brochure-hunter-douglas\/","title":{"rendered":"Brochure Hunter Douglas"},"content":{"rendered":"\n<div class=\"wp-block-group is-style-full-width-ground has-c-alabaster-background-color has-background\"><div class=\"wp-block-group__inner-container\">\n<div class=\"wp-block-group is-style-wide-content\"><div class=\"wp-block-group__inner-container\">\n<div class=\"wp-block-columns has-2-columns is-style-default\">\n<div class=\"wp-block-column\">\n<h3 class=\"wp-block-heading\">BROCHURE HUNTER DOUGLAS<\/h3>\n\n\n\n<p>D\u00e9couvrez nos solutions d&rsquo;\u00e9clairage exclusives et personnalis\u00e9es pour les plafonds HunterDouglas\u00ae. Parfaitement adapt\u00e9es \u00e0 toute conception lin\u00e9aire en feutre, en bois ou en aluminium. Lisez la brochure.  <\/p>\n\n\n\n<div class=\"_form_53\"><\/div><script src=\"https:\/\/loerakker.activehosted.com\/f\/embed.php?id=53\" charset=\"utf-8\"><\/script>\n<\/div>\n\n\n\n<div class=\"wp-block-column\">\n<figure class=\"wp-block-image size-full\"><img data-opt-id=7810246  fetchpriority=\"high\" decoding=\"async\" width=\"1920\" height=\"1440\" src=\"https:\/\/mlfq4kqdz63e.i.optimole.com\/w:auto\/h:auto\/q:mauto\/g:sm\/f:best\/https:\/\/loerakkerledline.nl\/wp-content\/uploads\/2025\/12\/greeting-card-mockup-featuring-a-wooden-texture-backdrop-5223-el1.png\" alt=\"\" class=\"wp-image-33353\" srcset=\"https:\/\/mlfq4kqdz63e.i.optimole.com\/w:1440\/h:1080\/q:mauto\/g:sm\/f:best\/https:\/\/loerakkerledline.nl\/wp-content\/uploads\/2025\/12\/greeting-card-mockup-featuring-a-wooden-texture-backdrop-5223-el1.png 1920w, https:\/\/mlfq4kqdz63e.i.optimole.com\/w:535\/h:401\/q:mauto\/g:sm\/f:best\/https:\/\/loerakkerledline.nl\/wp-content\/uploads\/2025\/12\/greeting-card-mockup-featuring-a-wooden-texture-backdrop-5223-el1.png 535w, https:\/\/mlfq4kqdz63e.i.optimole.com\/w:1440\/h:1080\/q:mauto\/g:sm\/f:best\/https:\/\/loerakkerledline.nl\/wp-content\/uploads\/2025\/12\/greeting-card-mockup-featuring-a-wooden-texture-backdrop-5223-el1.png 1600w, https:\/\/mlfq4kqdz63e.i.optimole.com\/w:550\/h:413\/q:mauto\/g:sm\/f:best\/https:\/\/loerakkerledline.nl\/wp-content\/uploads\/2025\/12\/greeting-card-mockup-featuring-a-wooden-texture-backdrop-5223-el1.png 550w, https:\/\/mlfq4kqdz63e.i.optimole.com\/w:90\/h:67\/q:mauto\/g:sm\/f:best\/dpr:2\/https:\/\/loerakkerledline.nl\/wp-content\/uploads\/2025\/12\/greeting-card-mockup-featuring-a-wooden-texture-backdrop-5223-el1.png 90w, https:\/\/mlfq4kqdz63e.i.optimole.com\/w:713\/h:535\/q:mauto\/g:sm\/f:best\/https:\/\/loerakkerledline.nl\/wp-content\/uploads\/2025\/12\/greeting-card-mockup-featuring-a-wooden-texture-backdrop-5223-el1.png 713w, https:\/\/mlfq4kqdz63e.i.optimole.com\/w:352\/h:264\/q:mauto\/g:sm\/f:best\/https:\/\/loerakkerledline.nl\/wp-content\/uploads\/2025\/12\/greeting-card-mockup-featuring-a-wooden-texture-backdrop-5223-el1.png 352w, https:\/\/mlfq4kqdz63e.i.optimole.com\/w:1100\/h:825\/q:mauto\/g:sm\/f:best\/https:\/\/loerakkerledline.nl\/wp-content\/uploads\/2025\/12\/greeting-card-mockup-featuring-a-wooden-texture-backdrop-5223-el1.png 1100w\" sizes=\"(max-width: 1000px) 100vw, 1000px\" \/><\/figure>\n<\/div>\n<\/div>\n<\/div><\/div>\n<\/div><\/div>\n\n<div class=\"wp-block-group is-style-wide-content\"\/>\n\n<div class=\"wp-block-group is-style-full-width-ground has-c-alabaster-background-color has-background\"><div class=\"wp-block-group__inner-container\">\n<div class=\"wp-block-group is-style-wide-content\"><div class=\"wp-block-group__inner-container\">\n<p><\/p>\n<\/div><\/div>\n<\/div><\/div>\n\n<div class=\"wp-block-group is-style-wide-content\"\/>\n","protected":false},"excerpt":{"rendered":"<p>BROCHURE HUNTER DOUGLAS D\u00e9couvrez nos solutions d&rsquo;\u00e9clairage exclusives et personnalis\u00e9es pour les plafonds HunterDouglas\u00ae. Parfaitement adapt\u00e9es \u00e0 toute conception lin\u00e9aire en feutre, en bois ou en aluminium. Lisez la brochure.<\/p>\n","protected":false},"author":20,"featured_media":0,"parent":0,"menu_order":0,"comment_status":"closed","ping_status":"closed","template":"","meta":{"_acf_changed":false,"footnotes":""},"class_list":["post-33546","page","type-page","status-publish","hentry"],"acf":[],"yoast_head":"<!-- This site is optimized with the Yoast SEO plugin v27.1 - https:\/\/yoast.com\/product\/yoast-seo-wordpress\/ -->\n<title>Brochure Hunter Douglas - Loerakker Ledline<\/title>\n<meta name=\"robots\" content=\"index, follow, max-snippet:-1, max-image-preview:large, max-video-preview:-1\" \/>\n<link rel=\"canonical\" href=\"https:\/\/loerakkerledline.nl\/fr\/brochure-hunter-douglas\/\" \/>\n<meta property=\"og:locale\" content=\"fr_FR\" \/>\n<meta property=\"og:type\" content=\"article\" \/>\n<meta property=\"og:title\" content=\"Brochure Hunter Douglas - Loerakker Ledline\" \/>\n<meta property=\"og:description\" content=\"BROCHURE HUNTER DOUGLAS D\u00e9couvrez nos solutions d&rsquo;\u00e9clairage exclusives et personnalis\u00e9es pour les plafonds HunterDouglas\u00ae. Parfaitement adapt\u00e9es \u00e0 toute conception lin\u00e9aire en feutre, en bois ou en aluminium. Lisez la brochure.\" \/>\n<meta property=\"og:url\" content=\"https:\/\/loerakkerledline.nl\/fr\/brochure-hunter-douglas\/\" \/>\n<meta property=\"og:site_name\" content=\"Loerakker Ledline\" \/>\n<meta property=\"article:modified_time\" content=\"2025-12-13T16:07:37+00:00\" \/>\n<meta property=\"og:image\" content=\"https:\/\/mlfq4kqdz63e.i.optimole.com\/w:auto\/h:auto\/q:mauto\/g:sm\/f:best\/https:\/\/loerakkerledline.nl\/wp-content\/uploads\/2025\/12\/greeting-card-mockup-featuring-a-wooden-texture-backdrop-5223-el1.png\" \/>\n\t<meta property=\"og:image:width\" content=\"1920\" \/>\n\t<meta property=\"og:image:height\" content=\"1440\" \/>\n\t<meta property=\"og:image:type\" content=\"image\/png\" \/>\n<meta name=\"twitter:card\" content=\"summary_large_image\" \/>\n<script type=\"application\/ld+json\" class=\"yoast-schema-graph\">{\"@context\":\"https:\/\/schema.org\",\"@graph\":[{\"@type\":\"WebPage\",\"@id\":\"https:\/\/loerakkerledline.nl\/fr\/brochure-hunter-douglas\/\",\"url\":\"https:\/\/loerakkerledline.nl\/fr\/brochure-hunter-douglas\/\",\"name\":\"Brochure Hunter Douglas - Loerakker Ledline\",\"isPartOf\":{\"@id\":\"https:\/\/loerakkerledline.nl\/#website\"},\"primaryImageOfPage\":{\"@id\":\"https:\/\/loerakkerledline.nl\/fr\/brochure-hunter-douglas\/#primaryimage\"},\"image\":{\"@id\":\"https:\/\/loerakkerledline.nl\/fr\/brochure-hunter-douglas\/#primaryimage\"},\"thumbnailUrl\":\"https:\/\/mlfq4kqdz63e.i.optimole.com\/w:auto\/h:auto\/q:mauto\/g:sm\/f:best\/https:\/\/loerakkerledline.nl\/wp-content\/uploads\/2025\/12\/greeting-card-mockup-featuring-a-wooden-texture-backdrop-5223-el1.png\",\"datePublished\":\"2025-12-04T13:48:34+00:00\",\"dateModified\":\"2025-12-13T16:07:37+00:00\",\"breadcrumb\":{\"@id\":\"https:\/\/loerakkerledline.nl\/fr\/brochure-hunter-douglas\/#breadcrumb\"},\"inLanguage\":\"fr-FR\",\"potentialAction\":[{\"@type\":\"ReadAction\",\"target\":[\"https:\/\/loerakkerledline.nl\/fr\/brochure-hunter-douglas\/\"]}]},{\"@type\":\"ImageObject\",\"inLanguage\":\"fr-FR\",\"@id\":\"https:\/\/loerakkerledline.nl\/fr\/brochure-hunter-douglas\/#primaryimage\",\"url\":\"https:\/\/mlfq4kqdz63e.i.optimole.com\/w:auto\/h:auto\/q:mauto\/g:sm\/f:best\/https:\/\/loerakkerledline.nl\/wp-content\/uploads\/2025\/12\/greeting-card-mockup-featuring-a-wooden-texture-backdrop-5223-el1.png\",\"contentUrl\":\"https:\/\/mlfq4kqdz63e.i.optimole.com\/w:auto\/h:auto\/q:mauto\/g:sm\/f:best\/https:\/\/loerakkerledline.nl\/wp-content\/uploads\/2025\/12\/greeting-card-mockup-featuring-a-wooden-texture-backdrop-5223-el1.png\"},{\"@type\":\"BreadcrumbList\",\"@id\":\"https:\/\/loerakkerledline.nl\/fr\/brochure-hunter-douglas\/#breadcrumb\",\"itemListElement\":[{\"@type\":\"ListItem\",\"position\":1,\"name\":\"Home\",\"item\":\"https:\/\/loerakkerledline.nl\/fr\/\"},{\"@type\":\"ListItem\",\"position\":2,\"name\":\"Brochure Hunter Douglas\"}]},{\"@type\":\"WebSite\",\"@id\":\"https:\/\/loerakkerledline.nl\/#website\",\"url\":\"https:\/\/loerakkerledline.nl\/\",\"name\":\"Loerakker Ledline\",\"description\":\"\",\"potentialAction\":[{\"@type\":\"SearchAction\",\"target\":{\"@type\":\"EntryPoint\",\"urlTemplate\":\"https:\/\/loerakkerledline.nl\/?s={search_term_string}\"},\"query-input\":{\"@type\":\"PropertyValueSpecification\",\"valueRequired\":true,\"valueName\":\"search_term_string\"}}],\"inLanguage\":\"fr-FR\"}]}<\/script>\n<!-- \/ Yoast SEO plugin. -->","yoast_head_json":{"title":"Brochure Hunter Douglas - Loerakker Ledline","robots":{"index":"index","follow":"follow","max-snippet":"max-snippet:-1","max-image-preview":"max-image-preview:large","max-video-preview":"max-video-preview:-1"},"canonical":"https:\/\/loerakkerledline.nl\/fr\/brochure-hunter-douglas\/","og_locale":"fr_FR","og_type":"article","og_title":"Brochure Hunter Douglas - Loerakker Ledline","og_description":"BROCHURE HUNTER DOUGLAS D\u00e9couvrez nos solutions d&rsquo;\u00e9clairage exclusives et personnalis\u00e9es pour les plafonds HunterDouglas\u00ae. Parfaitement adapt\u00e9es \u00e0 toute conception lin\u00e9aire en feutre, en bois ou en aluminium. Lisez la brochure.","og_url":"https:\/\/loerakkerledline.nl\/fr\/brochure-hunter-douglas\/","og_site_name":"Loerakker Ledline","article_modified_time":"2025-12-13T16:07:37+00:00","og_image":[{"width":1920,"height":1440,"url":"https:\/\/mlfq4kqdz63e.i.optimole.com\/w:auto\/h:auto\/q:mauto\/g:sm\/f:best\/https:\/\/loerakkerledline.nl\/wp-content\/uploads\/2025\/12\/greeting-card-mockup-featuring-a-wooden-texture-backdrop-5223-el1.png","type":"image\/png"}],"twitter_card":"summary_large_image","schema":{"@context":"https:\/\/schema.org","@graph":[{"@type":"WebPage","@id":"https:\/\/loerakkerledline.nl\/fr\/brochure-hunter-douglas\/","url":"https:\/\/loerakkerledline.nl\/fr\/brochure-hunter-douglas\/","name":"Brochure Hunter Douglas - Loerakker Ledline","isPartOf":{"@id":"https:\/\/loerakkerledline.nl\/#website"},"primaryImageOfPage":{"@id":"https:\/\/loerakkerledline.nl\/fr\/brochure-hunter-douglas\/#primaryimage"},"image":{"@id":"https:\/\/loerakkerledline.nl\/fr\/brochure-hunter-douglas\/#primaryimage"},"thumbnailUrl":"https:\/\/mlfq4kqdz63e.i.optimole.com\/w:auto\/h:auto\/q:mauto\/g:sm\/f:best\/https:\/\/loerakkerledline.nl\/wp-content\/uploads\/2025\/12\/greeting-card-mockup-featuring-a-wooden-texture-backdrop-5223-el1.png","datePublished":"2025-12-04T13:48:34+00:00","dateModified":"2025-12-13T16:07:37+00:00","breadcrumb":{"@id":"https:\/\/loerakkerledline.nl\/fr\/brochure-hunter-douglas\/#breadcrumb"},"inLanguage":"fr-FR","potentialAction":[{"@type":"ReadAction","target":["https:\/\/loerakkerledline.nl\/fr\/brochure-hunter-douglas\/"]}]},{"@type":"ImageObject","inLanguage":"fr-FR","@id":"https:\/\/loerakkerledline.nl\/fr\/brochure-hunter-douglas\/#primaryimage","url":"https:\/\/mlfq4kqdz63e.i.optimole.com\/w:auto\/h:auto\/q:mauto\/g:sm\/f:best\/https:\/\/loerakkerledline.nl\/wp-content\/uploads\/2025\/12\/greeting-card-mockup-featuring-a-wooden-texture-backdrop-5223-el1.png","contentUrl":"https:\/\/mlfq4kqdz63e.i.optimole.com\/w:auto\/h:auto\/q:mauto\/g:sm\/f:best\/https:\/\/loerakkerledline.nl\/wp-content\/uploads\/2025\/12\/greeting-card-mockup-featuring-a-wooden-texture-backdrop-5223-el1.png"},{"@type":"BreadcrumbList","@id":"https:\/\/loerakkerledline.nl\/fr\/brochure-hunter-douglas\/#breadcrumb","itemListElement":[{"@type":"ListItem","position":1,"name":"Home","item":"https:\/\/loerakkerledline.nl\/fr\/"},{"@type":"ListItem","position":2,"name":"Brochure Hunter Douglas"}]},{"@type":"WebSite","@id":"https:\/\/loerakkerledline.nl\/#website","url":"https:\/\/loerakkerledline.nl\/","name":"Loerakker Ledline","description":"","potentialAction":[{"@type":"SearchAction","target":{"@type":"EntryPoint","urlTemplate":"https:\/\/loerakkerledline.nl\/?s={search_term_string}"},"query-input":{"@type":"PropertyValueSpecification","valueRequired":true,"valueName":"search_term_string"}}],"inLanguage":"fr-FR"}]}},"_links":{"self":[{"href":"https:\/\/loerakkerledline.nl\/fr\/wp-json\/wp\/v2\/pages\/33546","targetHints":{"allow":["GET"]}}],"collection":[{"href":"https:\/\/loerakkerledline.nl\/fr\/wp-json\/wp\/v2\/pages"}],"about":[{"href":"https:\/\/loerakkerledline.nl\/fr\/wp-json\/wp\/v2\/types\/page"}],"author":[{"embeddable":true,"href":"https:\/\/loerakkerledline.nl\/fr\/wp-json\/wp\/v2\/users\/20"}],"replies":[{"embeddable":true,"href":"https:\/\/loerakkerledline.nl\/fr\/wp-json\/wp\/v2\/comments?post=33546"}],"version-history":[{"count":1,"href":"https:\/\/loerakkerledline.nl\/fr\/wp-json\/wp\/v2\/pages\/33546\/revisions"}],"predecessor-version":[{"id":33547,"href":"https:\/\/loerakkerledline.nl\/fr\/wp-json\/wp\/v2\/pages\/33546\/revisions\/33547"}],"wp:attachment":[{"href":"https:\/\/loerakkerledline.nl\/fr\/wp-json\/wp\/v2\/media?parent=33546"}],"curies":[{"name":"wp","href":"https:\/\/api.w.org\/{rel}","templated":true}]}}