{"id":33514,"date":"2025-03-12T07:55:04","date_gmt":"2025-03-12T07:55:04","guid":{"rendered":"https:\/\/loerakkerledline.nl\/prendre-un-rendez-vous-immediatement\/"},"modified":"2025-12-13T15:57:57","modified_gmt":"2025-12-13T15:57:57","slug":"prendre-un-rendez-vous-immediatement","status":"publish","type":"page","link":"https:\/\/loerakkerledline.nl\/fr\/prendre-un-rendez-vous-immediatement\/","title":{"rendered":"Prendre un rendez-vous imm\u00e9diatement ?"},"content":{"rendered":"\n<div class=\"wp-block-group is-style-full-width-bar has-c-azure-color has-c-alabaster-background-color has-text-color has-background has-link-color wp-elements-292008797387f02de096da7006cc9a05\"><div class=\"wp-block-group__inner-container\">\n<div class=\"wp-block-group is-style-full-width-ground ergonomie-banner has-c-azure-color has-c-alabaster-background-color has-text-color has-background has-link-color wp-elements-8f2b5741c02b6329b87e0aba31c4eeff\"><div class=\"wp-block-group__inner-container\">\n<h2 class=\"wp-block-heading\">Ci-dessous, vous pouvez choisir parmi les diff\u00e9rents rendez-vous sur place ou dans notre studio d&rsquo;\u00e9clairage \u00e0 Amersfoort.<\/h2>\n<\/div><\/div>\n<\/div><\/div>\n\n<div class=\"wp-block-columns has-3-columns is-style-section-margin\">\n<div class=\"wp-block-column\"><\/div>\n\n\n\n<div class=\"wp-block-column\"><\/div>\n\n\n\n<div class=\"wp-block-column\"><\/div>\n<\/div>\n\n<!-- Calendly inline widget begin -->\n<div class=\"calendly-inline-widget\" data-url=\"https:\/\/calendly.com\/loerakker?hide_landing_page_details=1&#038;hide_gdpr_banner=1&#038;text_color=868686\" style=\"min-width:320px;height:700px;\"><\/div>\n<script type=\"text\/javascript\" src=\"https:\/\/assets.calendly.com\/assets\/external\/widget.js\" async=\"\"><\/script>\n<!-- Calendly inline widget end -->\n\n<div style=\"height:60px\" aria-hidden=\"true\" class=\"wp-block-spacer\"><\/div>\n","protected":false},"excerpt":{"rendered":"<p>Ci-dessous, vous pouvez choisir parmi les diff\u00e9rents rendez-vous sur place ou dans notre studio d&rsquo;\u00e9clairage \u00e0 Amersfoort.<\/p>\n","protected":false},"author":12,"featured_media":0,"parent":0,"menu_order":0,"comment_status":"closed","ping_status":"closed","template":"","meta":{"_acf_changed":false,"footnotes":""},"class_list":["post-33514","page","type-page","status-publish","hentry"],"acf":[],"yoast_head":"<!-- This site is optimized with the Yoast SEO plugin v27.1 - https:\/\/yoast.com\/product\/yoast-seo-wordpress\/ -->\n<title>Prendre un rendez-vous imm\u00e9diatement ? - Loerakker Ledline<\/title>\n<meta name=\"robots\" content=\"index, follow, max-snippet:-1, max-image-preview:large, max-video-preview:-1\" \/>\n<link rel=\"canonical\" href=\"https:\/\/loerakkerledline.nl\/fr\/prendre-un-rendez-vous-immediatement\/\" \/>\n<meta property=\"og:locale\" content=\"fr_FR\" \/>\n<meta property=\"og:type\" content=\"article\" \/>\n<meta property=\"og:title\" content=\"Prendre un rendez-vous imm\u00e9diatement ? - Loerakker Ledline\" \/>\n<meta property=\"og:description\" content=\"Ci-dessous, vous pouvez choisir parmi les diff\u00e9rents rendez-vous sur place ou dans notre studio d&rsquo;\u00e9clairage \u00e0 Amersfoort.\" \/>\n<meta property=\"og:url\" content=\"https:\/\/loerakkerledline.nl\/fr\/prendre-un-rendez-vous-immediatement\/\" \/>\n<meta property=\"og:site_name\" content=\"Loerakker Ledline\" \/>\n<meta property=\"article:modified_time\" content=\"2025-12-13T15:57:57+00:00\" \/>\n<meta name=\"twitter:card\" content=\"summary_large_image\" \/>\n<script type=\"application\/ld+json\" class=\"yoast-schema-graph\">{\"@context\":\"https:\/\/schema.org\",\"@graph\":[{\"@type\":\"WebPage\",\"@id\":\"https:\/\/loerakkerledline.nl\/fr\/prendre-un-rendez-vous-immediatement\/\",\"url\":\"https:\/\/loerakkerledline.nl\/fr\/prendre-un-rendez-vous-immediatement\/\",\"name\":\"Prendre un rendez-vous imm\u00e9diatement ? - Loerakker Ledline\",\"isPartOf\":{\"@id\":\"https:\/\/loerakkerledline.nl\/#website\"},\"datePublished\":\"2025-03-12T07:55:04+00:00\",\"dateModified\":\"2025-12-13T15:57:57+00:00\",\"breadcrumb\":{\"@id\":\"https:\/\/loerakkerledline.nl\/fr\/prendre-un-rendez-vous-immediatement\/#breadcrumb\"},\"inLanguage\":\"fr-FR\",\"potentialAction\":[{\"@type\":\"ReadAction\",\"target\":[\"https:\/\/loerakkerledline.nl\/fr\/prendre-un-rendez-vous-immediatement\/\"]}]},{\"@type\":\"BreadcrumbList\",\"@id\":\"https:\/\/loerakkerledline.nl\/fr\/prendre-un-rendez-vous-immediatement\/#breadcrumb\",\"itemListElement\":[{\"@type\":\"ListItem\",\"position\":1,\"name\":\"Home\",\"item\":\"https:\/\/loerakkerledline.nl\/fr\/\"},{\"@type\":\"ListItem\",\"position\":2,\"name\":\"Prendre un rendez-vous imm\u00e9diatement ?\"}]},{\"@type\":\"WebSite\",\"@id\":\"https:\/\/loerakkerledline.nl\/#website\",\"url\":\"https:\/\/loerakkerledline.nl\/\",\"name\":\"Loerakker Ledline\",\"description\":\"\",\"potentialAction\":[{\"@type\":\"SearchAction\",\"target\":{\"@type\":\"EntryPoint\",\"urlTemplate\":\"https:\/\/loerakkerledline.nl\/?s={search_term_string}\"},\"query-input\":{\"@type\":\"PropertyValueSpecification\",\"valueRequired\":true,\"valueName\":\"search_term_string\"}}],\"inLanguage\":\"fr-FR\"}]}<\/script>\n<!-- \/ Yoast SEO plugin. -->","yoast_head_json":{"title":"Prendre un rendez-vous imm\u00e9diatement ? - Loerakker Ledline","robots":{"index":"index","follow":"follow","max-snippet":"max-snippet:-1","max-image-preview":"max-image-preview:large","max-video-preview":"max-video-preview:-1"},"canonical":"https:\/\/loerakkerledline.nl\/fr\/prendre-un-rendez-vous-immediatement\/","og_locale":"fr_FR","og_type":"article","og_title":"Prendre un rendez-vous imm\u00e9diatement ? - Loerakker Ledline","og_description":"Ci-dessous, vous pouvez choisir parmi les diff\u00e9rents rendez-vous sur place ou dans notre studio d&rsquo;\u00e9clairage \u00e0 Amersfoort.","og_url":"https:\/\/loerakkerledline.nl\/fr\/prendre-un-rendez-vous-immediatement\/","og_site_name":"Loerakker Ledline","article_modified_time":"2025-12-13T15:57:57+00:00","twitter_card":"summary_large_image","schema":{"@context":"https:\/\/schema.org","@graph":[{"@type":"WebPage","@id":"https:\/\/loerakkerledline.nl\/fr\/prendre-un-rendez-vous-immediatement\/","url":"https:\/\/loerakkerledline.nl\/fr\/prendre-un-rendez-vous-immediatement\/","name":"Prendre un rendez-vous imm\u00e9diatement ? - Loerakker Ledline","isPartOf":{"@id":"https:\/\/loerakkerledline.nl\/#website"},"datePublished":"2025-03-12T07:55:04+00:00","dateModified":"2025-12-13T15:57:57+00:00","breadcrumb":{"@id":"https:\/\/loerakkerledline.nl\/fr\/prendre-un-rendez-vous-immediatement\/#breadcrumb"},"inLanguage":"fr-FR","potentialAction":[{"@type":"ReadAction","target":["https:\/\/loerakkerledline.nl\/fr\/prendre-un-rendez-vous-immediatement\/"]}]},{"@type":"BreadcrumbList","@id":"https:\/\/loerakkerledline.nl\/fr\/prendre-un-rendez-vous-immediatement\/#breadcrumb","itemListElement":[{"@type":"ListItem","position":1,"name":"Home","item":"https:\/\/loerakkerledline.nl\/fr\/"},{"@type":"ListItem","position":2,"name":"Prendre un rendez-vous imm\u00e9diatement ?"}]},{"@type":"WebSite","@id":"https:\/\/loerakkerledline.nl\/#website","url":"https:\/\/loerakkerledline.nl\/","name":"Loerakker Ledline","description":"","potentialAction":[{"@type":"SearchAction","target":{"@type":"EntryPoint","urlTemplate":"https:\/\/loerakkerledline.nl\/?s={search_term_string}"},"query-input":{"@type":"PropertyValueSpecification","valueRequired":true,"valueName":"search_term_string"}}],"inLanguage":"fr-FR"}]}},"_links":{"self":[{"href":"https:\/\/loerakkerledline.nl\/fr\/wp-json\/wp\/v2\/pages\/33514","targetHints":{"allow":["GET"]}}],"collection":[{"href":"https:\/\/loerakkerledline.nl\/fr\/wp-json\/wp\/v2\/pages"}],"about":[{"href":"https:\/\/loerakkerledline.nl\/fr\/wp-json\/wp\/v2\/types\/page"}],"author":[{"embeddable":true,"href":"https:\/\/loerakkerledline.nl\/fr\/wp-json\/wp\/v2\/users\/12"}],"replies":[{"embeddable":true,"href":"https:\/\/loerakkerledline.nl\/fr\/wp-json\/wp\/v2\/comments?post=33514"}],"version-history":[{"count":1,"href":"https:\/\/loerakkerledline.nl\/fr\/wp-json\/wp\/v2\/pages\/33514\/revisions"}],"predecessor-version":[{"id":33515,"href":"https:\/\/loerakkerledline.nl\/fr\/wp-json\/wp\/v2\/pages\/33514\/revisions\/33515"}],"wp:attachment":[{"href":"https:\/\/loerakkerledline.nl\/fr\/wp-json\/wp\/v2\/media?parent=33514"}],"curies":[{"name":"wp","href":"https:\/\/api.w.org\/{rel}","templated":true}]}}