{"id":33490,"date":"2023-05-29T10:17:49","date_gmt":"2023-05-29T10:17:49","guid":{"rendered":"https:\/\/loerakkerledline.nl\/demande-de-mise-a-jour\/"},"modified":"2025-12-13T15:53:46","modified_gmt":"2025-12-13T15:53:46","slug":"demande-de-mise-a-jour","status":"publish","type":"page","link":"https:\/\/loerakkerledline.nl\/fr\/demande-de-mise-a-jour\/","title":{"rendered":"Demande de mise \u00e0 jour"},"content":{"rendered":"\n<p><\/p>\n\n<p><\/p>\n\n<h3 class=\"wp-block-heading\">Demande de modification de vos donn\u00e9es<\/h3>\n\n<p><\/p>\n\n<div class=\"wp-block-columns has-2-columns\">\n<div class=\"wp-block-column\">\n<p>Vous avez soumis une demande de modification de vos donn\u00e9es. Veuillez consulter votre courrier \u00e9lectronique pour obtenir d&rsquo;autres instructions. Avez-vous d&rsquo;autres questions ? Envoyez un courrier \u00e0 <a href=\"mailto:info@loerakkerledline.nl\">info@loerakkerledline.nl<\/a>   <\/p>\n\n\n\n<p>La ligne de t\u00eate de l&rsquo;\u00e9quipe Loerakker<\/p>\n\n\n\n<p><\/p>\n<\/div>\n\n\n\n<div class=\"wp-block-column\">\n<figure class=\"wp-block-image size-full\"><img data-opt-id=952718951  fetchpriority=\"high\" decoding=\"async\" width=\"1024\" height=\"576\" src=\"https:\/\/mlfq4kqdz63e.i.optimole.com\/w:auto\/h:auto\/q:mauto\/g:sm\/f:best\/https:\/\/loerakkerledline.nl\/wp-content\/uploads\/2023\/04\/Loerakker-LedLine-armatuur-1024x576-1.jpg\" alt=\"\" class=\"wp-image-26523\" srcset=\"https:\/\/mlfq4kqdz63e.i.optimole.com\/w:1024\/h:576\/q:mauto\/g:sm\/f:best\/https:\/\/loerakkerledline.nl\/wp-content\/uploads\/2023\/04\/Loerakker-LedLine-armatuur-1024x576-1.jpg 1024w, https:\/\/mlfq4kqdz63e.i.optimole.com\/w:535\/h:301\/q:mauto\/g:sm\/f:best\/https:\/\/loerakkerledline.nl\/wp-content\/uploads\/2023\/04\/Loerakker-LedLine-armatuur-1024x576-1.jpg 535w, https:\/\/mlfq4kqdz63e.i.optimole.com\/w:550\/h:309\/q:mauto\/g:sm\/f:best\/https:\/\/loerakkerledline.nl\/wp-content\/uploads\/2023\/04\/Loerakker-LedLine-armatuur-1024x576-1.jpg 550w, https:\/\/mlfq4kqdz63e.i.optimole.com\/w:90\/h:51\/q:mauto\/g:sm\/f:best\/dpr:2\/https:\/\/loerakkerledline.nl\/wp-content\/uploads\/2023\/04\/Loerakker-LedLine-armatuur-1024x576-1.jpg 90w, https:\/\/mlfq4kqdz63e.i.optimole.com\/w:713\/h:401\/q:mauto\/g:sm\/f:best\/https:\/\/loerakkerledline.nl\/wp-content\/uploads\/2023\/04\/Loerakker-LedLine-armatuur-1024x576-1.jpg 713w\" sizes=\"(max-width: 1000px) 100vw, 1000px\" \/><\/figure>\n<\/div>\n<\/div>\n\n<div style=\"height:100px\" aria-hidden=\"true\" class=\"wp-block-spacer\"><\/div>\n","protected":false},"excerpt":{"rendered":"<p>Demande de modification de vos donn\u00e9es Vous avez soumis une demande de modification de vos donn\u00e9es. Veuillez consulter votre courrier \u00e9lectronique pour obtenir d&rsquo;autres instructions. Avez-vous d&rsquo;autres questions ? Envoyez un courrier \u00e0 info@loerakkerledline.nl La ligne de t\u00eate de l&rsquo;\u00e9quipe Loerakker<\/p>\n","protected":false},"author":9,"featured_media":33491,"parent":0,"menu_order":0,"comment_status":"closed","ping_status":"closed","template":"","meta":{"_acf_changed":false,"footnotes":""},"class_list":["post-33490","page","type-page","status-publish","has-post-thumbnail","hentry"],"acf":[],"yoast_head":"<!-- This site is optimized with the Yoast SEO plugin v27.1 - https:\/\/yoast.com\/product\/yoast-seo-wordpress\/ -->\n<title>Demande de mise \u00e0 jour - Loerakker Ledline<\/title>\n<meta name=\"robots\" content=\"index, follow, max-snippet:-1, max-image-preview:large, max-video-preview:-1\" \/>\n<link rel=\"canonical\" href=\"https:\/\/loerakkerledline.nl\/fr\/demande-de-mise-a-jour\/\" \/>\n<meta property=\"og:locale\" content=\"fr_FR\" \/>\n<meta property=\"og:type\" content=\"article\" \/>\n<meta property=\"og:title\" content=\"Demande de mise \u00e0 jour - Loerakker Ledline\" \/>\n<meta property=\"og:description\" content=\"Demande de modification de vos donn\u00e9es Vous avez soumis une demande de modification de vos donn\u00e9es. Veuillez consulter votre courrier \u00e9lectronique pour obtenir d&rsquo;autres instructions. Avez-vous d&rsquo;autres questions ? Envoyez un courrier \u00e0 info@loerakkerledline.nl La ligne de t\u00eate de l&rsquo;\u00e9quipe Loerakker\" \/>\n<meta property=\"og:url\" content=\"https:\/\/loerakkerledline.nl\/fr\/demande-de-mise-a-jour\/\" \/>\n<meta property=\"og:site_name\" content=\"Loerakker Ledline\" \/>\n<meta property=\"article:modified_time\" content=\"2025-12-13T15:53:46+00:00\" \/>\n<meta property=\"og:image\" content=\"https:\/\/mlfq4kqdz63e.i.optimole.com\/w:auto\/h:auto\/q:mauto\/g:sm\/f:best\/https:\/\/loerakkerledline.nl\/wp-content\/uploads\/2020\/10\/sky.jpg\" \/>\n\t<meta property=\"og:image:width\" content=\"2100\" \/>\n\t<meta property=\"og:image:height\" content=\"1225\" \/>\n\t<meta property=\"og:image:type\" content=\"image\/jpeg\" \/>\n<meta name=\"twitter:card\" content=\"summary_large_image\" \/>\n<script type=\"application\/ld+json\" class=\"yoast-schema-graph\">{\"@context\":\"https:\/\/schema.org\",\"@graph\":[{\"@type\":\"WebPage\",\"@id\":\"https:\/\/loerakkerledline.nl\/fr\/demande-de-mise-a-jour\/\",\"url\":\"https:\/\/loerakkerledline.nl\/fr\/demande-de-mise-a-jour\/\",\"name\":\"Demande de mise \u00e0 jour - Loerakker Ledline\",\"isPartOf\":{\"@id\":\"https:\/\/loerakkerledline.nl\/#website\"},\"primaryImageOfPage\":{\"@id\":\"https:\/\/loerakkerledline.nl\/fr\/demande-de-mise-a-jour\/#primaryimage\"},\"image\":{\"@id\":\"https:\/\/loerakkerledline.nl\/fr\/demande-de-mise-a-jour\/#primaryimage\"},\"thumbnailUrl\":\"https:\/\/mlfq4kqdz63e.i.optimole.com\/w:auto\/h:auto\/q:mauto\/g:sm\/f:best\/https:\/\/loerakkerledline.nl\/wp-content\/uploads\/2020\/10\/sky.jpg\",\"datePublished\":\"2023-05-29T10:17:49+00:00\",\"dateModified\":\"2025-12-13T15:53:46+00:00\",\"breadcrumb\":{\"@id\":\"https:\/\/loerakkerledline.nl\/fr\/demande-de-mise-a-jour\/#breadcrumb\"},\"inLanguage\":\"fr-FR\",\"potentialAction\":[{\"@type\":\"ReadAction\",\"target\":[\"https:\/\/loerakkerledline.nl\/fr\/demande-de-mise-a-jour\/\"]}]},{\"@type\":\"ImageObject\",\"inLanguage\":\"fr-FR\",\"@id\":\"https:\/\/loerakkerledline.nl\/fr\/demande-de-mise-a-jour\/#primaryimage\",\"url\":\"https:\/\/mlfq4kqdz63e.i.optimole.com\/w:auto\/h:auto\/q:mauto\/g:sm\/f:best\/https:\/\/loerakkerledline.nl\/wp-content\/uploads\/2020\/10\/sky.jpg\",\"contentUrl\":\"https:\/\/mlfq4kqdz63e.i.optimole.com\/w:auto\/h:auto\/q:mauto\/g:sm\/f:best\/https:\/\/loerakkerledline.nl\/wp-content\/uploads\/2020\/10\/sky.jpg\",\"width\":2100,\"height\":1225},{\"@type\":\"BreadcrumbList\",\"@id\":\"https:\/\/loerakkerledline.nl\/fr\/demande-de-mise-a-jour\/#breadcrumb\",\"itemListElement\":[{\"@type\":\"ListItem\",\"position\":1,\"name\":\"Home\",\"item\":\"https:\/\/loerakkerledline.nl\/fr\/\"},{\"@type\":\"ListItem\",\"position\":2,\"name\":\"Demande de mise \u00e0 jour\"}]},{\"@type\":\"WebSite\",\"@id\":\"https:\/\/loerakkerledline.nl\/#website\",\"url\":\"https:\/\/loerakkerledline.nl\/\",\"name\":\"Loerakker Ledline\",\"description\":\"\",\"potentialAction\":[{\"@type\":\"SearchAction\",\"target\":{\"@type\":\"EntryPoint\",\"urlTemplate\":\"https:\/\/loerakkerledline.nl\/?s={search_term_string}\"},\"query-input\":{\"@type\":\"PropertyValueSpecification\",\"valueRequired\":true,\"valueName\":\"search_term_string\"}}],\"inLanguage\":\"fr-FR\"}]}<\/script>\n<!-- \/ Yoast SEO plugin. -->","yoast_head_json":{"title":"Demande de mise \u00e0 jour - Loerakker Ledline","robots":{"index":"index","follow":"follow","max-snippet":"max-snippet:-1","max-image-preview":"max-image-preview:large","max-video-preview":"max-video-preview:-1"},"canonical":"https:\/\/loerakkerledline.nl\/fr\/demande-de-mise-a-jour\/","og_locale":"fr_FR","og_type":"article","og_title":"Demande de mise \u00e0 jour - Loerakker Ledline","og_description":"Demande de modification de vos donn\u00e9es Vous avez soumis une demande de modification de vos donn\u00e9es. Veuillez consulter votre courrier \u00e9lectronique pour obtenir d&rsquo;autres instructions. Avez-vous d&rsquo;autres questions ? Envoyez un courrier \u00e0 info@loerakkerledline.nl La ligne de t\u00eate de l&rsquo;\u00e9quipe Loerakker","og_url":"https:\/\/loerakkerledline.nl\/fr\/demande-de-mise-a-jour\/","og_site_name":"Loerakker Ledline","article_modified_time":"2025-12-13T15:53:46+00:00","og_image":[{"width":2100,"height":1225,"url":"https:\/\/mlfq4kqdz63e.i.optimole.com\/w:auto\/h:auto\/q:mauto\/g:sm\/f:best\/https:\/\/loerakkerledline.nl\/wp-content\/uploads\/2020\/10\/sky.jpg","type":"image\/jpeg"}],"twitter_card":"summary_large_image","schema":{"@context":"https:\/\/schema.org","@graph":[{"@type":"WebPage","@id":"https:\/\/loerakkerledline.nl\/fr\/demande-de-mise-a-jour\/","url":"https:\/\/loerakkerledline.nl\/fr\/demande-de-mise-a-jour\/","name":"Demande de mise \u00e0 jour - Loerakker Ledline","isPartOf":{"@id":"https:\/\/loerakkerledline.nl\/#website"},"primaryImageOfPage":{"@id":"https:\/\/loerakkerledline.nl\/fr\/demande-de-mise-a-jour\/#primaryimage"},"image":{"@id":"https:\/\/loerakkerledline.nl\/fr\/demande-de-mise-a-jour\/#primaryimage"},"thumbnailUrl":"https:\/\/mlfq4kqdz63e.i.optimole.com\/w:auto\/h:auto\/q:mauto\/g:sm\/f:best\/https:\/\/loerakkerledline.nl\/wp-content\/uploads\/2020\/10\/sky.jpg","datePublished":"2023-05-29T10:17:49+00:00","dateModified":"2025-12-13T15:53:46+00:00","breadcrumb":{"@id":"https:\/\/loerakkerledline.nl\/fr\/demande-de-mise-a-jour\/#breadcrumb"},"inLanguage":"fr-FR","potentialAction":[{"@type":"ReadAction","target":["https:\/\/loerakkerledline.nl\/fr\/demande-de-mise-a-jour\/"]}]},{"@type":"ImageObject","inLanguage":"fr-FR","@id":"https:\/\/loerakkerledline.nl\/fr\/demande-de-mise-a-jour\/#primaryimage","url":"https:\/\/mlfq4kqdz63e.i.optimole.com\/w:auto\/h:auto\/q:mauto\/g:sm\/f:best\/https:\/\/loerakkerledline.nl\/wp-content\/uploads\/2020\/10\/sky.jpg","contentUrl":"https:\/\/mlfq4kqdz63e.i.optimole.com\/w:auto\/h:auto\/q:mauto\/g:sm\/f:best\/https:\/\/loerakkerledline.nl\/wp-content\/uploads\/2020\/10\/sky.jpg","width":2100,"height":1225},{"@type":"BreadcrumbList","@id":"https:\/\/loerakkerledline.nl\/fr\/demande-de-mise-a-jour\/#breadcrumb","itemListElement":[{"@type":"ListItem","position":1,"name":"Home","item":"https:\/\/loerakkerledline.nl\/fr\/"},{"@type":"ListItem","position":2,"name":"Demande de mise \u00e0 jour"}]},{"@type":"WebSite","@id":"https:\/\/loerakkerledline.nl\/#website","url":"https:\/\/loerakkerledline.nl\/","name":"Loerakker Ledline","description":"","potentialAction":[{"@type":"SearchAction","target":{"@type":"EntryPoint","urlTemplate":"https:\/\/loerakkerledline.nl\/?s={search_term_string}"},"query-input":{"@type":"PropertyValueSpecification","valueRequired":true,"valueName":"search_term_string"}}],"inLanguage":"fr-FR"}]}},"_links":{"self":[{"href":"https:\/\/loerakkerledline.nl\/fr\/wp-json\/wp\/v2\/pages\/33490","targetHints":{"allow":["GET"]}}],"collection":[{"href":"https:\/\/loerakkerledline.nl\/fr\/wp-json\/wp\/v2\/pages"}],"about":[{"href":"https:\/\/loerakkerledline.nl\/fr\/wp-json\/wp\/v2\/types\/page"}],"author":[{"embeddable":true,"href":"https:\/\/loerakkerledline.nl\/fr\/wp-json\/wp\/v2\/users\/9"}],"replies":[{"embeddable":true,"href":"https:\/\/loerakkerledline.nl\/fr\/wp-json\/wp\/v2\/comments?post=33490"}],"version-history":[{"count":1,"href":"https:\/\/loerakkerledline.nl\/fr\/wp-json\/wp\/v2\/pages\/33490\/revisions"}],"predecessor-version":[{"id":33492,"href":"https:\/\/loerakkerledline.nl\/fr\/wp-json\/wp\/v2\/pages\/33490\/revisions\/33492"}],"wp:featuredmedia":[{"embeddable":true,"href":"https:\/\/loerakkerledline.nl\/fr\/wp-json\/wp\/v2\/media\/33491"}],"wp:attachment":[{"href":"https:\/\/loerakkerledline.nl\/fr\/wp-json\/wp\/v2\/media?parent=33490"}],"curies":[{"name":"wp","href":"https:\/\/api.w.org\/{rel}","templated":true}]}}