{"id":33486,"date":"2023-01-02T16:05:02","date_gmt":"2023-01-02T16:05:02","guid":{"rendered":"https:\/\/loerakkerledline.nl\/poste-vacant\/"},"modified":"2025-12-13T15:52:28","modified_gmt":"2025-12-13T15:52:28","slug":"poste-vacant","status":"publish","type":"page","link":"https:\/\/loerakkerledline.nl\/fr\/poste-vacant\/","title":{"rendered":"Poste vacant"},"content":{"rendered":"\n<div class=\"wp-block-columns has-2-columns\">\n<div class=\"wp-block-column\" style=\"flex-basis:25%\">\n<figure class=\"wp-block-image size-full\"><img data-opt-id=917515346  fetchpriority=\"high\" decoding=\"async\" width=\"1600\" height=\"1066\" src=\"https:\/\/mlfq4kqdz63e.i.optimole.com\/w:auto\/h:auto\/q:mauto\/g:sm\/f:best\/http:\/\/loerakkerledline.nl\/wp-content\/uploads\/2023\/01\/WhatsApp-Image-2022-06-23-at-4.36.31-PM.jpeg\" alt=\"\" class=\"wp-image-23984\" srcset=\"https:\/\/mlfq4kqdz63e.i.optimole.com\/w:1600\/h:1066\/q:mauto\/g:sm\/f:best\/https:\/\/loerakkerledline.nl\/wp-content\/uploads\/2023\/01\/WhatsApp-Image-2022-06-23-at-4.36.31-PM.jpeg 1600w, https:\/\/mlfq4kqdz63e.i.optimole.com\/w:535\/h:356\/q:mauto\/g:sm\/f:best\/https:\/\/loerakkerledline.nl\/wp-content\/uploads\/2023\/01\/WhatsApp-Image-2022-06-23-at-4.36.31-PM.jpeg 535w, https:\/\/mlfq4kqdz63e.i.optimole.com\/w:90\/h:60\/q:mauto\/g:sm\/f:best\/dpr:2\/https:\/\/loerakkerledline.nl\/wp-content\/uploads\/2023\/01\/WhatsApp-Image-2022-06-23-at-4.36.31-PM.jpeg 90w, https:\/\/mlfq4kqdz63e.i.optimole.com\/w:713\/h:475\/q:mauto\/g:sm\/f:best\/https:\/\/loerakkerledline.nl\/wp-content\/uploads\/2023\/01\/WhatsApp-Image-2022-06-23-at-4.36.31-PM.jpeg 713w, https:\/\/mlfq4kqdz63e.i.optimole.com\/w:196\/h:131\/q:mauto\/g:sm\/f:best\/https:\/\/loerakkerledline.nl\/wp-content\/uploads\/2023\/01\/WhatsApp-Image-2022-06-23-at-4.36.31-PM.jpeg 196w, https:\/\/mlfq4kqdz63e.i.optimole.com\/w:1100\/h:733\/q:mauto\/g:sm\/f:best\/https:\/\/loerakkerledline.nl\/wp-content\/uploads\/2023\/01\/WhatsApp-Image-2022-06-23-at-4.36.31-PM.jpeg 1100w\" sizes=\"(max-width: 1000px) 100vw, 1000px\" \/><\/figure>\n<\/div>\n\n\n\n<div class=\"wp-block-column\" style=\"flex-basis:75%\">\n<p class=\"is-style-font-georgia has-c-azure-color has-text-color has-small-font-size\">Ma passion pour l&rsquo;\u00e9clairage, la technologie et le design m&rsquo;a men\u00e9 loin :<\/p>\n\n\n\n<p class=\"is-style-font-georgia has-c-azure-color has-text-color has-small-font-size\">mon entreprise de luminaires innovants et durables conna\u00eet une croissance fulgurante !<\/p>\n\n\n\n<p class=\"is-style-font-georgia has-c-azure-color has-text-color has-small-font-size\">Je suis maintenant \u00e0 la recherche de 3 collaborateurs passionn\u00e9s pour franchir ensemble la prochaine \u00e9tape.<\/p>\n<\/div>\n<\/div>\n\n<p><\/p>\n\n<div style=\"height:20px\" aria-hidden=\"true\" class=\"wp-block-spacer\"><\/div>\n\n<h3 class=\"wp-block-heading is-style-h3\" id=\"ELEKTROMONTEUR\"><\/h3>\n\n<hr class=\"wp-block-separator has-alpha-channel-opacity is-style-wide\"\/>\n\n<h3 class=\"wp-block-heading\" id=\"MAGAZIJN\"><strong>POSTE VACANT D&rsquo;EMPLOY\u00c9(E) DE L&rsquo;ENTREP\u00d4T ET DE LA LOGISTIQUE  <\/strong><\/h3>\n\n<p>Loerakker Led Line conna\u00eet une croissance rapide et, en raison de notre succ\u00e8s, nous sommes imm\u00e9diatement \u00e0 la recherche d&rsquo;un employ\u00e9 exp\u00e9riment\u00e9 pour s&rsquo;occuper et g\u00e9rer l&rsquo;entrep\u00f4t et la logistique.<\/p>\n\n<p>Vous veillerez \u00e0 ce que nos produits et pi\u00e8ces suivent le processus d&rsquo;assemblage (interne et externe) de mani\u00e8re organis\u00e9e afin d&rsquo;\u00eatre livr\u00e9s \u00e0 nos clients dans les d\u00e9lais impartis. Pour ce faire, une gestion optimale et pr\u00e9cise de l&rsquo;entrep\u00f4t &#8211; physique et administrative &#8211; est n\u00e9cessaire. <\/p>\n\n<p>Nos luminaires sont con\u00e7us pour le haut de gamme et nos clients s&rsquo;attendent donc \u00e0 des normes de qualit\u00e9 \u00e9lev\u00e9es. C&rsquo;est pourquoi nous attendons de vous que vous travailliez de mani\u00e8re ind\u00e9pendante et avec soin, en pr\u00eatant attention aux d\u00e9tails et \u00e0 la qualit\u00e9. <\/p>\n\n<p><strong>Ce que nous demandons<\/strong><\/p>\n\n<ul class=\"wp-block-list\">\n<li>Au moins une formation MBO compl\u00e8te<\/li>\n\n\n\n<li>Exp\u00e9rience de l&rsquo;administration d&rsquo;entrep\u00f4ts, par exemple Exact Production<\/li>\n\n\n\n<li>Exp\u00e9rience de la gestion d&rsquo;un entrep\u00f4t physique<\/li>\n\n\n\n<li>VCA<\/li>\n\n\n\n<li>Certificat de conducteur de chariot \u00e9l\u00e9vateur<\/li>\n\n\n\n<li>Permis de conduire BE<\/li>\n\n\n\n<li>Disponible 32-38 heures par semaine<\/li>\n\n\n\n<li>Vous \u00eates ind\u00e9pendant(e), communicatif(ve) et capable de travailler en \u00e9quipe.<\/li>\n\n\n\n<li>Vous habitez au maximum \u00e0 une heure de route d&rsquo;Amersfoort.<\/li>\n<\/ul>\n\n<p><strong>Nous vous proposons<\/strong><\/p>\n\n<ul class=\"wp-block-list\">\n<li>Un salaire d\u00e9pendant de votre exp\u00e9rience et de vos heures de travail, compris entre 2 100 et 3 300 euros bruts par mois.<\/li>\n\n\n\n<li>Indemnit\u00e9s de d\u00e9placement et de frais<\/li>\n\n\n\n<li>Un contrat \u00e0 dur\u00e9e d\u00e9termin\u00e9e \u00e0 temps plein<\/li>\n\n\n\n<li>Possibilit\u00e9s de formation et de d\u00e9veloppement<\/li>\n\n\n\n<li>Une \u00e9quipe agr\u00e9able au sein de laquelle vous travaillez ensemble<\/li>\n<\/ul>\n\n<p><strong>Ce que nous faisons ensemble<\/strong><\/p>\n\n<p>Loerakker Led Line se distingue depuis des ann\u00e9es par ses solutions d&rsquo;\u00e9clairage ambiant. Nous constatons souvent que l&rsquo;\u00e9clairage laisse \u00e0 d\u00e9sirer. Les gens se fatiguent rapidement en travaillant \u00e0 cause d&rsquo;un mauvais \u00e9clairage, ou ont m\u00eame des maux de t\u00eate. C&rsquo;est pourquoi nous avons d\u00e9cid\u00e9 de d\u00e9velopper notre propre ligne de luminaires en mettant l&rsquo;accent sur la lumi\u00e8re indirecte. Il s&rsquo;agit d&rsquo;une question de r\u00e9flexion : comme la lumi\u00e8re ne brille pas directement vers le bas mais indirectement via le plafond, une image lumineuse id\u00e9ale est cr\u00e9\u00e9e pour les environnements de travail et d&rsquo;apprentissage. Id\u00e9ale parce qu&rsquo;elle imite au mieux la lumi\u00e8re naturelle. En effet, la lumi\u00e8re du jour est indirecte, se refl\u00e8te partout et vient de toutes les directions. D&rsquo;o\u00f9 le nom : SurroundLight. La lumi\u00e8re naturelle (ou ce qui s&rsquo;en rapproche) est tout simplement la lumi\u00e8re la plus agr\u00e9able. Cela se refl\u00e8te souvent directement dans les performances de travail ou d&rsquo;apprentissage et dans la r\u00e9duction de l&rsquo;absent\u00e9isme pour cause de maladie.         <\/p>\n\n<p>Cela vous convient-il et souhaitez-vous travailler dans une entreprise en pleine croissance ? Vous \u00eates tr\u00e8s enthousiaste ! App (06 &#8211; 46 09 02 23) ou email<g id=\"gid_0\">(info@loerakkerledline.nl)<\/g> \u00e0 Maarten Loerakker. Nous vous contacterons bient\u00f4t !   <\/p>\n\n<p>Plus d&rsquo;informations : 033 &#8211; 4766445 ; demandez Maarten.<\/p>\n\n<hr class=\"wp-block-separator has-alpha-channel-opacity is-style-wide\"\/>\n\n<h3 class=\"wp-block-heading is-style-h3\" id=\"VERKOOP-BINNENDIENST\"><\/h3>\n","protected":false},"excerpt":{"rendered":"<p>Ma passion pour l&rsquo;\u00e9clairage, la technologie et le design m&rsquo;a men\u00e9 loin : mon entreprise de luminaires innovants et durables conna\u00eet une croissance fulgurante ! Je suis maintenant \u00e0 la recherche de 3 collaborateurs passionn\u00e9s pour franchir ensemble la prochaine \u00e9tape. POSTE VACANT D&rsquo;EMPLOY\u00c9(E) DE L&rsquo;ENTREP\u00d4T ET DE LA LOGISTIQUE Loerakker Led Line conna\u00eet une [&hellip;]<\/p>\n","protected":false},"author":18,"featured_media":0,"parent":0,"menu_order":0,"comment_status":"closed","ping_status":"closed","template":"","meta":{"_acf_changed":false,"footnotes":""},"class_list":["post-33486","page","type-page","status-publish","hentry"],"acf":[],"yoast_head":"<!-- This site is optimized with the Yoast SEO plugin v27.1 - https:\/\/yoast.com\/product\/yoast-seo-wordpress\/ -->\n<title>Poste vacant - Loerakker Ledline<\/title>\n<meta name=\"robots\" content=\"index, follow, max-snippet:-1, max-image-preview:large, max-video-preview:-1\" \/>\n<link rel=\"canonical\" href=\"https:\/\/loerakkerledline.nl\/fr\/poste-vacant\/\" \/>\n<meta property=\"og:locale\" content=\"fr_FR\" \/>\n<meta property=\"og:type\" content=\"article\" \/>\n<meta property=\"og:title\" content=\"Poste vacant - Loerakker Ledline\" \/>\n<meta property=\"og:description\" content=\"Ma passion pour l&rsquo;\u00e9clairage, la technologie et le design m&rsquo;a men\u00e9 loin : mon entreprise de luminaires innovants et durables conna\u00eet une croissance fulgurante ! Je suis maintenant \u00e0 la recherche de 3 collaborateurs passionn\u00e9s pour franchir ensemble la prochaine \u00e9tape. POSTE VACANT D&rsquo;EMPLOY\u00c9(E) DE L&rsquo;ENTREP\u00d4T ET DE LA LOGISTIQUE Loerakker Led Line conna\u00eet une [&hellip;]\" \/>\n<meta property=\"og:url\" content=\"https:\/\/loerakkerledline.nl\/fr\/poste-vacant\/\" \/>\n<meta property=\"og:site_name\" content=\"Loerakker Ledline\" \/>\n<meta property=\"article:modified_time\" content=\"2025-12-13T15:52:28+00:00\" \/>\n<meta property=\"og:image\" content=\"https:\/\/mlfq4kqdz63e.i.optimole.com\/w:auto\/h:auto\/q:mauto\/g:sm\/f:best\/http:\/\/loerakkerledline.nl\/wp-content\/uploads\/2023\/01\/WhatsApp-Image-2022-06-23-at-4.36.31-PM.jpeg\" \/>\n<meta name=\"twitter:card\" content=\"summary_large_image\" \/>\n<meta name=\"twitter:label1\" content=\"Dur\u00e9e de lecture estim\u00e9e\" \/>\n\t<meta name=\"twitter:data1\" content=\"3 minutes\" \/>\n<script type=\"application\/ld+json\" class=\"yoast-schema-graph\">{\"@context\":\"https:\/\/schema.org\",\"@graph\":[{\"@type\":\"WebPage\",\"@id\":\"https:\/\/loerakkerledline.nl\/fr\/poste-vacant\/\",\"url\":\"https:\/\/loerakkerledline.nl\/fr\/poste-vacant\/\",\"name\":\"Poste vacant - Loerakker Ledline\",\"isPartOf\":{\"@id\":\"https:\/\/loerakkerledline.nl\/#website\"},\"primaryImageOfPage\":{\"@id\":\"https:\/\/loerakkerledline.nl\/fr\/poste-vacant\/#primaryimage\"},\"image\":{\"@id\":\"https:\/\/loerakkerledline.nl\/fr\/poste-vacant\/#primaryimage\"},\"thumbnailUrl\":\"https:\/\/mlfq4kqdz63e.i.optimole.com\/w:auto\/h:auto\/q:mauto\/g:sm\/f:best\/http:\/\/loerakkerledline.nl\/wp-content\/uploads\/2023\/01\/WhatsApp-Image-2022-06-23-at-4.36.31-PM.jpeg\",\"datePublished\":\"2023-01-02T16:05:02+00:00\",\"dateModified\":\"2025-12-13T15:52:28+00:00\",\"breadcrumb\":{\"@id\":\"https:\/\/loerakkerledline.nl\/fr\/poste-vacant\/#breadcrumb\"},\"inLanguage\":\"fr-FR\",\"potentialAction\":[{\"@type\":\"ReadAction\",\"target\":[\"https:\/\/loerakkerledline.nl\/fr\/poste-vacant\/\"]}]},{\"@type\":\"ImageObject\",\"inLanguage\":\"fr-FR\",\"@id\":\"https:\/\/loerakkerledline.nl\/fr\/poste-vacant\/#primaryimage\",\"url\":\"https:\/\/mlfq4kqdz63e.i.optimole.com\/w:auto\/h:auto\/q:mauto\/g:sm\/f:best\/http:\/\/loerakkerledline.nl\/wp-content\/uploads\/2023\/01\/WhatsApp-Image-2022-06-23-at-4.36.31-PM.jpeg\",\"contentUrl\":\"https:\/\/mlfq4kqdz63e.i.optimole.com\/w:auto\/h:auto\/q:mauto\/g:sm\/f:best\/http:\/\/loerakkerledline.nl\/wp-content\/uploads\/2023\/01\/WhatsApp-Image-2022-06-23-at-4.36.31-PM.jpeg\"},{\"@type\":\"BreadcrumbList\",\"@id\":\"https:\/\/loerakkerledline.nl\/fr\/poste-vacant\/#breadcrumb\",\"itemListElement\":[{\"@type\":\"ListItem\",\"position\":1,\"name\":\"Home\",\"item\":\"https:\/\/loerakkerledline.nl\/fr\/\"},{\"@type\":\"ListItem\",\"position\":2,\"name\":\"Poste vacant\"}]},{\"@type\":\"WebSite\",\"@id\":\"https:\/\/loerakkerledline.nl\/#website\",\"url\":\"https:\/\/loerakkerledline.nl\/\",\"name\":\"Loerakker Ledline\",\"description\":\"\",\"potentialAction\":[{\"@type\":\"SearchAction\",\"target\":{\"@type\":\"EntryPoint\",\"urlTemplate\":\"https:\/\/loerakkerledline.nl\/?s={search_term_string}\"},\"query-input\":{\"@type\":\"PropertyValueSpecification\",\"valueRequired\":true,\"valueName\":\"search_term_string\"}}],\"inLanguage\":\"fr-FR\"}]}<\/script>\n<!-- \/ Yoast SEO plugin. -->","yoast_head_json":{"title":"Poste vacant - Loerakker Ledline","robots":{"index":"index","follow":"follow","max-snippet":"max-snippet:-1","max-image-preview":"max-image-preview:large","max-video-preview":"max-video-preview:-1"},"canonical":"https:\/\/loerakkerledline.nl\/fr\/poste-vacant\/","og_locale":"fr_FR","og_type":"article","og_title":"Poste vacant - Loerakker Ledline","og_description":"Ma passion pour l&rsquo;\u00e9clairage, la technologie et le design m&rsquo;a men\u00e9 loin : mon entreprise de luminaires innovants et durables conna\u00eet une croissance fulgurante ! Je suis maintenant \u00e0 la recherche de 3 collaborateurs passionn\u00e9s pour franchir ensemble la prochaine \u00e9tape. POSTE VACANT D&rsquo;EMPLOY\u00c9(E) DE L&rsquo;ENTREP\u00d4T ET DE LA LOGISTIQUE Loerakker Led Line conna\u00eet une [&hellip;]","og_url":"https:\/\/loerakkerledline.nl\/fr\/poste-vacant\/","og_site_name":"Loerakker Ledline","article_modified_time":"2025-12-13T15:52:28+00:00","og_image":[{"url":"https:\/\/mlfq4kqdz63e.i.optimole.com\/w:auto\/h:auto\/q:mauto\/g:sm\/f:best\/http:\/\/loerakkerledline.nl\/wp-content\/uploads\/2023\/01\/WhatsApp-Image-2022-06-23-at-4.36.31-PM.jpeg","type":"","width":"","height":""}],"twitter_card":"summary_large_image","twitter_misc":{"Dur\u00e9e de lecture estim\u00e9e":"3 minutes"},"schema":{"@context":"https:\/\/schema.org","@graph":[{"@type":"WebPage","@id":"https:\/\/loerakkerledline.nl\/fr\/poste-vacant\/","url":"https:\/\/loerakkerledline.nl\/fr\/poste-vacant\/","name":"Poste vacant - Loerakker Ledline","isPartOf":{"@id":"https:\/\/loerakkerledline.nl\/#website"},"primaryImageOfPage":{"@id":"https:\/\/loerakkerledline.nl\/fr\/poste-vacant\/#primaryimage"},"image":{"@id":"https:\/\/loerakkerledline.nl\/fr\/poste-vacant\/#primaryimage"},"thumbnailUrl":"https:\/\/mlfq4kqdz63e.i.optimole.com\/w:auto\/h:auto\/q:mauto\/g:sm\/f:best\/http:\/\/loerakkerledline.nl\/wp-content\/uploads\/2023\/01\/WhatsApp-Image-2022-06-23-at-4.36.31-PM.jpeg","datePublished":"2023-01-02T16:05:02+00:00","dateModified":"2025-12-13T15:52:28+00:00","breadcrumb":{"@id":"https:\/\/loerakkerledline.nl\/fr\/poste-vacant\/#breadcrumb"},"inLanguage":"fr-FR","potentialAction":[{"@type":"ReadAction","target":["https:\/\/loerakkerledline.nl\/fr\/poste-vacant\/"]}]},{"@type":"ImageObject","inLanguage":"fr-FR","@id":"https:\/\/loerakkerledline.nl\/fr\/poste-vacant\/#primaryimage","url":"https:\/\/mlfq4kqdz63e.i.optimole.com\/w:auto\/h:auto\/q:mauto\/g:sm\/f:best\/http:\/\/loerakkerledline.nl\/wp-content\/uploads\/2023\/01\/WhatsApp-Image-2022-06-23-at-4.36.31-PM.jpeg","contentUrl":"https:\/\/mlfq4kqdz63e.i.optimole.com\/w:auto\/h:auto\/q:mauto\/g:sm\/f:best\/http:\/\/loerakkerledline.nl\/wp-content\/uploads\/2023\/01\/WhatsApp-Image-2022-06-23-at-4.36.31-PM.jpeg"},{"@type":"BreadcrumbList","@id":"https:\/\/loerakkerledline.nl\/fr\/poste-vacant\/#breadcrumb","itemListElement":[{"@type":"ListItem","position":1,"name":"Home","item":"https:\/\/loerakkerledline.nl\/fr\/"},{"@type":"ListItem","position":2,"name":"Poste vacant"}]},{"@type":"WebSite","@id":"https:\/\/loerakkerledline.nl\/#website","url":"https:\/\/loerakkerledline.nl\/","name":"Loerakker Ledline","description":"","potentialAction":[{"@type":"SearchAction","target":{"@type":"EntryPoint","urlTemplate":"https:\/\/loerakkerledline.nl\/?s={search_term_string}"},"query-input":{"@type":"PropertyValueSpecification","valueRequired":true,"valueName":"search_term_string"}}],"inLanguage":"fr-FR"}]}},"_links":{"self":[{"href":"https:\/\/loerakkerledline.nl\/fr\/wp-json\/wp\/v2\/pages\/33486","targetHints":{"allow":["GET"]}}],"collection":[{"href":"https:\/\/loerakkerledline.nl\/fr\/wp-json\/wp\/v2\/pages"}],"about":[{"href":"https:\/\/loerakkerledline.nl\/fr\/wp-json\/wp\/v2\/types\/page"}],"author":[{"embeddable":true,"href":"https:\/\/loerakkerledline.nl\/fr\/wp-json\/wp\/v2\/users\/18"}],"replies":[{"embeddable":true,"href":"https:\/\/loerakkerledline.nl\/fr\/wp-json\/wp\/v2\/comments?post=33486"}],"version-history":[{"count":1,"href":"https:\/\/loerakkerledline.nl\/fr\/wp-json\/wp\/v2\/pages\/33486\/revisions"}],"predecessor-version":[{"id":33487,"href":"https:\/\/loerakkerledline.nl\/fr\/wp-json\/wp\/v2\/pages\/33486\/revisions\/33487"}],"wp:attachment":[{"href":"https:\/\/loerakkerledline.nl\/fr\/wp-json\/wp\/v2\/media?parent=33486"}],"curies":[{"name":"wp","href":"https:\/\/api.w.org\/{rel}","templated":true}]}}