{"id":33484,"date":"2023-01-04T16:10:51","date_gmt":"2023-01-04T16:10:51","guid":{"rendered":"https:\/\/loerakkerledline.nl\/livres-blancs\/"},"modified":"2025-12-13T15:51:48","modified_gmt":"2025-12-13T15:51:48","slug":"livres-blancs","status":"publish","type":"page","link":"https:\/\/loerakkerledline.nl\/fr\/livres-blancs\/","title":{"rendered":"Livres blancs"},"content":{"rendered":"\n<div class=\"wp-block-group is-style-full-width-ground has-c-alabaster-background-color has-background\"><div class=\"wp-block-group__inner-container\">\n<div class=\"wp-block-group is-style-wide-content\"><div class=\"wp-block-group__inner-container\">\n<div class=\"wp-block-columns has-2-columns is-style-default\">\n<div class=\"wp-block-column\">\n<h3 class=\"wp-block-heading\">L&rsquo;\u00c9CLAIRAGE CENTR\u00c9 SUR L&rsquo;HOMME (HCL) POUR LES NULS<\/h3>\n\n\n\n<p>HCL est un nouveau mot \u00e0 la mode dans le monde de l&rsquo;\u00e9clairage. Qu&rsquo;est-ce que cela signifie, quelle est son importance et comment l&rsquo;appliquer dans votre environnement de travail ? Maarten Loerakker l\u00e8ve le voile sur ce myst\u00e8re.  <\/p>\n\n\n\n<div class='_form_27'><\/div><script type='text\/javascript' src='https:\/\/loerakker.activehosted.com\/f\/embed.php?static=0&id=27&69F9916D52D05&nostyles=0&preview=0'><\/script> \n<\/div>\n\n\n\n<div class=\"wp-block-column\">\n<figure class=\"wp-block-image size-full\"><img data-opt-id=1013982813  fetchpriority=\"high\" decoding=\"async\" width=\"1400\" height=\"1099\" src=\"https:\/\/mlfq4kqdz63e.i.optimole.com\/w:auto\/h:auto\/q:mauto\/g:sm\/f:best\/https:\/\/loerakkerledline.nl\/wp-content\/uploads\/2023\/01\/whitepaper_HumanCentricLighting.png\" alt=\"\" class=\"wp-image-24137\" srcset=\"https:\/\/mlfq4kqdz63e.i.optimole.com\/w:1375\/h:1080\/q:mauto\/g:sm\/f:best\/https:\/\/loerakkerledline.nl\/wp-content\/uploads\/2023\/01\/whitepaper_HumanCentricLighting.png 1400w, https:\/\/mlfq4kqdz63e.i.optimole.com\/w:535\/h:420\/q:mauto\/g:sm\/f:best\/https:\/\/loerakkerledline.nl\/wp-content\/uploads\/2023\/01\/whitepaper_HumanCentricLighting.png 535w, https:\/\/mlfq4kqdz63e.i.optimole.com\/w:85\/h:67\/q:mauto\/g:sm\/f:best\/dpr:2\/https:\/\/loerakkerledline.nl\/wp-content\/uploads\/2023\/01\/whitepaper_HumanCentricLighting.png 85w, https:\/\/mlfq4kqdz63e.i.optimole.com\/w:713\/h:560\/q:mauto\/g:sm\/f:best\/https:\/\/loerakkerledline.nl\/wp-content\/uploads\/2023\/01\/whitepaper_HumanCentricLighting.png 713w, https:\/\/mlfq4kqdz63e.i.optimole.com\/w:196\/h:154\/q:mauto\/g:sm\/f:best\/https:\/\/loerakkerledline.nl\/wp-content\/uploads\/2023\/01\/whitepaper_HumanCentricLighting.png 196w, https:\/\/mlfq4kqdz63e.i.optimole.com\/w:1100\/h:864\/q:mauto\/g:sm\/f:best\/https:\/\/loerakkerledline.nl\/wp-content\/uploads\/2023\/01\/whitepaper_HumanCentricLighting.png 1100w\" sizes=\"(max-width: 1000px) 100vw, 1000px\" \/><\/figure>\n<\/div>\n<\/div>\n<\/div><\/div>\n<\/div><\/div>\n\n<div class=\"wp-block-group is-style-wide-content\"><div class=\"wp-block-group__inner-container\">\n<div class=\"wp-block-columns has-2-columns is-style-section-padding\">\n<div class=\"wp-block-column\">\n<h3 class=\"wp-block-heading\">COMMENT VOUS \u00caTES ASSUR\u00c9 D&rsquo;\u00caTRE PLUS PERFORMANT AVEC LE BON \u00c9CLAIRAGE<\/h3>\n\n\n\n<p>Qu&rsquo;est-ce que l&rsquo;\u00e9clairage ? Comment l&rsquo;\u00e9clairage peut-il contribuer \u00e0 un bureau sain ? Quel est le rapport avec notre biorythme et comment en tirer le meilleur parti dans nos activit\u00e9s ?  <\/p>\n\n\n\n<p>Maarten Loerakker, expert en \u00e9clairage, inventeur et entrepreneur, explique tout cela dans ce livre blanc accessible et illustr\u00e9 :<em> \u00ab\u00a0Comment vous \u00eates assur\u00e9 d&rsquo;\u00eatre plus performant avec le bon \u00e9clairage\u00a0\u00bb. <\/em> <\/p>\n\n\n\n<div class='_form_6'><\/div><script type='text\/javascript' src='https:\/\/loerakker.activehosted.com\/f\/embed.php?static=0&id=6&69F9916D52D98&nostyles=0&preview=0'><\/script>\n<\/div>\n\n\n\n<div class=\"wp-block-column\">\n<figure class=\"wp-block-image size-full\"><img data-opt-id=1780748922  fetchpriority=\"high\" decoding=\"async\" width=\"1400\" height=\"1099\" src=\"https:\/\/mlfq4kqdz63e.i.optimole.com\/w:auto\/h:auto\/q:mauto\/g:sm\/f:best\/https:\/\/loerakkerledline.nl\/wp-content\/uploads\/2023\/01\/whitepaperSurroundLight-sessie1212b.png\" alt=\"\" class=\"wp-image-24138\" srcset=\"https:\/\/mlfq4kqdz63e.i.optimole.com\/w:1375\/h:1080\/q:mauto\/g:sm\/f:best\/https:\/\/loerakkerledline.nl\/wp-content\/uploads\/2023\/01\/whitepaperSurroundLight-sessie1212b.png 1400w, https:\/\/mlfq4kqdz63e.i.optimole.com\/w:535\/h:420\/q:mauto\/g:sm\/f:best\/https:\/\/loerakkerledline.nl\/wp-content\/uploads\/2023\/01\/whitepaperSurroundLight-sessie1212b.png 535w, https:\/\/mlfq4kqdz63e.i.optimole.com\/w:85\/h:67\/q:mauto\/g:sm\/f:best\/dpr:2\/https:\/\/loerakkerledline.nl\/wp-content\/uploads\/2023\/01\/whitepaperSurroundLight-sessie1212b.png 85w, https:\/\/mlfq4kqdz63e.i.optimole.com\/w:713\/h:560\/q:mauto\/g:sm\/f:best\/https:\/\/loerakkerledline.nl\/wp-content\/uploads\/2023\/01\/whitepaperSurroundLight-sessie1212b.png 713w, https:\/\/mlfq4kqdz63e.i.optimole.com\/w:196\/h:154\/q:mauto\/g:sm\/f:best\/https:\/\/loerakkerledline.nl\/wp-content\/uploads\/2023\/01\/whitepaperSurroundLight-sessie1212b.png 196w, https:\/\/mlfq4kqdz63e.i.optimole.com\/w:1100\/h:864\/q:mauto\/g:sm\/f:best\/https:\/\/loerakkerledline.nl\/wp-content\/uploads\/2023\/01\/whitepaperSurroundLight-sessie1212b.png 1100w\" sizes=\"(max-width: 1000px) 100vw, 1000px\" \/><\/figure>\n<\/div>\n<\/div>\n<\/div><\/div>\n\n<div class=\"wp-block-group is-style-full-width-ground has-c-alabaster-background-color has-background\"><div class=\"wp-block-group__inner-container\">\n<div class=\"wp-block-group is-style-wide-content\"><div class=\"wp-block-group__inner-container\">\n<div class=\"wp-block-columns has-2-columns is-style-default\">\n<div class=\"wp-block-column\">\n<h3 class=\"wp-block-heading\">COMMENT L&rsquo;INT\u00c9RIEUR S&rsquo;EMBELLIT GR\u00c2CE \u00c0 L&rsquo;\u00c9CLAIRAGE LED<\/h3>\n\n\n\n<p>Tous les architectes d&rsquo;int\u00e9rieur savent que l&rsquo;\u00e9clairage joue un r\u00f4le essentiel dans les int\u00e9rieurs. La lumi\u00e8re nous fait vivre une pi\u00e8ce d&rsquo;une certaine mani\u00e8re. En tant que telle, la lumi\u00e8re influence \u00e0 la fois l&rsquo;atmosph\u00e8re et la convivialit\u00e9.  <\/p>\n\n\n\n<p>Dans ce livre blanc, Maarten Loerakker, expert en \u00e9clairage, inventeur et entrepreneur, attire l&rsquo;attention sur cinq points essentiels pour une utilisation optimale des LED en tant que source lumineuse.<\/p>\n\n\n\n<div class='_form_18'><\/div><script type='text\/javascript' src='https:\/\/loerakker.activehosted.com\/f\/embed.php?static=0&id=18&69F9916D52E08&nostyles=0&preview=0'><\/script>\n<\/div>\n\n\n\n<div class=\"wp-block-column\">\n<figure class=\"wp-block-image size-full\"><img data-opt-id=765322326  data-opt-src=\"https:\/\/mlfq4kqdz63e.i.optimole.com\/w:auto\/h:auto\/q:mauto\/g:sm\/f:best\/https:\/\/loerakkerledline.nl\/wp-content\/uploads\/2023\/01\/Loerakker-website-image.png\"  decoding=\"async\" width=\"3848\" height=\"3393\" src=\"data:image/svg+xml,%3Csvg%20viewBox%3D%220%200%20100%%20100%%22%20width%3D%22100%%22%20height%3D%22100%%22%20xmlns%3D%22http%3A%2F%2Fwww.w3.org%2F2000%2Fsvg%22%3E%3Crect%20width%3D%22100%%22%20height%3D%22100%%22%20fill%3D%22transparent%22%2F%3E%3C%2Fsvg%3E\" alt=\"\" class=\"wp-image-24139\" old-srcset=\"https:\/\/mlfq4kqdz63e.i.optimole.com\/w:1224\/h:1080\/q:mauto\/g:sm\/f:best\/https:\/\/loerakkerledline.nl\/wp-content\/uploads\/2023\/01\/Loerakker-website-image.png 3848w, https:\/\/mlfq4kqdz63e.i.optimole.com\/w:535\/h:472\/q:mauto\/g:sm\/f:best\/https:\/\/loerakkerledline.nl\/wp-content\/uploads\/2023\/01\/Loerakker-website-image.png 535w, https:\/\/mlfq4kqdz63e.i.optimole.com\/w:1224\/h:1080\/q:mauto\/g:sm\/f:best\/https:\/\/loerakkerledline.nl\/wp-content\/uploads\/2023\/01\/Loerakker-website-image.png 1600w, https:\/\/mlfq4kqdz63e.i.optimole.com\/w:76\/h:67\/q:mauto\/g:sm\/f:best\/dpr:2\/https:\/\/loerakkerledline.nl\/wp-content\/uploads\/2023\/01\/Loerakker-website-image.png 76w, https:\/\/mlfq4kqdz63e.i.optimole.com\/w:713\/h:629\/q:mauto\/g:sm\/f:best\/https:\/\/loerakkerledline.nl\/wp-content\/uploads\/2023\/01\/Loerakker-website-image.png 713w, https:\/\/mlfq4kqdz63e.i.optimole.com\/w:196\/h:173\/q:mauto\/g:sm\/f:best\/https:\/\/loerakkerledline.nl\/wp-content\/uploads\/2023\/01\/Loerakker-website-image.png 196w, https:\/\/mlfq4kqdz63e.i.optimole.com\/w:1100\/h:970\/q:mauto\/g:sm\/f:best\/https:\/\/loerakkerledline.nl\/wp-content\/uploads\/2023\/01\/Loerakker-website-image.png 1100w\" \/><\/figure>\n<\/div>\n<\/div>\n\n\n\n<p><\/p>\n<\/div><\/div>\n<\/div><\/div>\n\n<div class=\"wp-block-group is-style-wide-content\"><div class=\"wp-block-group__inner-container\">\n<div class=\"wp-block-columns has-2-columns is-style-section-padding\">\n<div class=\"wp-block-column\">\n<h3 class=\"wp-block-heading\">CINQ POINTS ESSENTIELS POUR UN \u00c9CLAIRAGE DE BUREAU EFFICACE ET CONFORTABLE<\/h3>\n\n\n\n<p>Augmenter la productivit\u00e9 de vos collaborateurs gr\u00e2ce \u00e0 un meilleur \u00e9clairage ? Choisissez un syst\u00e8me d&rsquo;\u00e9clairage qui non seulement \u00e9conomise de l&rsquo;\u00e9nergie, mais qui est aussi plus \u00e9conomique pour vous et vos coll\u00e8gues. \u00c0 quoi faites-vous attention lorsque vous envisagez un nouvel \u00e9clairage ? Quels pi\u00e8ges pouvez-vous \u00e9viter ?   <\/p>\n\n\n\n<p>D\u00e9couvrez ici les<strong> cinq points d&rsquo;int\u00e9r\u00eat<\/strong> de l&rsquo;expert en \u00e9clairage, inventeur et entrepreneur Maarten Loerakker :<\/p>\n\n\n\n<div class='_form_4'><\/div><script type='text\/javascript' src='https:\/\/loerakker.activehosted.com\/f\/embed.php?static=0&id=4&69F9916D52E6E&nostyles=0&preview=0'><\/script>\n<\/div>\n\n\n\n<div class=\"wp-block-column\">\n<figure class=\"wp-block-image size-full\"><img data-opt-id=1055864967  data-opt-src=\"https:\/\/mlfq4kqdz63e.i.optimole.com\/w:auto\/h:auto\/q:mauto\/g:sm\/f:best\/https:\/\/loerakkerledline.nl\/wp-content\/uploads\/2023\/01\/whitepaper_VijfAandachtspuntenKantoorverlichting.png\"  decoding=\"async\" width=\"1400\" height=\"1099\" src=\"data:image/svg+xml,%3Csvg%20viewBox%3D%220%200%20100%%20100%%22%20width%3D%22100%%22%20height%3D%22100%%22%20xmlns%3D%22http%3A%2F%2Fwww.w3.org%2F2000%2Fsvg%22%3E%3Crect%20width%3D%22100%%22%20height%3D%22100%%22%20fill%3D%22transparent%22%2F%3E%3C%2Fsvg%3E\" alt=\"\" class=\"wp-image-24140\" old-srcset=\"https:\/\/mlfq4kqdz63e.i.optimole.com\/w:1375\/h:1080\/q:mauto\/g:sm\/f:best\/https:\/\/loerakkerledline.nl\/wp-content\/uploads\/2023\/01\/whitepaper_VijfAandachtspuntenKantoorverlichting.png 1400w, https:\/\/mlfq4kqdz63e.i.optimole.com\/w:535\/h:420\/q:mauto\/g:sm\/f:best\/https:\/\/loerakkerledline.nl\/wp-content\/uploads\/2023\/01\/whitepaper_VijfAandachtspuntenKantoorverlichting.png 535w, https:\/\/mlfq4kqdz63e.i.optimole.com\/w:85\/h:67\/q:mauto\/g:sm\/f:best\/dpr:2\/https:\/\/loerakkerledline.nl\/wp-content\/uploads\/2023\/01\/whitepaper_VijfAandachtspuntenKantoorverlichting.png 85w, https:\/\/mlfq4kqdz63e.i.optimole.com\/w:713\/h:560\/q:mauto\/g:sm\/f:best\/https:\/\/loerakkerledline.nl\/wp-content\/uploads\/2023\/01\/whitepaper_VijfAandachtspuntenKantoorverlichting.png 713w, https:\/\/mlfq4kqdz63e.i.optimole.com\/w:196\/h:154\/q:mauto\/g:sm\/f:best\/https:\/\/loerakkerledline.nl\/wp-content\/uploads\/2023\/01\/whitepaper_VijfAandachtspuntenKantoorverlichting.png 196w, https:\/\/mlfq4kqdz63e.i.optimole.com\/w:1100\/h:864\/q:mauto\/g:sm\/f:best\/https:\/\/loerakkerledline.nl\/wp-content\/uploads\/2023\/01\/whitepaper_VijfAandachtspuntenKantoorverlichting.png 1100w\" \/><\/figure>\n<\/div>\n<\/div>\n<\/div><\/div>\n","protected":false},"excerpt":{"rendered":"<p>L&rsquo;\u00c9CLAIRAGE CENTR\u00c9 SUR L&rsquo;HOMME (HCL) POUR LES NULS HCL est un nouveau mot \u00e0 la mode dans le monde de l&rsquo;\u00e9clairage. Qu&rsquo;est-ce que cela signifie, quelle est son importance et comment l&rsquo;appliquer dans votre environnement de travail ? Maarten Loerakker l\u00e8ve le voile sur ce myst\u00e8re. COMMENT VOUS \u00caTES ASSUR\u00c9 D&rsquo;\u00caTRE PLUS PERFORMANT AVEC LE [&hellip;]<\/p>\n","protected":false},"author":4,"featured_media":0,"parent":0,"menu_order":0,"comment_status":"closed","ping_status":"closed","template":"","meta":{"_acf_changed":false,"footnotes":""},"class_list":["post-33484","page","type-page","status-publish","hentry"],"acf":[],"yoast_head":"<!-- This site is optimized with the Yoast SEO plugin v27.1 - https:\/\/yoast.com\/product\/yoast-seo-wordpress\/ -->\n<title>Livres blancs - Loerakker Ledline<\/title>\n<meta name=\"robots\" content=\"index, follow, max-snippet:-1, max-image-preview:large, max-video-preview:-1\" \/>\n<link rel=\"canonical\" href=\"https:\/\/loerakkerledline.nl\/fr\/livres-blancs\/\" \/>\n<meta property=\"og:locale\" content=\"fr_FR\" \/>\n<meta property=\"og:type\" content=\"article\" \/>\n<meta property=\"og:title\" content=\"Livres blancs - Loerakker Ledline\" \/>\n<meta property=\"og:description\" content=\"L&rsquo;\u00c9CLAIRAGE CENTR\u00c9 SUR L&rsquo;HOMME (HCL) POUR LES NULS HCL est un nouveau mot \u00e0 la mode dans le monde de l&rsquo;\u00e9clairage. Qu&rsquo;est-ce que cela signifie, quelle est son importance et comment l&rsquo;appliquer dans votre environnement de travail ? Maarten Loerakker l\u00e8ve le voile sur ce myst\u00e8re. COMMENT VOUS \u00caTES ASSUR\u00c9 D&rsquo;\u00caTRE PLUS PERFORMANT AVEC LE [&hellip;]\" \/>\n<meta property=\"og:url\" content=\"https:\/\/loerakkerledline.nl\/fr\/livres-blancs\/\" \/>\n<meta property=\"og:site_name\" content=\"Loerakker Ledline\" \/>\n<meta property=\"article:modified_time\" content=\"2025-12-13T15:51:48+00:00\" \/>\n<meta property=\"og:image\" content=\"https:\/\/mlfq4kqdz63e.i.optimole.com\/w:auto\/h:auto\/q:mauto\/g:sm\/f:best\/https:\/\/loerakkerledline.nl\/wp-content\/uploads\/2023\/01\/whitepaper_HumanCentricLighting.png\" \/>\n\t<meta property=\"og:image:width\" content=\"1400\" \/>\n\t<meta property=\"og:image:height\" content=\"1099\" \/>\n\t<meta property=\"og:image:type\" content=\"image\/png\" \/>\n<meta name=\"twitter:card\" content=\"summary_large_image\" \/>\n<meta name=\"twitter:label1\" content=\"Dur\u00e9e de lecture estim\u00e9e\" \/>\n\t<meta name=\"twitter:data1\" content=\"1 minute\" \/>\n<script type=\"application\/ld+json\" class=\"yoast-schema-graph\">{\"@context\":\"https:\/\/schema.org\",\"@graph\":[{\"@type\":\"WebPage\",\"@id\":\"https:\/\/loerakkerledline.nl\/fr\/livres-blancs\/\",\"url\":\"https:\/\/loerakkerledline.nl\/fr\/livres-blancs\/\",\"name\":\"Livres blancs - Loerakker Ledline\",\"isPartOf\":{\"@id\":\"https:\/\/loerakkerledline.nl\/#website\"},\"primaryImageOfPage\":{\"@id\":\"https:\/\/loerakkerledline.nl\/fr\/livres-blancs\/#primaryimage\"},\"image\":{\"@id\":\"https:\/\/loerakkerledline.nl\/fr\/livres-blancs\/#primaryimage\"},\"thumbnailUrl\":\"https:\/\/mlfq4kqdz63e.i.optimole.com\/w:auto\/h:auto\/q:mauto\/g:sm\/f:best\/https:\/\/loerakkerledline.nl\/wp-content\/uploads\/2023\/01\/whitepaper_HumanCentricLighting.png\",\"datePublished\":\"2023-01-04T16:10:51+00:00\",\"dateModified\":\"2025-12-13T15:51:48+00:00\",\"breadcrumb\":{\"@id\":\"https:\/\/loerakkerledline.nl\/fr\/livres-blancs\/#breadcrumb\"},\"inLanguage\":\"fr-FR\",\"potentialAction\":[{\"@type\":\"ReadAction\",\"target\":[\"https:\/\/loerakkerledline.nl\/fr\/livres-blancs\/\"]}]},{\"@type\":\"ImageObject\",\"inLanguage\":\"fr-FR\",\"@id\":\"https:\/\/loerakkerledline.nl\/fr\/livres-blancs\/#primaryimage\",\"url\":\"https:\/\/mlfq4kqdz63e.i.optimole.com\/w:auto\/h:auto\/q:mauto\/g:sm\/f:best\/https:\/\/loerakkerledline.nl\/wp-content\/uploads\/2023\/01\/whitepaper_HumanCentricLighting.png\",\"contentUrl\":\"https:\/\/mlfq4kqdz63e.i.optimole.com\/w:auto\/h:auto\/q:mauto\/g:sm\/f:best\/https:\/\/loerakkerledline.nl\/wp-content\/uploads\/2023\/01\/whitepaper_HumanCentricLighting.png\"},{\"@type\":\"BreadcrumbList\",\"@id\":\"https:\/\/loerakkerledline.nl\/fr\/livres-blancs\/#breadcrumb\",\"itemListElement\":[{\"@type\":\"ListItem\",\"position\":1,\"name\":\"Home\",\"item\":\"https:\/\/loerakkerledline.nl\/fr\/\"},{\"@type\":\"ListItem\",\"position\":2,\"name\":\"Livres blancs\"}]},{\"@type\":\"WebSite\",\"@id\":\"https:\/\/loerakkerledline.nl\/#website\",\"url\":\"https:\/\/loerakkerledline.nl\/\",\"name\":\"Loerakker Ledline\",\"description\":\"\",\"potentialAction\":[{\"@type\":\"SearchAction\",\"target\":{\"@type\":\"EntryPoint\",\"urlTemplate\":\"https:\/\/loerakkerledline.nl\/?s={search_term_string}\"},\"query-input\":{\"@type\":\"PropertyValueSpecification\",\"valueRequired\":true,\"valueName\":\"search_term_string\"}}],\"inLanguage\":\"fr-FR\"}]}<\/script>\n<!-- \/ Yoast SEO plugin. -->","yoast_head_json":{"title":"Livres blancs - Loerakker Ledline","robots":{"index":"index","follow":"follow","max-snippet":"max-snippet:-1","max-image-preview":"max-image-preview:large","max-video-preview":"max-video-preview:-1"},"canonical":"https:\/\/loerakkerledline.nl\/fr\/livres-blancs\/","og_locale":"fr_FR","og_type":"article","og_title":"Livres blancs - Loerakker Ledline","og_description":"L&rsquo;\u00c9CLAIRAGE CENTR\u00c9 SUR L&rsquo;HOMME (HCL) POUR LES NULS HCL est un nouveau mot \u00e0 la mode dans le monde de l&rsquo;\u00e9clairage. Qu&rsquo;est-ce que cela signifie, quelle est son importance et comment l&rsquo;appliquer dans votre environnement de travail ? Maarten Loerakker l\u00e8ve le voile sur ce myst\u00e8re. COMMENT VOUS \u00caTES ASSUR\u00c9 D&rsquo;\u00caTRE PLUS PERFORMANT AVEC LE [&hellip;]","og_url":"https:\/\/loerakkerledline.nl\/fr\/livres-blancs\/","og_site_name":"Loerakker Ledline","article_modified_time":"2025-12-13T15:51:48+00:00","og_image":[{"width":1400,"height":1099,"url":"https:\/\/mlfq4kqdz63e.i.optimole.com\/w:auto\/h:auto\/q:mauto\/g:sm\/f:best\/https:\/\/loerakkerledline.nl\/wp-content\/uploads\/2023\/01\/whitepaper_HumanCentricLighting.png","type":"image\/png"}],"twitter_card":"summary_large_image","twitter_misc":{"Dur\u00e9e de lecture estim\u00e9e":"1 minute"},"schema":{"@context":"https:\/\/schema.org","@graph":[{"@type":"WebPage","@id":"https:\/\/loerakkerledline.nl\/fr\/livres-blancs\/","url":"https:\/\/loerakkerledline.nl\/fr\/livres-blancs\/","name":"Livres blancs - Loerakker Ledline","isPartOf":{"@id":"https:\/\/loerakkerledline.nl\/#website"},"primaryImageOfPage":{"@id":"https:\/\/loerakkerledline.nl\/fr\/livres-blancs\/#primaryimage"},"image":{"@id":"https:\/\/loerakkerledline.nl\/fr\/livres-blancs\/#primaryimage"},"thumbnailUrl":"https:\/\/mlfq4kqdz63e.i.optimole.com\/w:auto\/h:auto\/q:mauto\/g:sm\/f:best\/https:\/\/loerakkerledline.nl\/wp-content\/uploads\/2023\/01\/whitepaper_HumanCentricLighting.png","datePublished":"2023-01-04T16:10:51+00:00","dateModified":"2025-12-13T15:51:48+00:00","breadcrumb":{"@id":"https:\/\/loerakkerledline.nl\/fr\/livres-blancs\/#breadcrumb"},"inLanguage":"fr-FR","potentialAction":[{"@type":"ReadAction","target":["https:\/\/loerakkerledline.nl\/fr\/livres-blancs\/"]}]},{"@type":"ImageObject","inLanguage":"fr-FR","@id":"https:\/\/loerakkerledline.nl\/fr\/livres-blancs\/#primaryimage","url":"https:\/\/mlfq4kqdz63e.i.optimole.com\/w:auto\/h:auto\/q:mauto\/g:sm\/f:best\/https:\/\/loerakkerledline.nl\/wp-content\/uploads\/2023\/01\/whitepaper_HumanCentricLighting.png","contentUrl":"https:\/\/mlfq4kqdz63e.i.optimole.com\/w:auto\/h:auto\/q:mauto\/g:sm\/f:best\/https:\/\/loerakkerledline.nl\/wp-content\/uploads\/2023\/01\/whitepaper_HumanCentricLighting.png"},{"@type":"BreadcrumbList","@id":"https:\/\/loerakkerledline.nl\/fr\/livres-blancs\/#breadcrumb","itemListElement":[{"@type":"ListItem","position":1,"name":"Home","item":"https:\/\/loerakkerledline.nl\/fr\/"},{"@type":"ListItem","position":2,"name":"Livres blancs"}]},{"@type":"WebSite","@id":"https:\/\/loerakkerledline.nl\/#website","url":"https:\/\/loerakkerledline.nl\/","name":"Loerakker Ledline","description":"","potentialAction":[{"@type":"SearchAction","target":{"@type":"EntryPoint","urlTemplate":"https:\/\/loerakkerledline.nl\/?s={search_term_string}"},"query-input":{"@type":"PropertyValueSpecification","valueRequired":true,"valueName":"search_term_string"}}],"inLanguage":"fr-FR"}]}},"_links":{"self":[{"href":"https:\/\/loerakkerledline.nl\/fr\/wp-json\/wp\/v2\/pages\/33484","targetHints":{"allow":["GET"]}}],"collection":[{"href":"https:\/\/loerakkerledline.nl\/fr\/wp-json\/wp\/v2\/pages"}],"about":[{"href":"https:\/\/loerakkerledline.nl\/fr\/wp-json\/wp\/v2\/types\/page"}],"author":[{"embeddable":true,"href":"https:\/\/loerakkerledline.nl\/fr\/wp-json\/wp\/v2\/users\/4"}],"replies":[{"embeddable":true,"href":"https:\/\/loerakkerledline.nl\/fr\/wp-json\/wp\/v2\/comments?post=33484"}],"version-history":[{"count":1,"href":"https:\/\/loerakkerledline.nl\/fr\/wp-json\/wp\/v2\/pages\/33484\/revisions"}],"predecessor-version":[{"id":33485,"href":"https:\/\/loerakkerledline.nl\/fr\/wp-json\/wp\/v2\/pages\/33484\/revisions\/33485"}],"wp:attachment":[{"href":"https:\/\/loerakkerledline.nl\/fr\/wp-json\/wp\/v2\/media?parent=33484"}],"curies":[{"name":"wp","href":"https:\/\/api.w.org\/{rel}","templated":true}]}}