{"id":32857,"date":"2023-01-04T16:10:51","date_gmt":"2023-01-04T16:10:51","guid":{"rendered":"https:\/\/loerakkerledline.nl\/whitepapers\/"},"modified":"2025-08-29T10:04:09","modified_gmt":"2025-08-29T10:04:09","slug":"whitepapers","status":"publish","type":"page","link":"https:\/\/loerakkerledline.nl\/de\/whitepapers\/","title":{"rendered":"Whitepapers"},"content":{"rendered":"\n<div class=\"wp-block-group is-style-full-width-ground has-c-alabaster-background-color has-background\"><div class=\"wp-block-group__inner-container\">\n<div class=\"wp-block-group is-style-wide-content\"><div class=\"wp-block-group__inner-container\">\n<div class=\"wp-block-columns has-2-columns is-style-default\">\n<div class=\"wp-block-column\">\n<h3 class=\"wp-block-heading\">HUMAN CENTRIC LIGHTING (HCL) F\u00dcR DUMMIES<\/h3>\n\n\n\n<p>HCL ist ein neues Schlagwort in der Welt der Beleuchtung. Was bedeutet es, wie wichtig ist es und wie setzt man HCL in der Arbeitsumgebung ein? Maarten Loerakker l\u00fcftet das Geheimnis.  <\/p>\n\n\n\n<div class='_form_27'><\/div><script type='text\/javascript' src='https:\/\/loerakker.activehosted.com\/f\/embed.php?static=0&id=27&69E520445E5C5&nostyles=0&preview=0'><\/script> \n<\/div>\n\n\n\n<div class=\"wp-block-column\">\n<figure class=\"wp-block-image size-full\"><img data-opt-id=1013982813  fetchpriority=\"high\" decoding=\"async\" width=\"1400\" height=\"1099\" src=\"https:\/\/mlfq4kqdz63e.i.optimole.com\/w:auto\/h:auto\/q:mauto\/g:sm\/f:best\/https:\/\/loerakkerledline.nl\/wp-content\/uploads\/2023\/01\/whitepaper_HumanCentricLighting.png\" alt=\"\" class=\"wp-image-24137\" srcset=\"https:\/\/mlfq4kqdz63e.i.optimole.com\/w:1375\/h:1080\/q:mauto\/g:sm\/f:best\/https:\/\/loerakkerledline.nl\/wp-content\/uploads\/2023\/01\/whitepaper_HumanCentricLighting.png 1400w, https:\/\/mlfq4kqdz63e.i.optimole.com\/w:535\/h:420\/q:mauto\/g:sm\/f:best\/https:\/\/loerakkerledline.nl\/wp-content\/uploads\/2023\/01\/whitepaper_HumanCentricLighting.png 535w, https:\/\/mlfq4kqdz63e.i.optimole.com\/w:85\/h:67\/q:mauto\/g:sm\/f:best\/dpr:2\/https:\/\/loerakkerledline.nl\/wp-content\/uploads\/2023\/01\/whitepaper_HumanCentricLighting.png 85w, https:\/\/mlfq4kqdz63e.i.optimole.com\/w:713\/h:560\/q:mauto\/g:sm\/f:best\/https:\/\/loerakkerledline.nl\/wp-content\/uploads\/2023\/01\/whitepaper_HumanCentricLighting.png 713w, https:\/\/mlfq4kqdz63e.i.optimole.com\/w:196\/h:154\/q:mauto\/g:sm\/f:best\/https:\/\/loerakkerledline.nl\/wp-content\/uploads\/2023\/01\/whitepaper_HumanCentricLighting.png 196w, https:\/\/mlfq4kqdz63e.i.optimole.com\/w:1100\/h:864\/q:mauto\/g:sm\/f:best\/https:\/\/loerakkerledline.nl\/wp-content\/uploads\/2023\/01\/whitepaper_HumanCentricLighting.png 1100w\" sizes=\"(max-width: 1000px) 100vw, 1000px\" \/><\/figure>\n<\/div>\n<\/div>\n<\/div><\/div>\n<\/div><\/div>\n\n<div class=\"wp-block-group is-style-wide-content\"><div class=\"wp-block-group__inner-container\">\n<div class=\"wp-block-columns has-2-columns is-style-section-padding\">\n<div class=\"wp-block-column\">\n<h3 class=\"wp-block-heading\">WIE DU MIT DER RICHTIGEN BELEUCHTUNG GARANTIERT BESSER LEISTEST<\/h3>\n\n\n\n<p>Was ist Beleuchtung genau? Wie kann Beleuchtung zu einem gesunden B\u00fcro beitragen? Was hat sie mit unserem Biorhythmus zu tun und wie k\u00f6nnen wir davon optimal in unserem Gesch\u00e4ftsbetrieb profitieren?  <\/p>\n\n\n\n<p>Maarten Loerakker, Lichtexperte, Erfinder und Unternehmer, erkl\u00e4rt alles in diesem zug\u00e4nglichen und illustrierten Whitepaper: <em>\u201eWie du mit der richtigen Beleuchtung garantiert besser leistest\u201c.<\/em> <\/p>\n\n\n\n<div class='_form_6'><\/div><script type='text\/javascript' src='https:\/\/loerakker.activehosted.com\/f\/embed.php?static=0&id=6&69E520445E67A&nostyles=0&preview=0'><\/script>\n<\/div>\n\n\n\n<div class=\"wp-block-column\">\n<figure class=\"wp-block-image size-full\"><img data-opt-id=1780748922  fetchpriority=\"high\" decoding=\"async\" width=\"1400\" height=\"1099\" src=\"https:\/\/mlfq4kqdz63e.i.optimole.com\/w:auto\/h:auto\/q:mauto\/g:sm\/f:best\/https:\/\/loerakkerledline.nl\/wp-content\/uploads\/2023\/01\/whitepaperSurroundLight-sessie1212b.png\" alt=\"\" class=\"wp-image-24138\" srcset=\"https:\/\/mlfq4kqdz63e.i.optimole.com\/w:1375\/h:1080\/q:mauto\/g:sm\/f:best\/https:\/\/loerakkerledline.nl\/wp-content\/uploads\/2023\/01\/whitepaperSurroundLight-sessie1212b.png 1400w, https:\/\/mlfq4kqdz63e.i.optimole.com\/w:535\/h:420\/q:mauto\/g:sm\/f:best\/https:\/\/loerakkerledline.nl\/wp-content\/uploads\/2023\/01\/whitepaperSurroundLight-sessie1212b.png 535w, https:\/\/mlfq4kqdz63e.i.optimole.com\/w:85\/h:67\/q:mauto\/g:sm\/f:best\/dpr:2\/https:\/\/loerakkerledline.nl\/wp-content\/uploads\/2023\/01\/whitepaperSurroundLight-sessie1212b.png 85w, https:\/\/mlfq4kqdz63e.i.optimole.com\/w:713\/h:560\/q:mauto\/g:sm\/f:best\/https:\/\/loerakkerledline.nl\/wp-content\/uploads\/2023\/01\/whitepaperSurroundLight-sessie1212b.png 713w, https:\/\/mlfq4kqdz63e.i.optimole.com\/w:196\/h:154\/q:mauto\/g:sm\/f:best\/https:\/\/loerakkerledline.nl\/wp-content\/uploads\/2023\/01\/whitepaperSurroundLight-sessie1212b.png 196w, https:\/\/mlfq4kqdz63e.i.optimole.com\/w:1100\/h:864\/q:mauto\/g:sm\/f:best\/https:\/\/loerakkerledline.nl\/wp-content\/uploads\/2023\/01\/whitepaperSurroundLight-sessie1212b.png 1100w\" sizes=\"(max-width: 1000px) 100vw, 1000px\" \/><\/figure>\n<\/div>\n<\/div>\n<\/div><\/div>\n\n<div class=\"wp-block-group is-style-full-width-ground has-c-alabaster-background-color has-background\"><div class=\"wp-block-group__inner-container\">\n<div class=\"wp-block-group is-style-wide-content\"><div class=\"wp-block-group__inner-container\">\n<div class=\"wp-block-columns has-2-columns is-style-default\">\n<div class=\"wp-block-column\">\n<h3 class=\"wp-block-heading\">WIE DAS INTERIEUR MIT LED-BELEUCHTUNG BESSER ZUR GELTUNG KOMMT<\/h3>\n\n\n\n<p>Jeder Innenarchitekt wei\u00df, dass Beleuchtung eine essenzielle Rolle im Interieur spielt. Licht sorgt daf\u00fcr, dass wir einen Raum auf eine bestimmte Weise wahrnehmen. Damit beeinflusst Licht sowohl die Atmosph\u00e4re als auch die Nutzungsm\u00f6glichkeiten.  <\/p>\n\n\n\n<p>Maarten Loerakker, Lichtexperte, Erfinder und Unternehmer, weist in diesem Whitepaper auf f\u00fcnf wichtige Aspekte f\u00fcr den optimalen Einsatz von LED als Lichtquelle hin.<\/p>\n\n\n\n<div class='_form_18'><\/div><script type='text\/javascript' src='https:\/\/loerakker.activehosted.com\/f\/embed.php?static=0&id=18&69E520445E6F3&nostyles=0&preview=0'><\/script>\n<\/div>\n\n\n\n<div class=\"wp-block-column\">\n<figure class=\"wp-block-image size-full\"><img data-opt-id=765322326  data-opt-src=\"https:\/\/mlfq4kqdz63e.i.optimole.com\/w:auto\/h:auto\/q:mauto\/g:sm\/f:best\/https:\/\/loerakkerledline.nl\/wp-content\/uploads\/2023\/01\/Loerakker-website-image.png\"  decoding=\"async\" width=\"3848\" height=\"3393\" src=\"data:image/svg+xml,%3Csvg%20viewBox%3D%220%200%20100%%20100%%22%20width%3D%22100%%22%20height%3D%22100%%22%20xmlns%3D%22http%3A%2F%2Fwww.w3.org%2F2000%2Fsvg%22%3E%3Crect%20width%3D%22100%%22%20height%3D%22100%%22%20fill%3D%22transparent%22%2F%3E%3C%2Fsvg%3E\" alt=\"\" class=\"wp-image-24139\" old-srcset=\"https:\/\/mlfq4kqdz63e.i.optimole.com\/w:1224\/h:1080\/q:mauto\/g:sm\/f:best\/https:\/\/loerakkerledline.nl\/wp-content\/uploads\/2023\/01\/Loerakker-website-image.png 3848w, https:\/\/mlfq4kqdz63e.i.optimole.com\/w:535\/h:472\/q:mauto\/g:sm\/f:best\/https:\/\/loerakkerledline.nl\/wp-content\/uploads\/2023\/01\/Loerakker-website-image.png 535w, https:\/\/mlfq4kqdz63e.i.optimole.com\/w:1224\/h:1080\/q:mauto\/g:sm\/f:best\/https:\/\/loerakkerledline.nl\/wp-content\/uploads\/2023\/01\/Loerakker-website-image.png 1600w, https:\/\/mlfq4kqdz63e.i.optimole.com\/w:76\/h:67\/q:mauto\/g:sm\/f:best\/dpr:2\/https:\/\/loerakkerledline.nl\/wp-content\/uploads\/2023\/01\/Loerakker-website-image.png 76w, https:\/\/mlfq4kqdz63e.i.optimole.com\/w:713\/h:629\/q:mauto\/g:sm\/f:best\/https:\/\/loerakkerledline.nl\/wp-content\/uploads\/2023\/01\/Loerakker-website-image.png 713w, https:\/\/mlfq4kqdz63e.i.optimole.com\/w:196\/h:173\/q:mauto\/g:sm\/f:best\/https:\/\/loerakkerledline.nl\/wp-content\/uploads\/2023\/01\/Loerakker-website-image.png 196w, https:\/\/mlfq4kqdz63e.i.optimole.com\/w:1100\/h:970\/q:mauto\/g:sm\/f:best\/https:\/\/loerakkerledline.nl\/wp-content\/uploads\/2023\/01\/Loerakker-website-image.png 1100w\" \/><\/figure>\n<\/div>\n<\/div>\n\n\n\n<p><\/p>\n<\/div><\/div>\n<\/div><\/div>\n\n<div class=\"wp-block-group is-style-wide-content\"><div class=\"wp-block-group__inner-container\">\n<div class=\"wp-block-columns has-2-columns is-style-section-padding\">\n<div class=\"wp-block-column\">\n<h3 class=\"wp-block-heading\">F\u00dcNF WICHTIGE PUNKTE F\u00dcR GUTE UND KOMFORTABLE B\u00dcROBELEUCHTUNG<\/h3>\n\n\n\n<p>Die Produktivit\u00e4t Ihrer Mitarbeiter mit besserer Beleuchtung steigern? Entscheiden Sie sich f\u00fcr ein Lichtsystem, das nicht nur Energie spart, sondern auch besonders schonend f\u00fcr Sie und Ihre Kollegen ist. Worauf sollten Sie bei der Auswahl neuer Beleuchtung achten? Welche Fallstricke k\u00f6nnen Sie vermeiden?   <\/p>\n\n\n\n<p>Hier sind die<strong> f\u00fcnf wichtigsten<\/strong> Aspekte von Lichtexperte, Erfinder und Unternehmer Maarten Loerakker:<\/p>\n\n\n\n<div class='_form_4'><\/div><script type='text\/javascript' src='https:\/\/loerakker.activehosted.com\/f\/embed.php?static=0&id=4&69E520445E75D&nostyles=0&preview=0'><\/script>\n<\/div>\n\n\n\n<div class=\"wp-block-column\">\n<figure class=\"wp-block-image size-full\"><img data-opt-id=1055864967  data-opt-src=\"https:\/\/mlfq4kqdz63e.i.optimole.com\/w:auto\/h:auto\/q:mauto\/g:sm\/f:best\/https:\/\/loerakkerledline.nl\/wp-content\/uploads\/2023\/01\/whitepaper_VijfAandachtspuntenKantoorverlichting.png\"  decoding=\"async\" width=\"1400\" height=\"1099\" src=\"data:image/svg+xml,%3Csvg%20viewBox%3D%220%200%20100%%20100%%22%20width%3D%22100%%22%20height%3D%22100%%22%20xmlns%3D%22http%3A%2F%2Fwww.w3.org%2F2000%2Fsvg%22%3E%3Crect%20width%3D%22100%%22%20height%3D%22100%%22%20fill%3D%22transparent%22%2F%3E%3C%2Fsvg%3E\" alt=\"\" class=\"wp-image-24140\" old-srcset=\"https:\/\/mlfq4kqdz63e.i.optimole.com\/w:1375\/h:1080\/q:mauto\/g:sm\/f:best\/https:\/\/loerakkerledline.nl\/wp-content\/uploads\/2023\/01\/whitepaper_VijfAandachtspuntenKantoorverlichting.png 1400w, https:\/\/mlfq4kqdz63e.i.optimole.com\/w:535\/h:420\/q:mauto\/g:sm\/f:best\/https:\/\/loerakkerledline.nl\/wp-content\/uploads\/2023\/01\/whitepaper_VijfAandachtspuntenKantoorverlichting.png 535w, https:\/\/mlfq4kqdz63e.i.optimole.com\/w:85\/h:67\/q:mauto\/g:sm\/f:best\/dpr:2\/https:\/\/loerakkerledline.nl\/wp-content\/uploads\/2023\/01\/whitepaper_VijfAandachtspuntenKantoorverlichting.png 85w, https:\/\/mlfq4kqdz63e.i.optimole.com\/w:713\/h:560\/q:mauto\/g:sm\/f:best\/https:\/\/loerakkerledline.nl\/wp-content\/uploads\/2023\/01\/whitepaper_VijfAandachtspuntenKantoorverlichting.png 713w, https:\/\/mlfq4kqdz63e.i.optimole.com\/w:196\/h:154\/q:mauto\/g:sm\/f:best\/https:\/\/loerakkerledline.nl\/wp-content\/uploads\/2023\/01\/whitepaper_VijfAandachtspuntenKantoorverlichting.png 196w, https:\/\/mlfq4kqdz63e.i.optimole.com\/w:1100\/h:864\/q:mauto\/g:sm\/f:best\/https:\/\/loerakkerledline.nl\/wp-content\/uploads\/2023\/01\/whitepaper_VijfAandachtspuntenKantoorverlichting.png 1100w\" \/><\/figure>\n<\/div>\n<\/div>\n<\/div><\/div>\n","protected":false},"excerpt":{"rendered":"<p>HUMAN CENTRIC LIGHTING (HCL) F\u00dcR DUMMIES HCL ist ein neues Schlagwort in der Welt der Beleuchtung. Was bedeutet es, wie wichtig ist es und wie setzt man HCL in der Arbeitsumgebung ein? Maarten Loerakker l\u00fcftet das Geheimnis. WIE DU MIT DER RICHTIGEN BELEUCHTUNG GARANTIERT BESSER LEISTEST Was ist Beleuchtung genau? Wie kann Beleuchtung zu einem [&hellip;]<\/p>\n","protected":false},"author":4,"featured_media":0,"parent":0,"menu_order":0,"comment_status":"closed","ping_status":"closed","template":"","meta":{"_acf_changed":false,"footnotes":""},"class_list":["post-32857","page","type-page","status-publish","hentry"],"acf":[],"yoast_head":"<!-- This site is optimized with the Yoast SEO plugin v27.1 - https:\/\/yoast.com\/product\/yoast-seo-wordpress\/ -->\n<title>Whitepapers - Loerakker Ledline<\/title>\n<meta name=\"robots\" content=\"index, follow, max-snippet:-1, max-image-preview:large, max-video-preview:-1\" \/>\n<link rel=\"canonical\" href=\"https:\/\/loerakkerledline.nl\/de\/whitepapers\/\" \/>\n<meta property=\"og:locale\" content=\"de_DE\" \/>\n<meta property=\"og:type\" content=\"article\" \/>\n<meta property=\"og:title\" content=\"Whitepapers - Loerakker Ledline\" \/>\n<meta property=\"og:description\" content=\"HUMAN CENTRIC LIGHTING (HCL) F\u00dcR DUMMIES HCL ist ein neues Schlagwort in der Welt der Beleuchtung. Was bedeutet es, wie wichtig ist es und wie setzt man HCL in der Arbeitsumgebung ein? Maarten Loerakker l\u00fcftet das Geheimnis. WIE DU MIT DER RICHTIGEN BELEUCHTUNG GARANTIERT BESSER LEISTEST Was ist Beleuchtung genau? Wie kann Beleuchtung zu einem [&hellip;]\" \/>\n<meta property=\"og:url\" content=\"https:\/\/loerakkerledline.nl\/de\/whitepapers\/\" \/>\n<meta property=\"og:site_name\" content=\"Loerakker Ledline\" \/>\n<meta property=\"article:modified_time\" content=\"2025-08-29T10:04:09+00:00\" \/>\n<meta property=\"og:image\" content=\"https:\/\/mlfq4kqdz63e.i.optimole.com\/w:auto\/h:auto\/q:mauto\/g:sm\/f:best\/https:\/\/loerakkerledline.nl\/wp-content\/uploads\/2023\/01\/whitepaper_HumanCentricLighting.png\" \/>\n\t<meta property=\"og:image:width\" content=\"1400\" \/>\n\t<meta property=\"og:image:height\" content=\"1099\" \/>\n\t<meta property=\"og:image:type\" content=\"image\/png\" \/>\n<meta name=\"twitter:card\" content=\"summary_large_image\" \/>\n<meta name=\"twitter:label1\" content=\"Gesch\u00e4tzte Lesezeit\" \/>\n\t<meta name=\"twitter:data1\" content=\"1\u00a0Minute\" \/>\n<script type=\"application\/ld+json\" class=\"yoast-schema-graph\">{\"@context\":\"https:\/\/schema.org\",\"@graph\":[{\"@type\":\"WebPage\",\"@id\":\"https:\/\/loerakkerledline.nl\/de\/whitepapers\/\",\"url\":\"https:\/\/loerakkerledline.nl\/de\/whitepapers\/\",\"name\":\"Whitepapers - Loerakker Ledline\",\"isPartOf\":{\"@id\":\"https:\/\/loerakkerledline.nl\/#website\"},\"primaryImageOfPage\":{\"@id\":\"https:\/\/loerakkerledline.nl\/de\/whitepapers\/#primaryimage\"},\"image\":{\"@id\":\"https:\/\/loerakkerledline.nl\/de\/whitepapers\/#primaryimage\"},\"thumbnailUrl\":\"https:\/\/mlfq4kqdz63e.i.optimole.com\/w:auto\/h:auto\/q:mauto\/g:sm\/f:best\/https:\/\/loerakkerledline.nl\/wp-content\/uploads\/2023\/01\/whitepaper_HumanCentricLighting.png\",\"datePublished\":\"2023-01-04T16:10:51+00:00\",\"dateModified\":\"2025-08-29T10:04:09+00:00\",\"breadcrumb\":{\"@id\":\"https:\/\/loerakkerledline.nl\/de\/whitepapers\/#breadcrumb\"},\"inLanguage\":\"de\",\"potentialAction\":[{\"@type\":\"ReadAction\",\"target\":[\"https:\/\/loerakkerledline.nl\/de\/whitepapers\/\"]}]},{\"@type\":\"ImageObject\",\"inLanguage\":\"de\",\"@id\":\"https:\/\/loerakkerledline.nl\/de\/whitepapers\/#primaryimage\",\"url\":\"https:\/\/mlfq4kqdz63e.i.optimole.com\/w:auto\/h:auto\/q:mauto\/g:sm\/f:best\/https:\/\/loerakkerledline.nl\/wp-content\/uploads\/2023\/01\/whitepaper_HumanCentricLighting.png\",\"contentUrl\":\"https:\/\/mlfq4kqdz63e.i.optimole.com\/w:auto\/h:auto\/q:mauto\/g:sm\/f:best\/https:\/\/loerakkerledline.nl\/wp-content\/uploads\/2023\/01\/whitepaper_HumanCentricLighting.png\"},{\"@type\":\"BreadcrumbList\",\"@id\":\"https:\/\/loerakkerledline.nl\/de\/whitepapers\/#breadcrumb\",\"itemListElement\":[{\"@type\":\"ListItem\",\"position\":1,\"name\":\"Home\",\"item\":\"https:\/\/loerakkerledline.nl\/de\/\"},{\"@type\":\"ListItem\",\"position\":2,\"name\":\"Whitepapers\"}]},{\"@type\":\"WebSite\",\"@id\":\"https:\/\/loerakkerledline.nl\/#website\",\"url\":\"https:\/\/loerakkerledline.nl\/\",\"name\":\"Loerakker Ledline\",\"description\":\"\",\"potentialAction\":[{\"@type\":\"SearchAction\",\"target\":{\"@type\":\"EntryPoint\",\"urlTemplate\":\"https:\/\/loerakkerledline.nl\/?s={search_term_string}\"},\"query-input\":{\"@type\":\"PropertyValueSpecification\",\"valueRequired\":true,\"valueName\":\"search_term_string\"}}],\"inLanguage\":\"de\"}]}<\/script>\n<!-- \/ Yoast SEO plugin. -->","yoast_head_json":{"title":"Whitepapers - Loerakker Ledline","robots":{"index":"index","follow":"follow","max-snippet":"max-snippet:-1","max-image-preview":"max-image-preview:large","max-video-preview":"max-video-preview:-1"},"canonical":"https:\/\/loerakkerledline.nl\/de\/whitepapers\/","og_locale":"de_DE","og_type":"article","og_title":"Whitepapers - Loerakker Ledline","og_description":"HUMAN CENTRIC LIGHTING (HCL) F\u00dcR DUMMIES HCL ist ein neues Schlagwort in der Welt der Beleuchtung. Was bedeutet es, wie wichtig ist es und wie setzt man HCL in der Arbeitsumgebung ein? Maarten Loerakker l\u00fcftet das Geheimnis. WIE DU MIT DER RICHTIGEN BELEUCHTUNG GARANTIERT BESSER LEISTEST Was ist Beleuchtung genau? Wie kann Beleuchtung zu einem [&hellip;]","og_url":"https:\/\/loerakkerledline.nl\/de\/whitepapers\/","og_site_name":"Loerakker Ledline","article_modified_time":"2025-08-29T10:04:09+00:00","og_image":[{"width":1400,"height":1099,"url":"https:\/\/mlfq4kqdz63e.i.optimole.com\/w:auto\/h:auto\/q:mauto\/g:sm\/f:best\/https:\/\/loerakkerledline.nl\/wp-content\/uploads\/2023\/01\/whitepaper_HumanCentricLighting.png","type":"image\/png"}],"twitter_card":"summary_large_image","twitter_misc":{"Gesch\u00e4tzte Lesezeit":"1\u00a0Minute"},"schema":{"@context":"https:\/\/schema.org","@graph":[{"@type":"WebPage","@id":"https:\/\/loerakkerledline.nl\/de\/whitepapers\/","url":"https:\/\/loerakkerledline.nl\/de\/whitepapers\/","name":"Whitepapers - Loerakker Ledline","isPartOf":{"@id":"https:\/\/loerakkerledline.nl\/#website"},"primaryImageOfPage":{"@id":"https:\/\/loerakkerledline.nl\/de\/whitepapers\/#primaryimage"},"image":{"@id":"https:\/\/loerakkerledline.nl\/de\/whitepapers\/#primaryimage"},"thumbnailUrl":"https:\/\/mlfq4kqdz63e.i.optimole.com\/w:auto\/h:auto\/q:mauto\/g:sm\/f:best\/https:\/\/loerakkerledline.nl\/wp-content\/uploads\/2023\/01\/whitepaper_HumanCentricLighting.png","datePublished":"2023-01-04T16:10:51+00:00","dateModified":"2025-08-29T10:04:09+00:00","breadcrumb":{"@id":"https:\/\/loerakkerledline.nl\/de\/whitepapers\/#breadcrumb"},"inLanguage":"de","potentialAction":[{"@type":"ReadAction","target":["https:\/\/loerakkerledline.nl\/de\/whitepapers\/"]}]},{"@type":"ImageObject","inLanguage":"de","@id":"https:\/\/loerakkerledline.nl\/de\/whitepapers\/#primaryimage","url":"https:\/\/mlfq4kqdz63e.i.optimole.com\/w:auto\/h:auto\/q:mauto\/g:sm\/f:best\/https:\/\/loerakkerledline.nl\/wp-content\/uploads\/2023\/01\/whitepaper_HumanCentricLighting.png","contentUrl":"https:\/\/mlfq4kqdz63e.i.optimole.com\/w:auto\/h:auto\/q:mauto\/g:sm\/f:best\/https:\/\/loerakkerledline.nl\/wp-content\/uploads\/2023\/01\/whitepaper_HumanCentricLighting.png"},{"@type":"BreadcrumbList","@id":"https:\/\/loerakkerledline.nl\/de\/whitepapers\/#breadcrumb","itemListElement":[{"@type":"ListItem","position":1,"name":"Home","item":"https:\/\/loerakkerledline.nl\/de\/"},{"@type":"ListItem","position":2,"name":"Whitepapers"}]},{"@type":"WebSite","@id":"https:\/\/loerakkerledline.nl\/#website","url":"https:\/\/loerakkerledline.nl\/","name":"Loerakker Ledline","description":"","potentialAction":[{"@type":"SearchAction","target":{"@type":"EntryPoint","urlTemplate":"https:\/\/loerakkerledline.nl\/?s={search_term_string}"},"query-input":{"@type":"PropertyValueSpecification","valueRequired":true,"valueName":"search_term_string"}}],"inLanguage":"de"}]}},"_links":{"self":[{"href":"https:\/\/loerakkerledline.nl\/de\/wp-json\/wp\/v2\/pages\/32857","targetHints":{"allow":["GET"]}}],"collection":[{"href":"https:\/\/loerakkerledline.nl\/de\/wp-json\/wp\/v2\/pages"}],"about":[{"href":"https:\/\/loerakkerledline.nl\/de\/wp-json\/wp\/v2\/types\/page"}],"author":[{"embeddable":true,"href":"https:\/\/loerakkerledline.nl\/de\/wp-json\/wp\/v2\/users\/4"}],"replies":[{"embeddable":true,"href":"https:\/\/loerakkerledline.nl\/de\/wp-json\/wp\/v2\/comments?post=32857"}],"version-history":[{"count":3,"href":"https:\/\/loerakkerledline.nl\/de\/wp-json\/wp\/v2\/pages\/32857\/revisions"}],"predecessor-version":[{"id":32860,"href":"https:\/\/loerakkerledline.nl\/de\/wp-json\/wp\/v2\/pages\/32857\/revisions\/32860"}],"wp:attachment":[{"href":"https:\/\/loerakkerledline.nl\/de\/wp-json\/wp\/v2\/media?parent=32857"}],"curies":[{"name":"wp","href":"https:\/\/api.w.org\/{rel}","templated":true}]}}