{"id":32855,"date":"2023-05-29T10:17:49","date_gmt":"2023-05-29T10:17:49","guid":{"rendered":"https:\/\/loerakkerledline.nl\/anfrageaktualisierung\/"},"modified":"2025-08-29T08:37:05","modified_gmt":"2025-08-29T08:37:05","slug":"anfrageaktualisierung","status":"publish","type":"page","link":"https:\/\/loerakkerledline.nl\/de\/anfrageaktualisierung\/","title":{"rendered":"Anfrageaktualisierung"},"content":{"rendered":"\n<p><\/p>\n\n<p><\/p>\n\n<h3 class=\"wp-block-heading\">Anfrage, deine Daten zu \u00e4ndern<\/h3>\n\n<p><\/p>\n\n<div class=\"wp-block-columns has-2-columns\">\n<div class=\"wp-block-column\">\n<p>Du hast eine Anfrage eingereicht, um deine Daten zu \u00e4ndern. \u00dcberpr\u00fcfe deine E-Mails f\u00fcr weitere Anweisungen. Hast du noch weitere Fragen? Schreibe an <a href=\"mailto:info@loerakkerledline.nl\">info@loerakkerledline.nl<\/a>   <\/p>\n\n\n\n<p>Team Loerakker led line<\/p>\n\n\n\n<p><\/p>\n<\/div>\n\n\n\n<div class=\"wp-block-column\">\n<figure class=\"wp-block-image size-full\"><img data-opt-id=952718951  fetchpriority=\"high\" decoding=\"async\" width=\"1024\" height=\"576\" src=\"https:\/\/mlfq4kqdz63e.i.optimole.com\/w:auto\/h:auto\/q:mauto\/g:sm\/f:best\/https:\/\/loerakkerledline.nl\/wp-content\/uploads\/2023\/04\/Loerakker-LedLine-armatuur-1024x576-1.jpg\" alt=\"\" class=\"wp-image-26523\" srcset=\"https:\/\/mlfq4kqdz63e.i.optimole.com\/w:1024\/h:576\/q:mauto\/g:sm\/f:best\/https:\/\/loerakkerledline.nl\/wp-content\/uploads\/2023\/04\/Loerakker-LedLine-armatuur-1024x576-1.jpg 1024w, https:\/\/mlfq4kqdz63e.i.optimole.com\/w:535\/h:301\/q:mauto\/g:sm\/f:best\/https:\/\/loerakkerledline.nl\/wp-content\/uploads\/2023\/04\/Loerakker-LedLine-armatuur-1024x576-1.jpg 535w, https:\/\/mlfq4kqdz63e.i.optimole.com\/w:550\/h:309\/q:mauto\/g:sm\/f:best\/https:\/\/loerakkerledline.nl\/wp-content\/uploads\/2023\/04\/Loerakker-LedLine-armatuur-1024x576-1.jpg 550w, https:\/\/mlfq4kqdz63e.i.optimole.com\/w:90\/h:51\/q:mauto\/g:sm\/f:best\/dpr:2\/https:\/\/loerakkerledline.nl\/wp-content\/uploads\/2023\/04\/Loerakker-LedLine-armatuur-1024x576-1.jpg 90w, https:\/\/mlfq4kqdz63e.i.optimole.com\/w:713\/h:401\/q:mauto\/g:sm\/f:best\/https:\/\/loerakkerledline.nl\/wp-content\/uploads\/2023\/04\/Loerakker-LedLine-armatuur-1024x576-1.jpg 713w\" sizes=\"(max-width: 1000px) 100vw, 1000px\" \/><\/figure>\n<\/div>\n<\/div>\n\n<div style=\"height:100px\" aria-hidden=\"true\" class=\"wp-block-spacer\"><\/div>\n","protected":false},"excerpt":{"rendered":"<p>Anfrage, deine Daten zu \u00e4ndern Du hast eine Anfrage eingereicht, um deine Daten zu \u00e4ndern. \u00dcberpr\u00fcfe deine E-Mails f\u00fcr weitere Anweisungen. Hast du noch weitere Fragen? Schreibe an info@loerakkerledline.nl Team Loerakker led line<\/p>\n","protected":false},"author":9,"featured_media":32784,"parent":0,"menu_order":0,"comment_status":"closed","ping_status":"closed","template":"","meta":{"_acf_changed":false,"footnotes":""},"class_list":["post-32855","page","type-page","status-publish","has-post-thumbnail","hentry"],"acf":[],"yoast_head":"<!-- This site is optimized with the Yoast SEO plugin v27.1 - https:\/\/yoast.com\/product\/yoast-seo-wordpress\/ -->\n<title>Anfrageaktualisierung - Loerakker Ledline<\/title>\n<meta name=\"robots\" content=\"index, follow, max-snippet:-1, max-image-preview:large, max-video-preview:-1\" \/>\n<link rel=\"canonical\" href=\"https:\/\/loerakkerledline.nl\/de\/anfrageaktualisierung\/\" \/>\n<meta property=\"og:locale\" content=\"de_DE\" \/>\n<meta property=\"og:type\" content=\"article\" \/>\n<meta property=\"og:title\" content=\"Anfrageaktualisierung - Loerakker Ledline\" \/>\n<meta property=\"og:description\" content=\"Anfrage, deine Daten zu \u00e4ndern Du hast eine Anfrage eingereicht, um deine Daten zu \u00e4ndern. \u00dcberpr\u00fcfe deine E-Mails f\u00fcr weitere Anweisungen. Hast du noch weitere Fragen? Schreibe an info@loerakkerledline.nl Team Loerakker led line\" \/>\n<meta property=\"og:url\" content=\"https:\/\/loerakkerledline.nl\/de\/anfrageaktualisierung\/\" \/>\n<meta property=\"og:site_name\" content=\"Loerakker Ledline\" \/>\n<meta property=\"article:modified_time\" content=\"2025-08-29T08:37:05+00:00\" \/>\n<meta property=\"og:image\" content=\"https:\/\/mlfq4kqdz63e.i.optimole.com\/w:auto\/h:auto\/q:mauto\/g:sm\/f:best\/https:\/\/loerakkerledline.nl\/wp-content\/uploads\/2020\/10\/sky.jpg\" \/>\n\t<meta property=\"og:image:width\" content=\"2100\" \/>\n\t<meta property=\"og:image:height\" content=\"1225\" \/>\n\t<meta property=\"og:image:type\" content=\"image\/jpeg\" \/>\n<meta name=\"twitter:card\" content=\"summary_large_image\" \/>\n<script type=\"application\/ld+json\" class=\"yoast-schema-graph\">{\"@context\":\"https:\/\/schema.org\",\"@graph\":[{\"@type\":\"WebPage\",\"@id\":\"https:\/\/loerakkerledline.nl\/de\/anfrageaktualisierung\/\",\"url\":\"https:\/\/loerakkerledline.nl\/de\/anfrageaktualisierung\/\",\"name\":\"Anfrageaktualisierung - Loerakker Ledline\",\"isPartOf\":{\"@id\":\"https:\/\/loerakkerledline.nl\/#website\"},\"primaryImageOfPage\":{\"@id\":\"https:\/\/loerakkerledline.nl\/de\/anfrageaktualisierung\/#primaryimage\"},\"image\":{\"@id\":\"https:\/\/loerakkerledline.nl\/de\/anfrageaktualisierung\/#primaryimage\"},\"thumbnailUrl\":\"https:\/\/mlfq4kqdz63e.i.optimole.com\/w:auto\/h:auto\/q:mauto\/g:sm\/f:best\/https:\/\/loerakkerledline.nl\/wp-content\/uploads\/2020\/10\/sky.jpg\",\"datePublished\":\"2023-05-29T10:17:49+00:00\",\"dateModified\":\"2025-08-29T08:37:05+00:00\",\"breadcrumb\":{\"@id\":\"https:\/\/loerakkerledline.nl\/de\/anfrageaktualisierung\/#breadcrumb\"},\"inLanguage\":\"de\",\"potentialAction\":[{\"@type\":\"ReadAction\",\"target\":[\"https:\/\/loerakkerledline.nl\/de\/anfrageaktualisierung\/\"]}]},{\"@type\":\"ImageObject\",\"inLanguage\":\"de\",\"@id\":\"https:\/\/loerakkerledline.nl\/de\/anfrageaktualisierung\/#primaryimage\",\"url\":\"https:\/\/mlfq4kqdz63e.i.optimole.com\/w:auto\/h:auto\/q:mauto\/g:sm\/f:best\/https:\/\/loerakkerledline.nl\/wp-content\/uploads\/2020\/10\/sky.jpg\",\"contentUrl\":\"https:\/\/mlfq4kqdz63e.i.optimole.com\/w:auto\/h:auto\/q:mauto\/g:sm\/f:best\/https:\/\/loerakkerledline.nl\/wp-content\/uploads\/2020\/10\/sky.jpg\",\"width\":2100,\"height\":1225},{\"@type\":\"BreadcrumbList\",\"@id\":\"https:\/\/loerakkerledline.nl\/de\/anfrageaktualisierung\/#breadcrumb\",\"itemListElement\":[{\"@type\":\"ListItem\",\"position\":1,\"name\":\"Home\",\"item\":\"https:\/\/loerakkerledline.nl\/de\/\"},{\"@type\":\"ListItem\",\"position\":2,\"name\":\"Anfrageaktualisierung\"}]},{\"@type\":\"WebSite\",\"@id\":\"https:\/\/loerakkerledline.nl\/#website\",\"url\":\"https:\/\/loerakkerledline.nl\/\",\"name\":\"Loerakker Ledline\",\"description\":\"\",\"potentialAction\":[{\"@type\":\"SearchAction\",\"target\":{\"@type\":\"EntryPoint\",\"urlTemplate\":\"https:\/\/loerakkerledline.nl\/?s={search_term_string}\"},\"query-input\":{\"@type\":\"PropertyValueSpecification\",\"valueRequired\":true,\"valueName\":\"search_term_string\"}}],\"inLanguage\":\"de\"}]}<\/script>\n<!-- \/ Yoast SEO plugin. -->","yoast_head_json":{"title":"Anfrageaktualisierung - Loerakker Ledline","robots":{"index":"index","follow":"follow","max-snippet":"max-snippet:-1","max-image-preview":"max-image-preview:large","max-video-preview":"max-video-preview:-1"},"canonical":"https:\/\/loerakkerledline.nl\/de\/anfrageaktualisierung\/","og_locale":"de_DE","og_type":"article","og_title":"Anfrageaktualisierung - Loerakker Ledline","og_description":"Anfrage, deine Daten zu \u00e4ndern Du hast eine Anfrage eingereicht, um deine Daten zu \u00e4ndern. \u00dcberpr\u00fcfe deine E-Mails f\u00fcr weitere Anweisungen. Hast du noch weitere Fragen? Schreibe an info@loerakkerledline.nl Team Loerakker led line","og_url":"https:\/\/loerakkerledline.nl\/de\/anfrageaktualisierung\/","og_site_name":"Loerakker Ledline","article_modified_time":"2025-08-29T08:37:05+00:00","og_image":[{"width":2100,"height":1225,"url":"https:\/\/mlfq4kqdz63e.i.optimole.com\/w:auto\/h:auto\/q:mauto\/g:sm\/f:best\/https:\/\/loerakkerledline.nl\/wp-content\/uploads\/2020\/10\/sky.jpg","type":"image\/jpeg"}],"twitter_card":"summary_large_image","schema":{"@context":"https:\/\/schema.org","@graph":[{"@type":"WebPage","@id":"https:\/\/loerakkerledline.nl\/de\/anfrageaktualisierung\/","url":"https:\/\/loerakkerledline.nl\/de\/anfrageaktualisierung\/","name":"Anfrageaktualisierung - Loerakker Ledline","isPartOf":{"@id":"https:\/\/loerakkerledline.nl\/#website"},"primaryImageOfPage":{"@id":"https:\/\/loerakkerledline.nl\/de\/anfrageaktualisierung\/#primaryimage"},"image":{"@id":"https:\/\/loerakkerledline.nl\/de\/anfrageaktualisierung\/#primaryimage"},"thumbnailUrl":"https:\/\/mlfq4kqdz63e.i.optimole.com\/w:auto\/h:auto\/q:mauto\/g:sm\/f:best\/https:\/\/loerakkerledline.nl\/wp-content\/uploads\/2020\/10\/sky.jpg","datePublished":"2023-05-29T10:17:49+00:00","dateModified":"2025-08-29T08:37:05+00:00","breadcrumb":{"@id":"https:\/\/loerakkerledline.nl\/de\/anfrageaktualisierung\/#breadcrumb"},"inLanguage":"de","potentialAction":[{"@type":"ReadAction","target":["https:\/\/loerakkerledline.nl\/de\/anfrageaktualisierung\/"]}]},{"@type":"ImageObject","inLanguage":"de","@id":"https:\/\/loerakkerledline.nl\/de\/anfrageaktualisierung\/#primaryimage","url":"https:\/\/mlfq4kqdz63e.i.optimole.com\/w:auto\/h:auto\/q:mauto\/g:sm\/f:best\/https:\/\/loerakkerledline.nl\/wp-content\/uploads\/2020\/10\/sky.jpg","contentUrl":"https:\/\/mlfq4kqdz63e.i.optimole.com\/w:auto\/h:auto\/q:mauto\/g:sm\/f:best\/https:\/\/loerakkerledline.nl\/wp-content\/uploads\/2020\/10\/sky.jpg","width":2100,"height":1225},{"@type":"BreadcrumbList","@id":"https:\/\/loerakkerledline.nl\/de\/anfrageaktualisierung\/#breadcrumb","itemListElement":[{"@type":"ListItem","position":1,"name":"Home","item":"https:\/\/loerakkerledline.nl\/de\/"},{"@type":"ListItem","position":2,"name":"Anfrageaktualisierung"}]},{"@type":"WebSite","@id":"https:\/\/loerakkerledline.nl\/#website","url":"https:\/\/loerakkerledline.nl\/","name":"Loerakker Ledline","description":"","potentialAction":[{"@type":"SearchAction","target":{"@type":"EntryPoint","urlTemplate":"https:\/\/loerakkerledline.nl\/?s={search_term_string}"},"query-input":{"@type":"PropertyValueSpecification","valueRequired":true,"valueName":"search_term_string"}}],"inLanguage":"de"}]}},"_links":{"self":[{"href":"https:\/\/loerakkerledline.nl\/de\/wp-json\/wp\/v2\/pages\/32855","targetHints":{"allow":["GET"]}}],"collection":[{"href":"https:\/\/loerakkerledline.nl\/de\/wp-json\/wp\/v2\/pages"}],"about":[{"href":"https:\/\/loerakkerledline.nl\/de\/wp-json\/wp\/v2\/types\/page"}],"author":[{"embeddable":true,"href":"https:\/\/loerakkerledline.nl\/de\/wp-json\/wp\/v2\/users\/9"}],"replies":[{"embeddable":true,"href":"https:\/\/loerakkerledline.nl\/de\/wp-json\/wp\/v2\/comments?post=32855"}],"version-history":[{"count":1,"href":"https:\/\/loerakkerledline.nl\/de\/wp-json\/wp\/v2\/pages\/32855\/revisions"}],"predecessor-version":[{"id":32856,"href":"https:\/\/loerakkerledline.nl\/de\/wp-json\/wp\/v2\/pages\/32855\/revisions\/32856"}],"wp:featuredmedia":[{"embeddable":true,"href":"https:\/\/loerakkerledline.nl\/de\/wp-json\/wp\/v2\/media\/32784"}],"wp:attachment":[{"href":"https:\/\/loerakkerledline.nl\/de\/wp-json\/wp\/v2\/media?parent=32855"}],"curies":[{"name":"wp","href":"https:\/\/api.w.org\/{rel}","templated":true}]}}