{"id":32783,"date":"2023-05-29T10:47:37","date_gmt":"2023-05-29T10:47:37","guid":{"rendered":"https:\/\/loerakkerledline.nl\/vielen-dank-fuer-ihre-anmeldung-zu-den-blogs\/"},"modified":"2025-08-27T07:48:55","modified_gmt":"2025-08-27T07:48:55","slug":"vielen-dank-fuer-ihre-anmeldung-zu-den-blogs","status":"publish","type":"page","link":"https:\/\/loerakkerledline.nl\/de\/vielen-dank-fuer-ihre-anmeldung-zu-den-blogs\/","title":{"rendered":"Vielen Dank f\u00fcr Ihre Anmeldung zu den Blogs"},"content":{"rendered":"\n<p><\/p>\n\n<p><\/p>\n\n<h3 class=\"wp-block-heading\">Danke!<\/h3>\n\n<p><\/p>\n\n<div class=\"wp-block-columns has-2-columns\">\n<div class=\"wp-block-column\">\n<p>Ab jetzt erhalten Sie regelm\u00e4\u00dfig unseren neuesten Blog in Ihrem Postfach, mit dem wir Sie inspirieren m\u00f6chten. Wenn Sie zwischendurch keine Neuigkeiten verpassen m\u00f6chten, folgen Sie uns auf <a href=\"https:\/\/www.linkedin.com\/company\/loerakkerledline\/?originalSubdomain=nl\">LinkedIn<\/a>. Nochmals vielen Dank f\u00fcr Ihre Anmeldung!  <\/p>\n\n\n\n<p>Gut zu wissen: Sie k\u00f6nnen sich jederzeit von diesen E-Mails \u00fcber den Abmeldelink abmelden, den Sie in jedem Blog erhalten. <\/p>\n\n\n\n<p><\/p>\n\n\n\n<p>Team Loerakker led line<\/p>\n\n\n\n<p><\/p>\n<\/div>\n\n\n\n<div class=\"wp-block-column\">\n<figure class=\"wp-block-image size-full\"><img data-opt-id=952718951  fetchpriority=\"high\" decoding=\"async\" width=\"1024\" height=\"576\" src=\"https:\/\/mlfq4kqdz63e.i.optimole.com\/w:auto\/h:auto\/q:mauto\/g:sm\/f:best\/https:\/\/loerakkerledline.nl\/wp-content\/uploads\/2023\/04\/Loerakker-LedLine-armatuur-1024x576-1.jpg\" alt=\"\" class=\"wp-image-26523\" srcset=\"https:\/\/mlfq4kqdz63e.i.optimole.com\/w:1024\/h:576\/q:mauto\/g:sm\/f:best\/https:\/\/loerakkerledline.nl\/wp-content\/uploads\/2023\/04\/Loerakker-LedLine-armatuur-1024x576-1.jpg 1024w, https:\/\/mlfq4kqdz63e.i.optimole.com\/w:535\/h:301\/q:mauto\/g:sm\/f:best\/https:\/\/loerakkerledline.nl\/wp-content\/uploads\/2023\/04\/Loerakker-LedLine-armatuur-1024x576-1.jpg 535w, https:\/\/mlfq4kqdz63e.i.optimole.com\/w:550\/h:309\/q:mauto\/g:sm\/f:best\/https:\/\/loerakkerledline.nl\/wp-content\/uploads\/2023\/04\/Loerakker-LedLine-armatuur-1024x576-1.jpg 550w, https:\/\/mlfq4kqdz63e.i.optimole.com\/w:90\/h:51\/q:mauto\/g:sm\/f:best\/dpr:2\/https:\/\/loerakkerledline.nl\/wp-content\/uploads\/2023\/04\/Loerakker-LedLine-armatuur-1024x576-1.jpg 90w, https:\/\/mlfq4kqdz63e.i.optimole.com\/w:713\/h:401\/q:mauto\/g:sm\/f:best\/https:\/\/loerakkerledline.nl\/wp-content\/uploads\/2023\/04\/Loerakker-LedLine-armatuur-1024x576-1.jpg 713w\" sizes=\"(max-width: 1000px) 100vw, 1000px\" \/><\/figure>\n<\/div>\n<\/div>\n\n<div style=\"height:100px\" aria-hidden=\"true\" class=\"wp-block-spacer\"><\/div>\n","protected":false},"excerpt":{"rendered":"<p>Danke! Ab jetzt erhalten Sie regelm\u00e4\u00dfig unseren neuesten Blog in Ihrem Postfach, mit dem wir Sie inspirieren m\u00f6chten. Wenn Sie zwischendurch keine Neuigkeiten verpassen m\u00f6chten, folgen Sie uns auf LinkedIn. Nochmals vielen Dank f\u00fcr Ihre Anmeldung! Gut zu wissen: Sie k\u00f6nnen sich jederzeit von diesen E-Mails \u00fcber den Abmeldelink abmelden, den Sie in jedem Blog [&hellip;]<\/p>\n","protected":false},"author":9,"featured_media":32784,"parent":0,"menu_order":0,"comment_status":"closed","ping_status":"closed","template":"","meta":{"_acf_changed":false,"footnotes":""},"class_list":["post-32783","page","type-page","status-publish","has-post-thumbnail","hentry"],"acf":[],"yoast_head":"<!-- This site is optimized with the Yoast SEO plugin v27.1 - https:\/\/yoast.com\/product\/yoast-seo-wordpress\/ -->\n<title>Vielen Dank f\u00fcr Ihre Anmeldung zu den Blogs - Loerakker Ledline<\/title>\n<meta name=\"robots\" content=\"index, follow, max-snippet:-1, max-image-preview:large, max-video-preview:-1\" \/>\n<link rel=\"canonical\" href=\"https:\/\/loerakkerledline.nl\/de\/vielen-dank-fuer-ihre-anmeldung-zu-den-blogs\/\" \/>\n<meta property=\"og:locale\" content=\"de_DE\" \/>\n<meta property=\"og:type\" content=\"article\" \/>\n<meta property=\"og:title\" content=\"Vielen Dank f\u00fcr Ihre Anmeldung zu den Blogs - Loerakker Ledline\" \/>\n<meta property=\"og:description\" content=\"Danke! Ab jetzt erhalten Sie regelm\u00e4\u00dfig unseren neuesten Blog in Ihrem Postfach, mit dem wir Sie inspirieren m\u00f6chten. Wenn Sie zwischendurch keine Neuigkeiten verpassen m\u00f6chten, folgen Sie uns auf LinkedIn. Nochmals vielen Dank f\u00fcr Ihre Anmeldung! Gut zu wissen: Sie k\u00f6nnen sich jederzeit von diesen E-Mails \u00fcber den Abmeldelink abmelden, den Sie in jedem Blog [&hellip;]\" \/>\n<meta property=\"og:url\" content=\"https:\/\/loerakkerledline.nl\/de\/vielen-dank-fuer-ihre-anmeldung-zu-den-blogs\/\" \/>\n<meta property=\"og:site_name\" content=\"Loerakker Ledline\" \/>\n<meta property=\"article:modified_time\" content=\"2025-08-27T07:48:55+00:00\" \/>\n<meta property=\"og:image\" content=\"https:\/\/mlfq4kqdz63e.i.optimole.com\/w:auto\/h:auto\/q:mauto\/g:sm\/f:best\/https:\/\/loerakkerledline.nl\/wp-content\/uploads\/2020\/10\/sky.jpg\" \/>\n\t<meta property=\"og:image:width\" content=\"2100\" \/>\n\t<meta property=\"og:image:height\" content=\"1225\" \/>\n\t<meta property=\"og:image:type\" content=\"image\/jpeg\" \/>\n<meta name=\"twitter:card\" content=\"summary_large_image\" \/>\n<script type=\"application\/ld+json\" class=\"yoast-schema-graph\">{\"@context\":\"https:\/\/schema.org\",\"@graph\":[{\"@type\":\"WebPage\",\"@id\":\"https:\/\/loerakkerledline.nl\/de\/vielen-dank-fuer-ihre-anmeldung-zu-den-blogs\/\",\"url\":\"https:\/\/loerakkerledline.nl\/de\/vielen-dank-fuer-ihre-anmeldung-zu-den-blogs\/\",\"name\":\"Vielen Dank f\u00fcr Ihre Anmeldung zu den Blogs - Loerakker Ledline\",\"isPartOf\":{\"@id\":\"https:\/\/loerakkerledline.nl\/#website\"},\"primaryImageOfPage\":{\"@id\":\"https:\/\/loerakkerledline.nl\/de\/vielen-dank-fuer-ihre-anmeldung-zu-den-blogs\/#primaryimage\"},\"image\":{\"@id\":\"https:\/\/loerakkerledline.nl\/de\/vielen-dank-fuer-ihre-anmeldung-zu-den-blogs\/#primaryimage\"},\"thumbnailUrl\":\"https:\/\/mlfq4kqdz63e.i.optimole.com\/w:auto\/h:auto\/q:mauto\/g:sm\/f:best\/https:\/\/loerakkerledline.nl\/wp-content\/uploads\/2020\/10\/sky.jpg\",\"datePublished\":\"2023-05-29T10:47:37+00:00\",\"dateModified\":\"2025-08-27T07:48:55+00:00\",\"breadcrumb\":{\"@id\":\"https:\/\/loerakkerledline.nl\/de\/vielen-dank-fuer-ihre-anmeldung-zu-den-blogs\/#breadcrumb\"},\"inLanguage\":\"de\",\"potentialAction\":[{\"@type\":\"ReadAction\",\"target\":[\"https:\/\/loerakkerledline.nl\/de\/vielen-dank-fuer-ihre-anmeldung-zu-den-blogs\/\"]}]},{\"@type\":\"ImageObject\",\"inLanguage\":\"de\",\"@id\":\"https:\/\/loerakkerledline.nl\/de\/vielen-dank-fuer-ihre-anmeldung-zu-den-blogs\/#primaryimage\",\"url\":\"https:\/\/mlfq4kqdz63e.i.optimole.com\/w:auto\/h:auto\/q:mauto\/g:sm\/f:best\/https:\/\/loerakkerledline.nl\/wp-content\/uploads\/2020\/10\/sky.jpg\",\"contentUrl\":\"https:\/\/mlfq4kqdz63e.i.optimole.com\/w:auto\/h:auto\/q:mauto\/g:sm\/f:best\/https:\/\/loerakkerledline.nl\/wp-content\/uploads\/2020\/10\/sky.jpg\",\"width\":2100,\"height\":1225},{\"@type\":\"BreadcrumbList\",\"@id\":\"https:\/\/loerakkerledline.nl\/de\/vielen-dank-fuer-ihre-anmeldung-zu-den-blogs\/#breadcrumb\",\"itemListElement\":[{\"@type\":\"ListItem\",\"position\":1,\"name\":\"Home\",\"item\":\"https:\/\/loerakkerledline.nl\/de\/\"},{\"@type\":\"ListItem\",\"position\":2,\"name\":\"Vielen Dank f\u00fcr Ihre Anmeldung zu den Blogs\"}]},{\"@type\":\"WebSite\",\"@id\":\"https:\/\/loerakkerledline.nl\/#website\",\"url\":\"https:\/\/loerakkerledline.nl\/\",\"name\":\"Loerakker Ledline\",\"description\":\"\",\"potentialAction\":[{\"@type\":\"SearchAction\",\"target\":{\"@type\":\"EntryPoint\",\"urlTemplate\":\"https:\/\/loerakkerledline.nl\/?s={search_term_string}\"},\"query-input\":{\"@type\":\"PropertyValueSpecification\",\"valueRequired\":true,\"valueName\":\"search_term_string\"}}],\"inLanguage\":\"de\"}]}<\/script>\n<!-- \/ Yoast SEO plugin. -->","yoast_head_json":{"title":"Vielen Dank f\u00fcr Ihre Anmeldung zu den Blogs - Loerakker Ledline","robots":{"index":"index","follow":"follow","max-snippet":"max-snippet:-1","max-image-preview":"max-image-preview:large","max-video-preview":"max-video-preview:-1"},"canonical":"https:\/\/loerakkerledline.nl\/de\/vielen-dank-fuer-ihre-anmeldung-zu-den-blogs\/","og_locale":"de_DE","og_type":"article","og_title":"Vielen Dank f\u00fcr Ihre Anmeldung zu den Blogs - Loerakker Ledline","og_description":"Danke! Ab jetzt erhalten Sie regelm\u00e4\u00dfig unseren neuesten Blog in Ihrem Postfach, mit dem wir Sie inspirieren m\u00f6chten. Wenn Sie zwischendurch keine Neuigkeiten verpassen m\u00f6chten, folgen Sie uns auf LinkedIn. Nochmals vielen Dank f\u00fcr Ihre Anmeldung! Gut zu wissen: Sie k\u00f6nnen sich jederzeit von diesen E-Mails \u00fcber den Abmeldelink abmelden, den Sie in jedem Blog [&hellip;]","og_url":"https:\/\/loerakkerledline.nl\/de\/vielen-dank-fuer-ihre-anmeldung-zu-den-blogs\/","og_site_name":"Loerakker Ledline","article_modified_time":"2025-08-27T07:48:55+00:00","og_image":[{"width":2100,"height":1225,"url":"https:\/\/mlfq4kqdz63e.i.optimole.com\/w:auto\/h:auto\/q:mauto\/g:sm\/f:best\/https:\/\/loerakkerledline.nl\/wp-content\/uploads\/2020\/10\/sky.jpg","type":"image\/jpeg"}],"twitter_card":"summary_large_image","schema":{"@context":"https:\/\/schema.org","@graph":[{"@type":"WebPage","@id":"https:\/\/loerakkerledline.nl\/de\/vielen-dank-fuer-ihre-anmeldung-zu-den-blogs\/","url":"https:\/\/loerakkerledline.nl\/de\/vielen-dank-fuer-ihre-anmeldung-zu-den-blogs\/","name":"Vielen Dank f\u00fcr Ihre Anmeldung zu den Blogs - Loerakker Ledline","isPartOf":{"@id":"https:\/\/loerakkerledline.nl\/#website"},"primaryImageOfPage":{"@id":"https:\/\/loerakkerledline.nl\/de\/vielen-dank-fuer-ihre-anmeldung-zu-den-blogs\/#primaryimage"},"image":{"@id":"https:\/\/loerakkerledline.nl\/de\/vielen-dank-fuer-ihre-anmeldung-zu-den-blogs\/#primaryimage"},"thumbnailUrl":"https:\/\/mlfq4kqdz63e.i.optimole.com\/w:auto\/h:auto\/q:mauto\/g:sm\/f:best\/https:\/\/loerakkerledline.nl\/wp-content\/uploads\/2020\/10\/sky.jpg","datePublished":"2023-05-29T10:47:37+00:00","dateModified":"2025-08-27T07:48:55+00:00","breadcrumb":{"@id":"https:\/\/loerakkerledline.nl\/de\/vielen-dank-fuer-ihre-anmeldung-zu-den-blogs\/#breadcrumb"},"inLanguage":"de","potentialAction":[{"@type":"ReadAction","target":["https:\/\/loerakkerledline.nl\/de\/vielen-dank-fuer-ihre-anmeldung-zu-den-blogs\/"]}]},{"@type":"ImageObject","inLanguage":"de","@id":"https:\/\/loerakkerledline.nl\/de\/vielen-dank-fuer-ihre-anmeldung-zu-den-blogs\/#primaryimage","url":"https:\/\/mlfq4kqdz63e.i.optimole.com\/w:auto\/h:auto\/q:mauto\/g:sm\/f:best\/https:\/\/loerakkerledline.nl\/wp-content\/uploads\/2020\/10\/sky.jpg","contentUrl":"https:\/\/mlfq4kqdz63e.i.optimole.com\/w:auto\/h:auto\/q:mauto\/g:sm\/f:best\/https:\/\/loerakkerledline.nl\/wp-content\/uploads\/2020\/10\/sky.jpg","width":2100,"height":1225},{"@type":"BreadcrumbList","@id":"https:\/\/loerakkerledline.nl\/de\/vielen-dank-fuer-ihre-anmeldung-zu-den-blogs\/#breadcrumb","itemListElement":[{"@type":"ListItem","position":1,"name":"Home","item":"https:\/\/loerakkerledline.nl\/de\/"},{"@type":"ListItem","position":2,"name":"Vielen Dank f\u00fcr Ihre Anmeldung zu den Blogs"}]},{"@type":"WebSite","@id":"https:\/\/loerakkerledline.nl\/#website","url":"https:\/\/loerakkerledline.nl\/","name":"Loerakker Ledline","description":"","potentialAction":[{"@type":"SearchAction","target":{"@type":"EntryPoint","urlTemplate":"https:\/\/loerakkerledline.nl\/?s={search_term_string}"},"query-input":{"@type":"PropertyValueSpecification","valueRequired":true,"valueName":"search_term_string"}}],"inLanguage":"de"}]}},"_links":{"self":[{"href":"https:\/\/loerakkerledline.nl\/de\/wp-json\/wp\/v2\/pages\/32783","targetHints":{"allow":["GET"]}}],"collection":[{"href":"https:\/\/loerakkerledline.nl\/de\/wp-json\/wp\/v2\/pages"}],"about":[{"href":"https:\/\/loerakkerledline.nl\/de\/wp-json\/wp\/v2\/types\/page"}],"author":[{"embeddable":true,"href":"https:\/\/loerakkerledline.nl\/de\/wp-json\/wp\/v2\/users\/9"}],"replies":[{"embeddable":true,"href":"https:\/\/loerakkerledline.nl\/de\/wp-json\/wp\/v2\/comments?post=32783"}],"version-history":[{"count":1,"href":"https:\/\/loerakkerledline.nl\/de\/wp-json\/wp\/v2\/pages\/32783\/revisions"}],"predecessor-version":[{"id":32785,"href":"https:\/\/loerakkerledline.nl\/de\/wp-json\/wp\/v2\/pages\/32783\/revisions\/32785"}],"wp:featuredmedia":[{"embeddable":true,"href":"https:\/\/loerakkerledline.nl\/de\/wp-json\/wp\/v2\/media\/32784"}],"wp:attachment":[{"href":"https:\/\/loerakkerledline.nl\/de\/wp-json\/wp\/v2\/media?parent=32783"}],"curies":[{"name":"wp","href":"https:\/\/api.w.org\/{rel}","templated":true}]}}