{"id":32779,"date":"2024-01-31T18:04:16","date_gmt":"2024-01-31T18:04:16","guid":{"rendered":"https:\/\/loerakkerledline.nl\/active-campaign-formular-dentalbroschuere\/"},"modified":"2025-08-27T07:46:20","modified_gmt":"2025-08-27T07:46:20","slug":"active-campaign-formular-dentalbroschuere","status":"publish","type":"page","link":"https:\/\/loerakkerledline.nl\/de\/active-campaign-formular-dentalbroschuere\/","title":{"rendered":"Active Campaign Formular &#8211; Dentalbrosch\u00fcre"},"content":{"rendered":"\n<div style=\"height:35px\" aria-hidden=\"true\" class=\"wp-block-spacer\"><\/div>\n\n<h2 class=\"wp-block-heading has-text-align-center\">Loerakker Dental: Bereit f\u00fcr ein neues Lichterlebnis? <\/h2>\n\n<div class=\"wp-block-columns has-3-columns\">\n<div class=\"wp-block-column\" style=\"flex-basis:25%\"><\/div>\n\n\n\n<div class=\"wp-block-column\" style=\"flex-basis:50%\">\n<p>Geben Sie Ihre Daten unten ein und klicken Sie auf die Schaltfl\u00e4che &#8218;Brosch\u00fcre erhalten&#8216;. Sie erhalten dann sofort alle Informationen \u00fcber unsere einzigartigen Lichtl\u00f6sungen f\u00fcr die Zahnarztpraxis. <\/p>\n<\/div>\n\n\n\n<div class=\"wp-block-column\" style=\"flex-basis:25%\"><\/div>\n<\/div>\n\n<div class=\"_form_39\"><\/div><script src=\"https:\/\/loerakker.activehosted.com\/f\/embed.php?id=39\" type=\"text\/javascript\" charset=\"utf-8\"><\/script>\n\n<div style=\"height:24px\" aria-hidden=\"true\" class=\"wp-block-spacer\"><\/div>\n","protected":false},"excerpt":{"rendered":"<p>Loerakker Dental: Bereit f\u00fcr ein neues Lichterlebnis? Geben Sie Ihre Daten unten ein und klicken Sie auf die Schaltfl\u00e4che &#8218;Brosch\u00fcre erhalten&#8216;. Sie erhalten dann sofort alle Informationen \u00fcber unsere einzigartigen Lichtl\u00f6sungen f\u00fcr die Zahnarztpraxis.<\/p>\n","protected":false},"author":9,"featured_media":0,"parent":0,"menu_order":0,"comment_status":"closed","ping_status":"closed","template":"","meta":{"_acf_changed":false,"footnotes":""},"class_list":["post-32779","page","type-page","status-publish","hentry"],"acf":[],"yoast_head":"<!-- This site is optimized with the Yoast SEO plugin v27.1 - https:\/\/yoast.com\/product\/yoast-seo-wordpress\/ -->\n<title>Active Campaign Formular - Dentalbrosch\u00fcre - Loerakker Ledline<\/title>\n<meta name=\"robots\" content=\"index, follow, max-snippet:-1, max-image-preview:large, max-video-preview:-1\" \/>\n<link rel=\"canonical\" href=\"https:\/\/loerakkerledline.nl\/de\/active-campaign-formular-dentalbroschuere\/\" \/>\n<meta property=\"og:locale\" content=\"de_DE\" \/>\n<meta property=\"og:type\" content=\"article\" \/>\n<meta property=\"og:title\" content=\"Active Campaign Formular - Dentalbrosch\u00fcre - Loerakker Ledline\" \/>\n<meta property=\"og:description\" content=\"Loerakker Dental: Bereit f\u00fcr ein neues Lichterlebnis? Geben Sie Ihre Daten unten ein und klicken Sie auf die Schaltfl\u00e4che &#8218;Brosch\u00fcre erhalten&#8216;. Sie erhalten dann sofort alle Informationen \u00fcber unsere einzigartigen Lichtl\u00f6sungen f\u00fcr die Zahnarztpraxis.\" \/>\n<meta property=\"og:url\" content=\"https:\/\/loerakkerledline.nl\/de\/active-campaign-formular-dentalbroschuere\/\" \/>\n<meta property=\"og:site_name\" content=\"Loerakker Ledline\" \/>\n<meta property=\"article:modified_time\" content=\"2025-08-27T07:46:20+00:00\" \/>\n<meta name=\"twitter:card\" content=\"summary_large_image\" \/>\n<script type=\"application\/ld+json\" class=\"yoast-schema-graph\">{\"@context\":\"https:\/\/schema.org\",\"@graph\":[{\"@type\":\"WebPage\",\"@id\":\"https:\/\/loerakkerledline.nl\/de\/active-campaign-formular-dentalbroschuere\/\",\"url\":\"https:\/\/loerakkerledline.nl\/de\/active-campaign-formular-dentalbroschuere\/\",\"name\":\"Active Campaign Formular - Dentalbrosch\u00fcre - Loerakker Ledline\",\"isPartOf\":{\"@id\":\"https:\/\/loerakkerledline.nl\/#website\"},\"datePublished\":\"2024-01-31T18:04:16+00:00\",\"dateModified\":\"2025-08-27T07:46:20+00:00\",\"breadcrumb\":{\"@id\":\"https:\/\/loerakkerledline.nl\/de\/active-campaign-formular-dentalbroschuere\/#breadcrumb\"},\"inLanguage\":\"de\",\"potentialAction\":[{\"@type\":\"ReadAction\",\"target\":[\"https:\/\/loerakkerledline.nl\/de\/active-campaign-formular-dentalbroschuere\/\"]}]},{\"@type\":\"BreadcrumbList\",\"@id\":\"https:\/\/loerakkerledline.nl\/de\/active-campaign-formular-dentalbroschuere\/#breadcrumb\",\"itemListElement\":[{\"@type\":\"ListItem\",\"position\":1,\"name\":\"Home\",\"item\":\"https:\/\/loerakkerledline.nl\/de\/\"},{\"@type\":\"ListItem\",\"position\":2,\"name\":\"Active Campaign Formular &#8211; Dentalbrosch\u00fcre\"}]},{\"@type\":\"WebSite\",\"@id\":\"https:\/\/loerakkerledline.nl\/#website\",\"url\":\"https:\/\/loerakkerledline.nl\/\",\"name\":\"Loerakker Ledline\",\"description\":\"\",\"potentialAction\":[{\"@type\":\"SearchAction\",\"target\":{\"@type\":\"EntryPoint\",\"urlTemplate\":\"https:\/\/loerakkerledline.nl\/?s={search_term_string}\"},\"query-input\":{\"@type\":\"PropertyValueSpecification\",\"valueRequired\":true,\"valueName\":\"search_term_string\"}}],\"inLanguage\":\"de\"}]}<\/script>\n<!-- \/ Yoast SEO plugin. -->","yoast_head_json":{"title":"Active Campaign Formular - Dentalbrosch\u00fcre - Loerakker Ledline","robots":{"index":"index","follow":"follow","max-snippet":"max-snippet:-1","max-image-preview":"max-image-preview:large","max-video-preview":"max-video-preview:-1"},"canonical":"https:\/\/loerakkerledline.nl\/de\/active-campaign-formular-dentalbroschuere\/","og_locale":"de_DE","og_type":"article","og_title":"Active Campaign Formular - Dentalbrosch\u00fcre - Loerakker Ledline","og_description":"Loerakker Dental: Bereit f\u00fcr ein neues Lichterlebnis? Geben Sie Ihre Daten unten ein und klicken Sie auf die Schaltfl\u00e4che &#8218;Brosch\u00fcre erhalten&#8216;. Sie erhalten dann sofort alle Informationen \u00fcber unsere einzigartigen Lichtl\u00f6sungen f\u00fcr die Zahnarztpraxis.","og_url":"https:\/\/loerakkerledline.nl\/de\/active-campaign-formular-dentalbroschuere\/","og_site_name":"Loerakker Ledline","article_modified_time":"2025-08-27T07:46:20+00:00","twitter_card":"summary_large_image","schema":{"@context":"https:\/\/schema.org","@graph":[{"@type":"WebPage","@id":"https:\/\/loerakkerledline.nl\/de\/active-campaign-formular-dentalbroschuere\/","url":"https:\/\/loerakkerledline.nl\/de\/active-campaign-formular-dentalbroschuere\/","name":"Active Campaign Formular - Dentalbrosch\u00fcre - Loerakker Ledline","isPartOf":{"@id":"https:\/\/loerakkerledline.nl\/#website"},"datePublished":"2024-01-31T18:04:16+00:00","dateModified":"2025-08-27T07:46:20+00:00","breadcrumb":{"@id":"https:\/\/loerakkerledline.nl\/de\/active-campaign-formular-dentalbroschuere\/#breadcrumb"},"inLanguage":"de","potentialAction":[{"@type":"ReadAction","target":["https:\/\/loerakkerledline.nl\/de\/active-campaign-formular-dentalbroschuere\/"]}]},{"@type":"BreadcrumbList","@id":"https:\/\/loerakkerledline.nl\/de\/active-campaign-formular-dentalbroschuere\/#breadcrumb","itemListElement":[{"@type":"ListItem","position":1,"name":"Home","item":"https:\/\/loerakkerledline.nl\/de\/"},{"@type":"ListItem","position":2,"name":"Active Campaign Formular &#8211; Dentalbrosch\u00fcre"}]},{"@type":"WebSite","@id":"https:\/\/loerakkerledline.nl\/#website","url":"https:\/\/loerakkerledline.nl\/","name":"Loerakker Ledline","description":"","potentialAction":[{"@type":"SearchAction","target":{"@type":"EntryPoint","urlTemplate":"https:\/\/loerakkerledline.nl\/?s={search_term_string}"},"query-input":{"@type":"PropertyValueSpecification","valueRequired":true,"valueName":"search_term_string"}}],"inLanguage":"de"}]}},"_links":{"self":[{"href":"https:\/\/loerakkerledline.nl\/de\/wp-json\/wp\/v2\/pages\/32779","targetHints":{"allow":["GET"]}}],"collection":[{"href":"https:\/\/loerakkerledline.nl\/de\/wp-json\/wp\/v2\/pages"}],"about":[{"href":"https:\/\/loerakkerledline.nl\/de\/wp-json\/wp\/v2\/types\/page"}],"author":[{"embeddable":true,"href":"https:\/\/loerakkerledline.nl\/de\/wp-json\/wp\/v2\/users\/9"}],"replies":[{"embeddable":true,"href":"https:\/\/loerakkerledline.nl\/de\/wp-json\/wp\/v2\/comments?post=32779"}],"version-history":[{"count":1,"href":"https:\/\/loerakkerledline.nl\/de\/wp-json\/wp\/v2\/pages\/32779\/revisions"}],"predecessor-version":[{"id":32780,"href":"https:\/\/loerakkerledline.nl\/de\/wp-json\/wp\/v2\/pages\/32779\/revisions\/32780"}],"wp:attachment":[{"href":"https:\/\/loerakkerledline.nl\/de\/wp-json\/wp\/v2\/media?parent=32779"}],"curies":[{"name":"wp","href":"https:\/\/api.w.org\/{rel}","templated":true}]}}